{"id":83,"date":"2019-02-14T12:40:33","date_gmt":"2019-02-14T11:40:33","guid":{"rendered":"http:\/\/www.frangoal.com\/?page_id=83"},"modified":"2025-01-22T15:26:20","modified_gmt":"2025-01-22T14:26:20","slug":"que-i-com-sapren-primaria","status":"publish","type":"page","link":"https:\/\/frangoal.com\/es\/oferta-educativa\/projecte-educatiu-de-centre\/primaria\/que-i-com-sapren-primaria","title":{"rendered":"\u00bfQu\u00e9 y c\u00f3mo se aprende?"},"content":{"rendered":"<div class=\"wpb-content-wrapper\"><p>[vc_row][vc_column][vc_column_text]<\/p>\n<h3><strong>\u00bfQU\u00c9 Y C\u00d3MO SE APRENDE?<\/strong><\/h3>\n<p>[\/vc_column_text][\/vc_column][\/vc_row][vc_row][vc_column width=\u00bb1\/2&#8243;][vc_column_text]<\/p>\n<p class=\"p1\" style=\"text-align: justify;\"><span class=\"s1\" style=\"color: #5b5b5b;\">La base del proceso de aprendizaje en la Educaci\u00f3n Primaria es el aprendizaje competencial. El alumnado ir\u00e1 aprendiendo a lo largo de toda su vida, por este motivo hemos de priorizar cu\u00e1les son los contenidos b\u00e1sicos y fomentar que sea \u00e9l, de forma aut\u00f3noma, quien vaya modelando su proceso de aprendizaje.<\/span><\/p>\n<p class=\"p1\" style=\"text-align: justify;\"><span class=\"s1\" style=\"color: #5b5b5b;\">Los conocimientos y estrategias b\u00e1sicas son aquellos que son \u00fatiles para:<\/span><\/p>\n<ul class=\"ul1\" style=\"text-align: justify;\">\n<li class=\"li1\"><span class=\"s1\" style=\"color: #5b5b5b;\">Obtener la comprensi\u00f3n b\u00e1sica de cada \u00e1mbito de conocimiento.<\/span><\/li>\n<li class=\"li1\"><span class=\"s1\" style=\"color: #5b5b5b;\">Seguir aprendiendo.<\/span><\/li>\n<li class=\"li1\"><span class=\"s1\" style=\"color: #5b5b5b;\">Comprender y actuar en el mundo actual.<\/span><\/li>\n<\/ul>\n<p class=\"p1\" style=\"text-align: justify;\"><span class=\"s1\" style=\"color: #5b5b5b;\">Podemos definir las caracter\u00edsticas de los aprendizajes competenciales para ser:<\/span><\/p>\n<ul class=\"ul1\">\n<li class=\"li1\" style=\"text-align: justify;\"><span class=\"s1\" style=\"color: #5b5b5b;\"><b>Transferibles<\/b>: se pueden utilizar en contextos diferentes.<\/span><\/li>\n<li class=\"li1\" style=\"text-align: justify;\"><span class=\"s1\" style=\"color: #5b5b5b;\"><b>Significativos y permanentes<\/b>: perduran y no se olvidan de seguida.<\/span><\/li>\n<li class=\"li1\" style=\"text-align: justify;\"><span class=\"s1\" style=\"color: #5b5b5b;\"><b>Productivos<\/b>: permiten realizar actividades que no son exclusivamente reproductivas o repetitivas.<\/span><\/li>\n<li class=\"li1\" style=\"text-align: justify;\"><span class=\"s1\" style=\"color: #5b5b5b;\"><strong>F<\/strong><b>uncionales<\/b>: permiten resolver problemas de la vida cotidiana.<\/span><\/li>\n<\/ul>\n<p>[\/vc_column_text][\/vc_column][vc_column width=\u00bb1\/2&#8243;][vc_single_image image=\u00bb1009&#8243; img_size=\u00bbfull\u00bb][\/vc_column][\/vc_row][vc_row][vc_column][vc_tta_tabs style=\u00bbmodern\u00bb active_section=\u00bb1&#8243;][vc_tta_section tab_id=\u00bb1551292644603-8395dd5b-8111&#8243; title=\u00bb<strong>METODOLOG\u00cdA<\/strong>\u00ab][vc_column_text]<\/p>\n<ul>\n<li class=\"li1\" style=\"text-align: justify;\"><span class=\"s2\" style=\"color: #5b5b5b;\">Se comparten con el alumnado los objetivos y los criterios de evaluaci\u00f3n (criterios de \u00e9xito).<\/span><\/li>\n<li class=\"li1\" style=\"text-align: justify;\"><span class=\"s2\" style=\"color: #5b5b5b;\">Parte de los intereses de los alumnos en todo el proceso o los tiene en cuenta.<\/span><\/li>\n<li class=\"li1\" style=\"text-align: justify;\"><span class=\"s2\" style=\"color: #5b5b5b;\">Los contenidos se trabajan de manera integrada, no fragmentada por \u00e1reas de conocimiento, y se relacionan con contextos reales o problemas cotidianos (aprendizaje aut\u00e9ntico).<\/span><\/li>\n<li class=\"li1\" style=\"text-align: justify;\"><span class=\"s2\" style=\"color: #5b5b5b;\">Las actividades responden a una secuencia did\u00e1ctica l\u00f3gica:<\/span>\n<ul class=\"ul1\">\n<li class=\"li1\"><span class=\"s2\" style=\"color: #5b5b5b;\">Exploraci\u00f3n de ideas previas<\/span><\/li>\n<li class=\"li1\"><span class=\"s2\" style=\"color: #5b5b5b;\">Introducci\u00f3n de nuevos contenidos<\/span><\/li>\n<li class=\"li1\"><span class=\"s2\" style=\"color: #5b5b5b;\">Estructuraci\u00f3n de los conocimientos<\/span><\/li>\n<li class=\"li1\"><span class=\"s2\" style=\"color: #5b5b5b;\">Aplicaci\u00f3n a la resoluci\u00f3n de problemas<\/span><\/li>\n<\/ul>\n<\/li>\n<\/ul>\n<ul>\n<li class=\"li1\" style=\"text-align: justify;\"><span class=\"s2\" style=\"color: #5b5b5b;\">Las actividades contienen muchos elementos de indagaci\u00f3n y b\u00fasqueda que suponen aplicar los conocimientos adquiridos. Se hacen m\u00e1s preguntas que no se dan respuestas.<\/span><\/li>\n<li class=\"li1\" style=\"text-align: justify;\"><span class=\"s2\" style=\"color: #5b5b5b;\">Plantea situaciones que a menudo no tienen una \u00fanica soluci\u00f3n. Provocan dilemas y controversias que fomentan la discusi\u00f3n entre los alumnos.<\/span><\/li>\n<li class=\"li1\" style=\"text-align: justify;\"><span class=\"s2\" style=\"color: #5b5b5b;\">Se prev\u00e9n tareas que comportan el uso de habilidades cognitivas de complejidad variada.<\/span><\/li>\n<li class=\"li1\" style=\"text-align: justify;\"><span class=\"s2\" style=\"color: #5b5b5b;\">Habitualmente requieren del trabajo en equipo (cooperativo o no), todo y que siempre hay una parte de investigaci\u00f3n y reflexi\u00f3n personales.<\/span><\/li>\n<li class=\"li1\" style=\"text-align: justify;\"><span class=\"s2\" style=\"color: #5b5b5b;\">Fomentan la autonom\u00eda del alumnado y que el alumno sea protagonista de sus aprendizajes.<\/span><\/li>\n<li class=\"li1\" style=\"text-align: justify;\"><span class=\"s2\" style=\"color: #5b5b5b;\">El maestro acompa\u00f1a, propone, regula, pregunta, introduce contenidos cuando son necesarios&#8230;<\/span><\/li>\n<li class=\"li1\" style=\"text-align: justify;\"><span class=\"s2\" style=\"color: #5b5b5b;\">Se fomenta la metacognici\u00f3n, el aprender a aprender, la autoregulaci\u00f3n. Se tiene en cuenta el proceso y no solo el resultado final.<\/span><\/li>\n<li class=\"li1\" style=\"text-align: justify;\"><span class=\"s2\" style=\"color: #5b5b5b;\">Se utilizan recursos y materiales diversos que estimulan la curiosidad y la creatividad en el alumnado.<\/span><\/li>\n<li class=\"li1\" style=\"text-align: justify;\"><span class=\"s2\" style=\"color: #5b5b5b;\">Se respetan los diferentes ritmos de trabajo del alumnado y se vela para que cada alumno d\u00e9 el m\u00e1ximo que pueda dentro de les sus posibilidades.<\/span><\/li>\n<li class=\"li1\" style=\"text-align: justify;\"><span class=\"s2\" style=\"color: #5b5b5b;\">Se prev\u00e9 dedicar tiempo para la coevaluaci\u00f3n o la puesta en com\u00fan de los aprendizajes entre los alumnos.<\/span><\/li>\n<li class=\"li1\" style=\"text-align: justify;\"><span class=\"s2\" style=\"color: #5b5b5b;\">Se prev\u00e9 el uso de estrategias para ayudar al alumnado a identificar lo que ha aprendido y para comprender las razones de sus dificultades.<\/span><\/li>\n<li class=\"li1\" style=\"text-align: justify;\"><span class=\"s2\" style=\"color: #5b5b5b;\">Se utiliza la conversaci\u00f3n para generar nuevas ideas, preguntas e hip\u00f3tesis, organizar informaciones&#8230;<\/span><\/li>\n<li class=\"li1\" style=\"text-align: justify;\"><span class=\"s2\" style=\"color: #5b5b5b;\">Al finalizar, se hacen servir din\u00e1micas o instrumentos para que los alumnos verbalicen qu\u00e9 han aprendido, identifiquen en qu\u00e9 han de mejorar y se faciliten herramientas y recursos para conseguirlo.<\/span><\/li>\n<\/ul>\n<p>[\/vc_column_text][\/vc_tta_section][vc_tta_section title=\u00bb<strong>COMPETENCIAS<\/strong>\u00bb tab_id=\u00bb1551292644616-8eba0f63-d009&#8243;][vc_column_text]<\/p>\n<p class=\"p1\"><span class=\"s1\" style=\"color: #5b5b5b;\">Las competencias b\u00e1sicas que los alumnos han de adquirir al acabar la ense\u00f1anza obligatoria son:<\/span><\/p>\n<ul>\n<li class=\"p1\"><span class=\"s1\" style=\"color: #5b5b5b;\">Competencia comunicativa, ling\u00fc\u00edstica i audiovisual.<\/span><\/li>\n<li class=\"p1\"><span class=\"s1\" style=\"color: #5b5b5b;\">Competencia matem\u00e1tica.<\/span><\/li>\n<li class=\"p1\"><span class=\"s1\" style=\"color: #5b5b5b;\">Competencia en el conocimiento y la interacci\u00f3n con el mundo f\u00edsico.<\/span><\/li>\n<li class=\"p1\"><span class=\"s1\" style=\"color: #5b5b5b;\">Competencia art\u00edstica y cultural.<\/span><\/li>\n<li class=\"p1\"><span class=\"s1\" style=\"color: #5b5b5b;\">Competencia digital.<\/span><\/li>\n<li class=\"p1\"><span class=\"s1\" style=\"color: #5b5b5b;\">Competencia social y ciudadana.<\/span><\/li>\n<li class=\"p1\"><span class=\"s1\" style=\"color: #5b5b5b;\">Competencia de aprender a aprender.<\/span><\/li>\n<li class=\"p1\"><span class=\"s1\" style=\"color: #5b5b5b;\">Competencia de autonom\u00eda, iniciativa personal y emprendimiento.<\/span><\/li>\n<\/ul>\n<p>[\/vc_column_text][\/vc_tta_section][vc_tta_section title=\u00bb<strong>OBJETIVOS<\/strong>\u00bb tab_id=\u00bb1551292674234-592ced6b-b247&#8243;][vc_column_text]<\/p>\n<p class=\"p1\" style=\"text-align: justify;\"><span class=\"s1\" style=\"color: #5b5b5b;\"><b>Aprender a ser y actuar de manera aut\u00f3noma<\/b> <\/span><\/p>\n<ul class=\"ul1\" style=\"text-align: justify;\">\n<li class=\"li1\"><span class=\"s1\" style=\"color: #5b5b5b;\">Trabajar el autoconocimiento, la construcci\u00f3n y la aceptaci\u00f3n de la propia identidad, la regulaci\u00f3n de las emociones, la autoexigencia y el desarrollo de estrategias de aprendizaje.<\/span><\/li>\n<li class=\"li1\"><span class=\"s1\" style=\"color: #5b5b5b;\">Pensamiento cr\u00edtico y de h\u00e1bitos responsables es esencial para aprender a ser y actuar de manera aut\u00f3noma.<\/span><\/li>\n<\/ul>\n<p class=\"p1\" style=\"text-align: justify;\"><span class=\"s1\" style=\"color: #5b5b5b;\"><b>Aprender a pensar y comunicar<\/b><\/span><\/p>\n<ul class=\"ul1\" style=\"text-align: justify;\">\n<li class=\"li1\"><span class=\"s1\" style=\"color: #5b5b5b;\">Buscar y gestionar informaci\u00f3n proveniente de diferentes fuentes y soportes; utilizar diferentes tipos de lenguajes (verbal, escrito, visual, corporal, digital\u2026) en la comunicaci\u00f3n de informaciones, sentimientos y conocimientos.<\/span><\/li>\n<li class=\"li1\"><span class=\"s1\" style=\"color: #5b5b5b;\">Trabajar de manera cooperativa y ser consciente de los propios aprendizajes favorecen la construcci\u00f3n del conocimiento y el desarrollo del pensamiento propios.<\/span><\/li>\n<\/ul>\n<p class=\"p1\" style=\"text-align: justify;\"><span class=\"s1\" style=\"color: #5b5b5b;\"><b>Aprender a descubrir y tener iniciativa<\/b><\/span><\/p>\n<ul class=\"ul1\" style=\"text-align: justify;\">\n<li class=\"li1\"><span class=\"s1\" style=\"color: #5b5b5b;\">Interpretar la realidad y establecer di\u00e1logos interactivos sobre hechos y situaciones favorecen la construcci\u00f3n de conocimientos m\u00e1s significativos y cada vez m\u00e1s complejos y el compromiso para implicarse en procesos de mejora.<\/span><\/li>\n<li class=\"li1\"><span class=\"s1\" style=\"color: #5b5b5b;\">Explorar, experimentar, formular preguntas y verificar hip\u00f3tesis, planificar y desarrollar proyectos y<\/span><span class=\"s1\" style=\"color: #5b5b5b;\"> buscar alternativas son elementos claves en los procesos de formaci\u00f3n del alumnado.<\/span><\/li>\n<\/ul>\n<p class=\"p1\" style=\"text-align: justify;\"><span class=\"s1\" style=\"color: #5b5b5b;\"><b>Aprender a convivir y habitar en el mundo<\/b><\/span><\/p>\n<ul class=\"ul1\">\n<li class=\"li1\" style=\"text-align: justify;\"><span class=\"s1\" style=\"color: #5b5b5b;\">La concienciaci\u00f3n para la pertenencia social y comunitaria, el respeto por la diversidad, el desarrollo de habilidades sociales, el funcionamiento participativo de la instituci\u00f3n escolar, el trabajo en equipo y la gesti\u00f3n positiva de los conflictos.<\/span><\/li>\n<li class=\"li1\" style=\"text-align: justify;\"><span class=\"s1\" style=\"color: #5b5b5b;\">El desarrollo de proyectos en com\u00fan favorece la cohesi\u00f3n social y la formaci\u00f3n de personas comprometidas y solidarias.<\/span><\/li>\n<\/ul>\n<p>[\/vc_column_text][\/vc_tta_section][\/vc_tta_tabs][\/vc_column][\/vc_row]<\/p>\n<\/div>","protected":false},"excerpt":{"rendered":"<p>[vc_row][vc_column][vc_column_text] \u00bfQU\u00c9 Y C\u00d3MO SE APRENDE? [\/vc_column_text][\/vc_column][\/vc_row][vc_row][vc_column width=\u00bb1\/2&#8243;][vc_column_text] La base del proceso de aprendizaje en la Educaci\u00f3n Primaria es el aprendizaje competencial. El alumnado ir\u00e1 aprendiendo a lo largo de toda su vida, por este motivo hemos de priorizar cu\u00e1les son los contenidos b\u00e1sicos y fomentar que sea \u00e9l, de forma aut\u00f3noma, quien vaya modelando [&hellip;]<\/p>\n","protected":false},"author":1,"featured_media":0,"parent":63,"menu_order":0,"comment_status":"closed","ping_status":"closed","template":"","meta":{"footnotes":""},"class_list":["post-83","page","type-page","status-publish","hentry"],"jetpack_sharing_enabled":true,"_links":{"self":[{"href":"https:\/\/frangoal.com\/es\/wp-json\/wp\/v2\/pages\/83","targetHints":{"allow":["GET"]}}],"collection":[{"href":"https:\/\/frangoal.com\/es\/wp-json\/wp\/v2\/pages"}],"about":[{"href":"https:\/\/frangoal.com\/es\/wp-json\/wp\/v2\/types\/page"}],"author":[{"embeddable":true,"href":"https:\/\/frangoal.com\/es\/wp-json\/wp\/v2\/users\/1"}],"replies":[{"embeddable":true,"href":"https:\/\/frangoal.com\/es\/wp-json\/wp\/v2\/comments?post=83"}],"version-history":[{"count":0,"href":"https:\/\/frangoal.com\/es\/wp-json\/wp\/v2\/pages\/83\/revisions"}],"up":[{"embeddable":true,"href":"https:\/\/frangoal.com\/es\/wp-json\/wp\/v2\/pages\/63"}],"wp:attachment":[{"href":"https:\/\/frangoal.com\/es\/wp-json\/wp\/v2\/media?parent=83"}],"curies":[{"name":"wp","href":"https:\/\/api.w.org\/{rel}","templated":true}]}}