{"id":61,"date":"2019-02-14T12:29:38","date_gmt":"2019-02-14T11:29:38","guid":{"rendered":"http:\/\/www.frangoal.com\/?page_id=61"},"modified":"2025-01-22T15:20:07","modified_gmt":"2025-01-22T14:20:07","slug":"infantil","status":"publish","type":"page","link":"https:\/\/frangoal.com\/es\/oferta-educativa\/projecte-educatiu-de-centre\/infantil","title":{"rendered":"Educaci\u00f3n Infantil"},"content":{"rendered":"<div class=\"wpb-content-wrapper\"><p>[vc_row][vc_column][vc_column_text]<\/p>\n<h3><strong>EDUCACI\u00d3N INFANTIL<\/strong><\/h3>\n<p>[\/vc_column_text][\/vc_column][\/vc_row][vc_row][vc_column width=\u00bb1\/2&#8243;][vc_column_text]<\/p>\n<p class=\"p1\" style=\"text-align: justify;\">Desde nuestra mirada inclusiva, nos adaptamos a la realidad de cada ni\u00f1o y ni\u00f1a, a su edad y a su ritmo de aprendizaje. Buscamos un crecimiento integral y el desarrollo, mediante experiencias motivadoras y vivenciales, de sus capacidades. Sin embargo, para mejorar el proceso de aprendizaje y la autoestima, incentivamos y velamos por cada una de las inteligencias m\u00faltiples de los ni\u00f1os.<\/p>\n<p class=\"p2\" style=\"text-align: justify;\"><span class=\"s1\">Nos basamos en momentos y ejes fundamentales:<\/span><\/p>\n<p>[\/vc_column_text][vc_tta_tabs][vc_tta_section title=\u00bbMOMENTOS\u00bb tab_id=\u00bb1551292311437-7d1b186d-12dc\u00bb][vc_column_text]<\/p>\n<ul class=\"ul1\">\n<li class=\"li1\" style=\"text-align: justify;\"><span class=\"s2\">Un primer momento de descubrimiento, de conversaci\u00f3n, de manipulaci\u00f3n libre de los materiales, de observaci\u00f3n&#8230;\u00a0<\/span><\/li>\n<li class=\"li1\" style=\"text-align: justify;\"><span class=\"s2\"><span class=\"s2\">Un segundo momento en que la maestra hace de gu\u00eda, de acompa\u00f1ante, hace preguntas, provoca dudas, retos &#8230;<\/span><\/span><\/li>\n<li class=\"li1\" style=\"text-align: justify;\"><span class=\"s2\"><span class=\"s2\">Un tercer momento de reflexi\u00f3n, de verbalizaci\u00f3n de los aprendizajes. De compartir conocimientos fomentando el aprendizaje entre iguales. Todos tenemos algo que decir.<\/span><\/span><span class=\"s2\">\u00a0<\/span><\/li>\n<\/ul>\n<p>[\/vc_column_text][\/vc_tta_section][vc_tta_section title=\u00bbEJES\u00bb tab_id=\u00bb1551292311449-d3e2d1b7-f2fb\u00bb][vc_column_text]<\/p>\n<ul class=\"ul1\">\n<li style=\"text-align: justify;\"><span class=\"s2\"><span class=\"s2\">Conocimiento de s\u00ed mismo y de los dem\u00e1s, que permite a los peque\u00f1os adquirir m\u00e1s autonom\u00eda, identidad personal, autoconocimiento y socializarse.<\/span><\/span><\/li>\n<li style=\"text-align: justify;\"><span class=\"s2\"><span class=\"s2\">Conocimiento del entorno, que les ayuda a razonar, representar e interpretar el mundo que les rodea.<\/span><\/span><\/li>\n<li class=\"li1\" style=\"text-align: justify;\"><span class=\"s2\"><span class=\"s2\">Comunicaci\u00f3n y lenguajes, para hablar, expresar, comunicar, crear e ir construyendo un pensamiento diferenciado.<\/span><\/span><span class=\"s2\">\u00a0<\/span><\/li>\n<\/ul>\n<p>[\/vc_column_text][\/vc_tta_section][\/vc_tta_tabs][\/vc_column][vc_column width=\u00bb1\/2&#8243;][vc_single_image image=\u00bb427&#8243; img_size=\u00bbfull\u00bb][\/vc_column][\/vc_row][vc_row][vc_column][\/vc_column][\/vc_row]<\/p>\n<\/div>","protected":false},"excerpt":{"rendered":"<p>[vc_row][vc_column][vc_column_text] EDUCACI\u00d3N INFANTIL [\/vc_column_text][\/vc_column][\/vc_row][vc_row][vc_column width=\u00bb1\/2&#8243;][vc_column_text] Desde nuestra mirada inclusiva, nos adaptamos a la realidad de cada ni\u00f1o y ni\u00f1a, a su edad y a su ritmo de aprendizaje. Buscamos un crecimiento integral y el desarrollo, mediante experiencias motivadoras y vivenciales, de sus capacidades. Sin embargo, para mejorar el proceso de aprendizaje y la autoestima, incentivamos [&hellip;]<\/p>\n","protected":false},"author":1,"featured_media":0,"parent":58,"menu_order":0,"comment_status":"closed","ping_status":"closed","template":"","meta":{"footnotes":""},"class_list":["post-61","page","type-page","status-publish","hentry"],"jetpack_sharing_enabled":true,"_links":{"self":[{"href":"https:\/\/frangoal.com\/es\/wp-json\/wp\/v2\/pages\/61","targetHints":{"allow":["GET"]}}],"collection":[{"href":"https:\/\/frangoal.com\/es\/wp-json\/wp\/v2\/pages"}],"about":[{"href":"https:\/\/frangoal.com\/es\/wp-json\/wp\/v2\/types\/page"}],"author":[{"embeddable":true,"href":"https:\/\/frangoal.com\/es\/wp-json\/wp\/v2\/users\/1"}],"replies":[{"embeddable":true,"href":"https:\/\/frangoal.com\/es\/wp-json\/wp\/v2\/comments?post=61"}],"version-history":[{"count":0,"href":"https:\/\/frangoal.com\/es\/wp-json\/wp\/v2\/pages\/61\/revisions"}],"up":[{"embeddable":true,"href":"https:\/\/frangoal.com\/es\/wp-json\/wp\/v2\/pages\/58"}],"wp:attachment":[{"href":"https:\/\/frangoal.com\/es\/wp-json\/wp\/v2\/media?parent=61"}],"curies":[{"name":"wp","href":"https:\/\/api.w.org\/{rel}","templated":true}]}}