{"id":432,"date":"2019-02-15T13:45:08","date_gmt":"2019-02-15T12:45:08","guid":{"rendered":"http:\/\/www.frangoal.com\/?page_id=432"},"modified":"2026-04-15T10:17:06","modified_gmt":"2026-04-15T09:17:06","slug":"home-2","status":"publish","type":"page","link":"https:\/\/frangoal.com\/es\/","title":{"rendered":"Home"},"content":{"rendered":"<div class=\"wpb-content-wrapper\"><p>[vc_row][vc_column][rev_slider_vc alias=\u00bbhomeslider\u00bb][vc_separator color=\u00bbblack\u00bb border_width=\u00bb2&#8243; el_width=\u00bb70&#8243;][vc_empty_space][vc_row_inner disable_element=\u00bbyes\u00bb][vc_column_inner width=\u00bb1\/2&#8243;][vc_column_text css=\u00bb\u00bb]<\/p>\n<h2 style=\"text-align: center;\">LISTADO DE ASIGNADOS Y LISTA DE ESPERA<\/h2>\n<p>[\/vc_column_text][\/vc_column_inner][vc_column_inner width=\u00bb1\/2&#8243;][vc_btn title=\u00bbLISTADO ASIGNADOS\u00bb color=\u00bbdanger\u00bb size=\u00bblg\u00bb align=\u00bbcenter\u00bb css_animation=\u00bbbounceIn\u00bb css=\u00bb\u00bb link=\u00bburl:https%3A%2F%2Ffrangoal.com%2Fwp-content%2Fuploads%2F2025%2F06%2FASIGNADOS.pdf|title:LISTADO|target:_blank|rel:nofollow\u00bb][vc_btn title=\u00bbLISTA DE ESPERA\u00bb color=\u00bbdanger\u00bb size=\u00bblg\u00bb align=\u00bbcenter\u00bb css_animation=\u00bbbounceIn\u00bb css=\u00bb\u00bb link=\u00bburl:https%3A%2F%2Ffrangoal.com%2Fwp-content%2Fuploads%2F2025%2F06%2FLISTA-ESPERA.pdf|title:LISTADO|target:_blank|rel:nofollow\u00bb][vc_single_image image=\u00bb15644&#8243; img_size=\u00bbmedium\u00bb][\/vc_column_inner][\/vc_row_inner][vc_row_inner equal_height=\u00bbyes\u00bb content_placement=\u00bbmiddle\u00bb disable_element=\u00bbyes\u00bb][vc_column_inner width=\u00bb5\/12&#8243; css=\u00bb.vc_custom_1656316891525{margin: 0px !important;border: 2px solid #000000 !important;border-radius: 10px !important;}\u00bb][vc_single_image image=\u00bb14988&#8243; img_size=\u00bbmedium\u00bb alignment=\u00bbcenter\u00bb style=\u00bbvc_box_rounded\u00bb css_animation=\u00bbfadeInLeft\u00bb][vc_empty_space height=\u00bb52px\u00bb][vc_column_text css=\u00bb\u00bb]<\/p>\n<p style=\"text-align: center;\"><span style=\"text-decoration: underline; font-size: 18pt; font-family: arial, helvetica, sans-serif;\"><span style=\"color: #0000ff; text-decoration: underline;\">ACCESO A LA WEB DE COMPRA<\/span><\/span><\/p>\n<p style=\"text-align: center;\"><span style=\"text-decoration: underline; font-size: 18pt; font-family: arial, helvetica, sans-serif;\"><span style=\"color: #0000ff; text-decoration: underline;\">LIBROS CURSO 25-26<\/span><\/span><\/p>\n<p>[\/vc_column_text][vc_empty_space height=\u00bb2px\u00bb][vc_btn title=\u00bbINSTRUCCIONES PARA REALIZAR LA COMPRA (PDF)\u00bb color=\u00bbprimary\u00bb size=\u00bblg\u00bb align=\u00bbcenter\u00bb css_animation=\u00bbbounceIn\u00bb link=\u00bburl:https%3A%2F%2Ffrangoal.com%2Fwp-content%2Fuploads%2F2024%2F06%2FCOMPRADELIBROSCASv3.pdf|target:_blank|rel:nofollow\u00bb][vc_btn title=\u00bbC\u00d3MO DESCARGAR EL VALE ESCOLAR\u00bb color=\u00bbpurple\u00bb size=\u00bblg\u00bb align=\u00bbcenter\u00bb css_animation=\u00bbbounceIn\u00bb link=\u00bburl:https%3A%2F%2Ffrangoal.com%2Fwp-content%2Fuploads%2F2024%2F06%2FCOMO-DESCARGAR-EL-VALE-ESCOLAR.pdf|target:_blank|rel:nofollow\u00bb][vc_btn title=\u00bbACCESO A LA TIENDA\u00bb color=\u00bbdanger\u00bb size=\u00bblg\u00bb align=\u00bbcenter\u00bb css_animation=\u00bbbounceIn\u00bb css=\u00bb\u00bb link=\u00bburl:https%3A%2F%2Fgestio.llibrestext.com%2Fpedido%2F3970784e6a4f4d36314b3472417764|target:_blank|rel:nofollow\u00bb][\/vc_column_inner][vc_column_inner width=\u00bb2\/12&#8243;][\/vc_column_inner][vc_column_inner width=\u00bb5\/12&#8243; css=\u00bb.vc_custom_1656317563561{border: 2px solid #000000 !important;border-radius: 10px !important;}\u00bb][vc_single_image image=\u00bb15026&#8243; img_size=\u00bblarge\u00bb alignment=\u00bbcenter\u00bb style=\u00bbvc_box_rounded\u00bb css_animation=\u00bbfadeInRight\u00bb][vc_column_text css=\u00bb\u00bb]<\/p>\n<p style=\"text-align: center;\"><span style=\"text-decoration: underline;\"><span style=\"font-family: verdana, geneva, sans-serif; font-size: 18pt; color: #0000ff; text-decoration: underline;\">ACCESO A LA WEB DE COMPRA<\/span><\/span><\/p>\n<p style=\"text-align: center;\"><span style=\"text-decoration: underline;\"><span style=\"font-family: verdana, geneva, sans-serif; font-size: 18pt; color: #0000ff; text-decoration: underline;\">ORDENADOR PORT\u00c1TIL<\/span><\/span><\/p>\n<p style=\"text-align: center;\"><strong><span style=\"color: #ff0000;\"><span style=\"font-family: verdana, geneva, sans-serif; font-size: 18pt;\">(<\/span><span style=\"text-decoration: underline;\"><span style=\"font-family: verdana, geneva, sans-serif; font-size: 18pt;\">S\u00d3LO 1\u00baESO<\/span><\/span><span style=\"font-family: verdana, geneva, sans-serif; font-size: 18pt;\">)<\/span><\/span><\/strong><\/p>\n<p style=\"text-align: center;\"><strong><span style=\"color: #ff0000;\"><span style=\"font-size: 14pt;\">(Y NUEVOS ALUMNOS DE 2\u00ba, 3\u00ba Y 4\u00ba DE ESO)<\/span><\/span><\/strong><\/p>\n<p>[\/vc_column_text][vc_btn title=\u00bbINSTRUCCIONES PARA REALIZAR LA COMPRA (PDF)\u00bb color=\u00bbprimary\u00bb size=\u00bblg\u00bb align=\u00bbcenter\u00bb css_animation=\u00bbbounceIn\u00bb css=\u00bb\u00bb link=\u00bburl:https%3A%2F%2Ffrangoal.com%2Fwp-content%2Fuploads%2F2025%2F06%2FHacer-un-pedidoXENON2025.pdf|target:_blank|rel:nofollow\u00bb][vc_btn title=\u00bbACCESO A LA TIENDA\u00bb color=\u00bbdanger\u00bb size=\u00bblg\u00bb align=\u00bbcenter\u00bb css_animation=\u00bbbounceIn\u00bb link=\u00bburl:https%3A%2F%2Fproyectos.xenon.es%2Fes%2F|target:_blank|rel:nofollow\u00bb][\/vc_column_inner][\/vc_row_inner][vc_row_inner disable_element=\u00bbyes\u00bb][vc_column_inner][vc_btn title=\u00bbINFORMACI\u00d3N PREINSCRIPCIONES 2021\/2022 ACTUALIZADA\u00bb style=\u00bboutline-custom\u00bb outline_custom_color=\u00bb#0000b4&#8243; outline_custom_hover_background=\u00bb#0000b4&#8243; outline_custom_hover_text=\u00bb#ffffff\u00bb shape=\u00bbround\u00bb size=\u00bblg\u00bb align=\u00bbcenter\u00bb link=\u00bburl:https%3A%2F%2Ffrangoal.com%2Fes%2Fpreinscripciones|title:PREINSCRIPCIONES%202021%2F2022&#8243;][\/vc_column_inner][\/vc_row_inner][vc_row_inner content_placement=\u00bbmiddle\u00bb disable_element=\u00bbyes\u00bb css=\u00bb.vc_custom_1776244500081{background-position: center !important;background-repeat: no-repeat !important;background-size: cover !important;}\u00bb][vc_column_inner width=\u00bb1\/2&#8243;][vc_single_image image=\u00bb17454&#8243; img_size=\u00bblarge\u00bb onclick=\u00bbcustom_link\u00bb css=\u00bb\u00bb link=\u00bbhttps:\/\/frangoal.com\/es\/preinscripciones\u00bb][\/vc_column_inner][vc_column_inner width=\u00bb1\/2&#8243;][vc_btn title=\u00bbINF\u00d3RMATE AQU\u00cd!!!\u00bb color=\u00bbdanger\u00bb size=\u00bblg\u00bb align=\u00bbcenter\u00bb css_animation=\u00bbbounceIn\u00bb css=\u00bb\u00bb link=\u00bburl:https%3A%2F%2Ffrangoal.com%2Fes%2Fpreinscripciones|title:PREINSCRIPCI%C3%93N\u00bb][vc_single_image image=\u00bb15644&#8243; img_size=\u00bbmedium\u00bb][\/vc_column_inner][\/vc_row_inner][\/vc_column][\/vc_row][vc_row][vc_column][vc_single_image image=\u00bb17515&#8243; img_size=\u00bbLARGE\u00bb onclick=\u00bbcustom_link\u00bb img_link_target=\u00bb_blank\u00bb css=\u00bb\u00bb link=\u00bbhttps:\/\/frangoal.com\/wp-content\/uploads\/2026\/04\/CASAL2026.pdf\u00bb][\/vc_column][\/vc_row][vc_row disable_element=\u00bbyes\u00bb][vc_column width=\u00bb1\/2&#8243;][vc_single_image image=\u00bb17384&#8243; img_size=\u00bblarge\u00bb alignment=\u00bbcenter\u00bb style=\u00bbvc_box_border\u00bb css=\u00bb.vc_custom_1768906866821{border-color: #000000 !important;}\u00bb][\/vc_column][vc_column width=\u00bb1\/2&#8243;][vc_column_text css=\u00bb\u00bb]<\/p>\n<h2><strong><span style=\"font-size: 24pt;\">Ven a conocernos&#8230;<\/span><\/strong><\/h2>\n<p>&nbsp;<\/p>\n<p id=\"tw-target-text\" class=\"tw-data-text tw-text-large tw-ta\" dir=\"ltr\" tabindex=\"-1\" role=\"text\" data-placeholder=\"Traducci\u00f3n\" data-ved=\"2ahUKEwjEw8bHrY2SAxVlOPsDHQ2jDQ4Q3ewLegQIDRAW\" aria-label=\"Texto traducido: Vols con\u00e8ixer la nostra escola? Fes clic aqu\u00ed i reserva la teva visita presonalitzada!!!\"><span class=\"Y2IQFc\" lang=\"ca\" style=\"font-family: georgia, palatino, serif; font-size: 18pt;\">\u00bfQuieres conocer nuestra escuela? \u00a1Haz click aqu\u00ed y reserva ya tu visita personalizada!<\/span><\/p>\n<p>[\/vc_column_text][vc_btn title=\u00bbRESERVA TU VISITA PERSONAL\u00bb shape=\u00bbround\u00bb color=\u00bbdanger\u00bb align=\u00bbcenter\u00bb css_animation=\u00bbfadeIn\u00bb css=\u00bb\u00bb link=\u00bburl:https%3A%2F%2Ffrangoal.com%2Fes%2Fformulario_visitas|title:FORMULARIO%20VISITAS|rel:nofollow\u00bb][vc_empty_space height=\u00bb50px\u00bb][vc_separator border_width=\u00bb2&#8243; css=\u00bb\u00bb][vc_row_inner][vc_column_inner width=\u00bb1\/2&#8243;][vc_column_text css=\u00bb\u00bb]<\/p>\n<p style=\"text-align: center;\"><span style=\"font-family: georgia, palatino, serif;\">Mientras, aqu\u00ed puedes realizar una visita virtual al centro.<\/span><\/p>\n<p>[\/vc_column_text][\/vc_column_inner][vc_column_inner width=\u00bb1\/2&#8243;][vc_column_text css=\u00bb\u00bb]<\/p>\n<p style=\"text-align: center;\"><span style=\"font-family: georgia, palatino, serif;\">Y saber m\u00e1s sobre nosotros.<\/span><\/p>\n<p>[\/vc_column_text][\/vc_column_inner][\/vc_row_inner][vc_row_inner][vc_column_inner width=\u00bb1\/2&#8243;][vc_btn title=\u00bbVISITA VIRTUAL\u00bb shape=\u00bbsquare\u00bb color=\u00bbinfo\u00bb align=\u00bbcenter\u00bb css_animation=\u00bbfadeIn\u00bb css=\u00bb\u00bb link=\u00bburl:https%3A%2F%2Ffrangoal.com%2FVisita%2Findex.html|title:VISITA%20VIRTUAL|rel:nofollow\u00bb][\/vc_column_inner][vc_column_inner width=\u00bb1\/2&#8243;][vc_btn title=\u00bbLA ESCUELA EN CIFRAS\u00bb shape=\u00bbsquare\u00bb color=\u00bbinfo\u00bb align=\u00bbcenter\u00bb css_animation=\u00bbfadeIn\u00bb css=\u00bb\u00bb link=\u00bburl:https%3A%2F%2Ffrangoal.com%2Fes%2Flescola%2Flescola-en-xifres|title:INFO|rel:nofollow\u00bb][\/vc_column_inner][\/vc_row_inner][vc_row_inner disable_element=\u00bbyes\u00bb][vc_column_inner][vc_column_text css=\u00bb\u00bb]<span style=\"font-size: 18pt; font-family: georgia, palatino, serif;\">O, si lo prefieres, asiste a nuestras jornadas de puertas abiertas. <\/span><\/p>\n<p><span style=\"font-size: 18pt; font-family: georgia, palatino, serif;\">\u00a1\u00a1\u00a1Te esperamos!!!<\/span>[\/vc_column_text][vc_btn title=\u00bbINSCR\u00cdBETE EN NUESTRAS PUERTAS ABIERTAS\u00bb shape=\u00bbround\u00bb color=\u00bbdanger\u00bb align=\u00bbcenter\u00bb css_animation=\u00bbfadeIn\u00bb css=\u00bb\u00bb link=\u00bburl:https%3A%2F%2Ffrangoal.com%2Fes%2Fformulari-portes-obertes-2|title:FORMULARIO%20VISITAS|rel:nofollow\u00bb][\/vc_column_inner][\/vc_row_inner][\/vc_column][\/vc_row][vc_row css=\u00bb.vc_custom_1588792659403{padding-top: 20px !important;}\u00bb][vc_column][vc_column_text]<\/p>\n<h2 style=\"text-align: center;\"><strong>\u00daLTIMAS NOTICIAS<\/strong><\/h2>\n<p>[\/vc_column_text][\/vc_column][\/vc_row][vc_row css=\u00bb.vc_custom_1588792659403{padding-top: 20px !important;}\u00bb][vc_column][vc_column_text]<\/p>\n<h2 style=\"text-align: center;\"><strong>\u00daLTIMAS NOTICIAS<\/strong><\/h2>\n<p>[\/vc_column_text][\/vc_column][\/vc_row][vc_row css=\u00bb.vc_custom_1588792659403{padding-top: 20px !important;}\u00bb][vc_column][vc_column_text]<\/p>\n<h2 style=\"text-align: center;\"><strong>\u00daLTIMAS NOTICIAS<\/strong><\/h2>\n<p>[\/vc_column_text][\/vc_column][\/vc_row][vc_row css=\u00bb.vc_custom_1588792659403{padding-top: 20px !important;}\u00bb][vc_column][vc_column_text]<\/p>\n<h2 style=\"text-align: center;\"><strong>\u00daLTIMAS NOTICIAS<\/strong><\/h2>\n<p>[\/vc_column_text][\/vc_column][\/vc_row][vc_row css=\u00bb.vc_custom_1588792659403{padding-top: 20px !important;}\u00bb][vc_column][vc_column_text]<\/p>\n<h2 style=\"text-align: center;\"><strong>\u00daLTIMAS NOTICIAS<\/strong><\/h2>\n<p>[\/vc_column_text][\/vc_column][\/vc_row][vc_row css=\u00bb.vc_custom_1588792659403{padding-top: 20px !important;}\u00bb][vc_column][vc_column_text]<\/p>\n<h2 style=\"text-align: center;\"><strong>\u00daLTIMAS NOTICIAS<\/strong><\/h2>\n<p>[\/vc_column_text][\/vc_column][\/vc_row][vc_row css=\u00bb.vc_custom_1588792636275{padding-top: 20px !important;padding-bottom: 20px !important;}\u00bb][vc_column][vc_basic_grid post_type=\u00bbpost\u00bb max_items=\u00bb4&#8243; style=\u00bbload-more\u00bb items_per_page=\u00bb4&#8243; show_filter=\u00bbyes\u00bb element_width=\u00bb3&#8243; item=\u00bbbasicGrid_ScaleInWithRotation\u00bb grid_id=\u00bbvc_gid:1776244518216-838e7b6d-e6d4-1&#8243; filter_source=\u00bbcategory\u00bb][\/vc_column][\/vc_row][vc_row][vc_column width=\u00bb1\/2&#8243;][vc_empty_space][vc_single_image image=\u00bb17168&#8243; img_size=\u00bbLARGE\u00bb alignment=\u00bbcenter\u00bb onclick=\u00bbcustom_link\u00bb img_link_target=\u00bb_blank\u00bb css_animation=\u00bbbounceInUp\u00bb css=\u00bb\u00bb link=\u00bbhttps:\/\/giaclient.peretarres.org\/Account\/Login?ReturnUrl=%2Fca%2Fprocesinscripcio%2Factivitat%2FI0054%2F2025&#8243;][\/vc_column][vc_column width=\u00bb1\/2&#8243;][vc_column_text css=\u00bb\u00bb]<span style=\"font-size: 18pt;\">El centro ha participado en el Programa C\u00f3digo Escuela 4.0 (programa financiado por el Ministerio de Educaci\u00f3n, Formaci\u00f3n Profesional y Deportes) y que ha supuesto una dotaci\u00f3n de 20.000 \u20ac, con el fin de adquirir equipamiento de rob\u00f3tica, programaci\u00f3n y lenguaje computacional. Este equipamiento ya se encuentra en el centro y los alumnos lo est\u00e1n utilizando con resultados muy satisfactorios.<\/span>[\/vc_column_text][\/vc_column][\/vc_row][vc_row css=\u00bb.vc_custom_1588844608054{padding-top: 100px !important;}\u00bb][vc_column css_animation=\u00bbbounceIn\u00bb][vc_video link=\u00bbhttps:\/\/youtu.be\/FahBi0KJsxI\u00bb align=\u00bbcenter\u00bb css=\u00bb\u00bb][vc_empty_space height=\u00bb50px\u00bb][\/vc_column][\/vc_row][vc_row disable_element=\u00bbyes\u00bb css=\u00bb.vc_custom_1606811317394{padding-bottom: 20px !important;}\u00bb][vc_column width=\u00bb1\/2&#8243;][vc_video link=\u00bbhttps:\/\/youtu.be\/I7h-svrJckk\u00bb][\/vc_column][vc_column width=\u00bb1\/2&#8243;][vc_column_text]<\/p>\n<div id=\"lipsum\">\n<h2><span style=\"color: #000000;\">INFORMACI\u00d3N PREINSCRIPCI\u00d3N 2020-2021 ACTUALIZADA<\/span><\/h2>\n<h2><span style=\"color: #000000;\"><span style=\"font-size: 12pt;\">Estimadas<\/span> <span style=\"font-size: 12pt;\">familias,<\/span><\/span><br \/>\n<span style=\"color: #000000;\"><span style=\"font-size: 12pt;\">Esperamos que tanto vosotros como vuestro entorno est\u00e9is bien de salud y llevando <\/span><span style=\"font-size: 12pt;\">esta situaci\u00f3n excepcional de la mejor manera posible.<\/span><\/span><br \/>\n<span style=\"color: #000000;\"><span style=\"font-size: 12pt;\">En referencia al tema de las preinscripciones, para aquellos de vosotros cuyos hijos <\/span><span style=\"font-size: 12pt;\">INICIEN el pr\u00f3ximo curso la escolarizaci\u00f3n en nuestro centro, ahora que disponemos <\/span><span style=\"font-size: 12pt;\">de m\u00e1s informaci\u00f3n, os comunicamos:<\/span><\/span><br \/>\n<span style=\"color: #000000;\"><span style=\"font-size: 12pt;\"><strong>A partir del 13 de mayo y hasta el 22 del mismo mes<\/strong>, se podr\u00e1 realizar la <\/span><span style=\"font-size: 12pt;\"><strong>PREINSCRIPCI\u00d3N<\/strong> escolar para el segundo ciclo de Educaci\u00f3n Infantil (P3), Educaci\u00f3n<\/span><\/span><br \/>\n<span style=\"color: #000000;\"><span style=\"font-size: 12pt;\">Primaria y Educaci\u00f3n Secundaria Obligatoria (ESO). Un proceso que, este a\u00f1o a causa de <\/span><span style=\"font-size: 12pt;\">las circunstancias extraordinarias, tendr\u00e1 unos d\u00edas espec\u00edficos para atender las <\/span><span style=\"font-size: 12pt;\">preinscripciones presenciales.<\/span><\/span><\/h2>\n<h2><\/h2>\n<\/div>\n<p>[\/vc_column_text][vc_btn title=\u00bbM\u00c1S INFORMACI\u00d3N SOBRE LA PREINSCRIPCI\u00d3N\u00bb color=\u00bbgreen\u00bb align=\u00bbcenter\u00bb i_icon_fontawesome=\u00bbfar fa-edit\u00bb button_block=\u00bbtrue\u00bb add_icon=\u00bbtrue\u00bb link=\u00bburl:https%3A%2F%2Ffrangoal.com%2Fes%2Fpreinscripcions-2020-2021|||\u00bb][\/vc_column][\/vc_row][vc_row disable_element=\u00bbyes\u00bb css=\u00bb.vc_custom_1606811325426{padding-bottom: 20px !important;}\u00bb][vc_column width=\u00bb1\/2&#8243;][vc_single_image image=\u00bb11459&#8243; img_size=\u00bblarge\u00bb][\/vc_column][vc_column width=\u00bb1\/2&#8243;][vc_column_text]<\/p>\n<h2>PUERTAS ABIERTAS VIRTUALES ED. INFANTIL Y ED. PRIMARIA<\/h2>\n<p>Queremos ser la escuela de vuestros peque\u00f1os tesoros<\/p>\n<p>Alba, Marc, Cloe, Bruno, Gino son ya alumnos del colegio y os invitan a conocernos; les gustar\u00eda que vuestros hijos pudieran compartir con ellos un Proyecto Educativo lleno de aventura, de emociones y de experimentos.<\/p>\n<p>Somos un colegio donde todos somos diferentes y, por ello, la atenci\u00f3n a la diversidad es una de nuestras se\u00f1as de identidad. Cada ni\u00f1o y ni\u00f1a va trazando su camino de aprendizaje. Nosotros somos los compa\u00f1eros que les ense\u00f1amos a mirar, a disfrutar y a compartir con los otros peque\u00f1os.<\/p>\n<p>Las emociones, el juego y la experimentaci\u00f3n son la base de nuestro proyecto. Aprendemos desde la ilusi\u00f3n y la sonrisa. Crear un buen ambiente donde cada ni\u00f1o se sienta el protagonista es esencial para hacer que el cole sea su casa, un lugar donde se sienta seguro, querido. As\u00ed, seguro que aprender\u00e1. Tendr\u00e1 ganas de descubrir.<\/p>\n<p>\u00a1Nos gustar\u00eda contaros tantas cosas\u2026! Pero, desgraciadamente, la situaci\u00f3n sanitaria no nos lo permite de forma presencial. Toda la informaci\u00f3n la ten\u00e9is en la web, pero, si quer\u00e9is, os invitamos a estar con nosotros en una videoconferencia donde podamos contestar vuestras preguntas e intentar solucionar vuestras dudas.<\/p>\n<p>A continuaci\u00f3n, ten\u00e9is unos enlaces para elegir el d\u00eda y la hora que os va mejor para una entrevista virtual.<\/p>\n<p>Os esperamos.[\/vc_column_text][vc_btn title=\u00bbFormulario videoconferencia Ed. Infantil y Ed. Primaria\u00bb color=\u00bbturquoise\u00bb align=\u00bbcenter\u00bb link=\u00bburl:https%3A%2F%2Fforms.office.com%2FPages%2FResponsePage.aspx%3Fid%3D3dYpe65RSUWFPBhfMXKSTdIIJevia4lCkqKUKK7MDelUQU5BRUM3QUgwRURMU0xUR0FKSkpaN01IQi4u||target:%20_blank|rel:nofollow\u00bb][\/vc_column][\/vc_row][vc_row disable_element=\u00bbyes\u00bb][vc_column width=\u00bb1\/2&#8243;][vc_column_text]<\/p>\n<p>[\/vc_column_text][vc_video link=\u00bbhttps:\/\/youtu.be\/a516U14udAE\u00bb][\/vc_column][vc_column width=\u00bb1\/2&#8243;][vc_column_text]<\/p>\n<h2>PUERTAS ABIERTAS VIRTUALES E.S.O.<\/h2>\n<p>Un Centro de Secundaria donde te sentir\u00e1s el actor principal.<\/p>\n<div>Si est\u00e1 buscando un colegio donde no ser un n\u00famero, donde intenten comprenderte y acompa\u00f1arte, creemos que podemos ser tu escuela para el pr\u00f3ximo curso.<\/div>\n<div>\u00a1Nos gustar\u00eda contaros tantas cosas ! Pero, desgraciadamente, la situaci\u00f3n sanitaria no nos lo permite de forma presencial. Toda la informaci\u00f3n la ten\u00e9is en nuestra web; sin embargo, os invitamos a estar con nosotros en una videoconferencia donde podamos contestar vuestras preguntas e intentar solucionar vuestras dudas. A esta reuni\u00f3n est\u00e1is invitados familias y alumnos. Nos encantar\u00eda conoceros.<\/div>\n<p>A continuaci\u00f3n, ten\u00e9is unos enlaces para elegir el d\u00eda y la hora que os va mejor para una entrevista virtual.[\/vc_column_text][vc_btn title=\u00bbFormulario videoconferencia E.S.O.\u00bb color=\u00bbblue\u00bb align=\u00bbcenter\u00bb link=\u00bburl:https%3A%2F%2Fforms.office.com%2FPages%2FResponsePage.aspx%3Fid%3D3dYpe65RSUWFPBhfMXKSTdIIJevia4lCkqKUKK7MDelURUJMQzdUTTlGVzhQVFo0Ulk4S0JWMTRCSS4u||target:%20_blank|rel:nofollow\u00bb][\/vc_column][\/vc_row][vc_row][vc_column][vc_single_image image=\u00bb16383&#8243; alignment=\u00bbright\u00bb css_animation=\u00bbfadeIn\u00bb][\/vc_column][\/vc_row]<\/p>\n<\/div>","protected":false},"excerpt":{"rendered":"<p>[vc_row][vc_column][rev_slider_vc alias=\u00bbhomeslider\u00bb][vc_separator color=\u00bbblack\u00bb border_width=\u00bb2&#8243; el_width=\u00bb70&#8243;][vc_empty_space][vc_row_inner disable_element=\u00bbyes\u00bb][vc_column_inner width=\u00bb1\/2&#8243;][vc_column_text css=\u00bb\u00bb] LISTADO DE ASIGNADOS Y LISTA DE ESPERA [\/vc_column_text][\/vc_column_inner][vc_column_inner width=\u00bb1\/2&#8243;][vc_btn title=\u00bbLISTADO ASIGNADOS\u00bb color=\u00bbdanger\u00bb size=\u00bblg\u00bb align=\u00bbcenter\u00bb css_animation=\u00bbbounceIn\u00bb css=\u00bb\u00bb link=\u00bburl:https%3A%2F%2Ffrangoal.com%2Fwp-content%2Fuploads%2F2025%2F06%2FASIGNADOS.pdf|title:LISTADO|target:_blank|rel:nofollow\u00bb][vc_btn title=\u00bbLISTA DE ESPERA\u00bb color=\u00bbdanger\u00bb size=\u00bblg\u00bb align=\u00bbcenter\u00bb css_animation=\u00bbbounceIn\u00bb css=\u00bb\u00bb link=\u00bburl:https%3A%2F%2Ffrangoal.com%2Fwp-content%2Fuploads%2F2025%2F06%2FLISTA-ESPERA.pdf|title:LISTADO|target:_blank|rel:nofollow\u00bb][vc_single_image image=\u00bb15644&#8243; img_size=\u00bbmedium\u00bb][\/vc_column_inner][\/vc_row_inner][vc_row_inner equal_height=\u00bbyes\u00bb content_placement=\u00bbmiddle\u00bb disable_element=\u00bbyes\u00bb][vc_column_inner width=\u00bb5\/12&#8243; css=\u00bb.vc_custom_1656316891525{margin: 0px !important;border: 2px solid #000000 !important;border-radius: 10px !important;}\u00bb][vc_single_image image=\u00bb14988&#8243; img_size=\u00bbmedium\u00bb alignment=\u00bbcenter\u00bb style=\u00bbvc_box_rounded\u00bb css_animation=\u00bbfadeInLeft\u00bb][vc_empty_space height=\u00bb52px\u00bb][vc_column_text [&hellip;]<\/p>\n","protected":false},"author":1,"featured_media":0,"parent":0,"menu_order":0,"comment_status":"closed","ping_status":"closed","template":"","meta":{"footnotes":""},"class_list":["post-432","page","type-page","status-publish","hentry"],"jetpack_sharing_enabled":true,"_links":{"self":[{"href":"https:\/\/frangoal.com\/es\/wp-json\/wp\/v2\/pages\/432","targetHints":{"allow":["GET"]}}],"collection":[{"href":"https:\/\/frangoal.com\/es\/wp-json\/wp\/v2\/pages"}],"about":[{"href":"https:\/\/frangoal.com\/es\/wp-json\/wp\/v2\/types\/page"}],"author":[{"embeddable":true,"href":"https:\/\/frangoal.com\/es\/wp-json\/wp\/v2\/users\/1"}],"replies":[{"embeddable":true,"href":"https:\/\/frangoal.com\/es\/wp-json\/wp\/v2\/comments?post=432"}],"version-history":[{"count":104,"href":"https:\/\/frangoal.com\/es\/wp-json\/wp\/v2\/pages\/432\/revisions"}],"predecessor-version":[{"id":17518,"href":"https:\/\/frangoal.com\/es\/wp-json\/wp\/v2\/pages\/432\/revisions\/17518"}],"wp:attachment":[{"href":"https:\/\/frangoal.com\/es\/wp-json\/wp\/v2\/media?parent=432"}],"curies":[{"name":"wp","href":"https:\/\/api.w.org\/{rel}","templated":true}]}}