{"id":16845,"date":"2025-02-13T15:23:00","date_gmt":"2025-02-13T14:23:00","guid":{"rendered":"https:\/\/frangoal.com\/es\/?page_id=16845"},"modified":"2025-02-13T16:43:28","modified_gmt":"2025-02-13T15:43:28","slug":"canal-etico","status":"publish","type":"page","link":"https:\/\/frangoal.com\/es\/canal-etico","title":{"rendered":"Canal \u00c9tico"},"content":{"rendered":"<div class=\"wpb-content-wrapper\"><p>[vc_row][vc_column][vc_empty_space][vc_column_text css=\u00bb\u00bb]<\/p>\n<h4 dir=\"ltr\" data-placeholder=\"Traducci\u00f3n\" data-ved=\"2ahUKEwjmpZyW68CLAxU6T6QEHfaQAQoQ3ewLegQICRAV\" aria-label=\"Texto traducido: Canal de DENUNCIAS Ley 2\/2023 En cumplimiento de la Ley 2\/2023, de 20 de febrero, reguladora de la protecci\u00f3n de las personas que informen sobre infracciones normativas y de lucha contra la corrupci\u00f3n, desde el Colegio Santo Angel ponemos el Canal de denuncias a disposici\u00f3n de quien pueda tener un inter\u00e9s leg\u00edtimo. \u00c9ste es un sistema interno de informaci\u00f3n que permite reportar, de manera confidencial y \u00e1gil, irregularidades que se puedan advertir en el desarrollo de la actividad profesional, y que puedan suponer infracciones de la normativa legal y\/o interna de la Instituci\u00f3n. La identificaci\u00f3n de la persona denunciante es totalmente voluntaria. El Colegio Santo Angel y las personas responsables de gestionar este Canal, adoptar\u00e1n en cualquier caso las medidas necesarias para garantizar la confidencialidad y protecci\u00f3n de sus datos personales.\"><\/h4>\n<h3 id=\"tw-target-text\" class=\"tw-data-text tw-text-large tw-ta\" dir=\"ltr\" data-placeholder=\"Traducci\u00f3n\" data-ved=\"2ahUKEwjmpZyW68CLAxU6T6QEHfaQAQoQ3ewLegQICRAV\" aria-label=\"Texto traducido: Canal de DENUNCIAS Ley 2\/2023 En cumplimiento de la Ley 2\/2023, de 20 de febrero, reguladora de la protecci\u00f3n de las personas que informen sobre infracciones normativas y de lucha contra la corrupci\u00f3n, desde el Colegio Santo Angel ponemos el Canal de denuncias a disposici\u00f3n de quien pueda tener un inter\u00e9s leg\u00edtimo. \u00c9ste es un sistema interno de informaci\u00f3n que permite reportar, de manera confidencial y \u00e1gil, irregularidades que se puedan advertir en el desarrollo de la actividad profesional, y que puedan suponer infracciones de la normativa legal y\/o interna de la Instituci\u00f3n. La identificaci\u00f3n de la persona denunciante es totalmente voluntaria. El Colegio Santo Angel y las personas responsables de gestionar este Canal, adoptar\u00e1n en cualquier caso las medidas necesarias para garantizar la confidencialidad y protecci\u00f3n de sus datos personales.\"><span class=\"Y2IQFc\" lang=\"es\">CANAL DE DENUNCIAS<\/span><\/h3>\n<p class=\"tw-data-text tw-text-large tw-ta\" dir=\"ltr\" data-placeholder=\"Traducci\u00f3n\" data-ved=\"2ahUKEwjmpZyW68CLAxU6T6QEHfaQAQoQ3ewLegQICRAV\" aria-label=\"Texto traducido: Canal de DENUNCIAS Ley 2\/2023 En cumplimiento de la Ley 2\/2023, de 20 de febrero, reguladora de la protecci\u00f3n de las personas que informen sobre infracciones normativas y de lucha contra la corrupci\u00f3n, desde el Colegio Santo Angel ponemos el Canal de denuncias a disposici\u00f3n de quien pueda tener un inter\u00e9s leg\u00edtimo. \u00c9ste es un sistema interno de informaci\u00f3n que permite reportar, de manera confidencial y \u00e1gil, irregularidades que se puedan advertir en el desarrollo de la actividad profesional, y que puedan suponer infracciones de la normativa legal y\/o interna de la Instituci\u00f3n. La identificaci\u00f3n de la persona denunciante es totalmente voluntaria. El Colegio Santo Angel y las personas responsables de gestionar este Canal, adoptar\u00e1n en cualquier caso las medidas necesarias para garantizar la confidencialidad y protecci\u00f3n de sus datos personales.\"><span class=\"Y2IQFc\" lang=\"es\">Ley 2\/2023\u00a0 <\/span><\/p>\n<p class=\"tw-data-text tw-text-large tw-ta\" dir=\"ltr\" data-placeholder=\"Traducci\u00f3n\" data-ved=\"2ahUKEwjmpZyW68CLAxU6T6QEHfaQAQoQ3ewLegQICRAV\" aria-label=\"Texto traducido: Canal de DENUNCIAS Ley 2\/2023 En cumplimiento de la Ley 2\/2023, de 20 de febrero, reguladora de la protecci\u00f3n de las personas que informen sobre infracciones normativas y de lucha contra la corrupci\u00f3n, desde el Colegio Santo Angel ponemos el Canal de denuncias a disposici\u00f3n de quien pueda tener un inter\u00e9s leg\u00edtimo. \u00c9ste es un sistema interno de informaci\u00f3n que permite reportar, de manera confidencial y \u00e1gil, irregularidades que se puedan advertir en el desarrollo de la actividad profesional, y que puedan suponer infracciones de la normativa legal y\/o interna de la Instituci\u00f3n. La identificaci\u00f3n de la persona denunciante es totalmente voluntaria. El Colegio Santo Angel y las personas responsables de gestionar este Canal, adoptar\u00e1n en cualquier caso las medidas necesarias para garantizar la confidencialidad y protecci\u00f3n de sus datos personales.\"><span class=\"Y2IQFc\" lang=\"es\">En cumplimiento de la Ley 2\/2023, de 20 de febrero, reguladora de la protecci\u00f3n de las personas que informen sobre infracciones normativas y de lucha contra la corrupci\u00f3n, desde el Colegio Frangoal ponemos el <span style=\"text-decoration: underline;\"><strong>Canal de denuncias<\/strong><\/span> a disposici\u00f3n de quien pueda tener un inter\u00e9s leg\u00edtimo. \u00c9ste es un sistema interno de informaci\u00f3n que permite reportar, de manera confidencial y \u00e1gil, irregularidades que se puedan advertir en el desarrollo de la actividad profesional, y que puedan suponer infracciones de la normativa legal y\/o interna de la Instituci\u00f3n. La identificaci\u00f3n de la persona denunciante es totalmente voluntaria. El Colegio Frangoal y las personas responsables de gestionar este Canal, adoptar\u00e1n en cualquier caso las medidas necesarias para garantizar la confidencialidad y protecci\u00f3n de sus datos personales.<\/span><\/p>\n<p>[\/vc_column_text][\/vc_column][\/vc_row][vc_row][vc_column][vc_btn title=\u00bbEscribe&#8230;\u00bb style=\u00bboutline\u00bb color=\u00bbprimary\u00bb i_icon_fontawesome=\u00bbfar fa-paper-plane\u00bb css=\u00bb\u00bb add_icon=\u00bbtrue\u00bb link=\u00bburl:https%3A%2F%2Figualia.org%2Fgestion-denuncias%2Fgenerar-una-denuncia%2Fdatos%3Fce%3DFrangoal|target:_blank|rel:nofollow\u00bb][\/vc_column][\/vc_row]<\/p>\n<\/div>","protected":false},"excerpt":{"rendered":"<p>[vc_row][vc_column][vc_empty_space][vc_column_text css=\u00bb\u00bb] CANAL DE DENUNCIAS Ley 2\/2023\u00a0 En cumplimiento de la Ley 2\/2023, de 20 de febrero, reguladora de la protecci\u00f3n de las personas que informen sobre infracciones normativas y de lucha contra la corrupci\u00f3n, desde el Colegio Frangoal ponemos el Canal de denuncias a disposici\u00f3n de quien pueda tener un inter\u00e9s leg\u00edtimo. \u00c9ste es [&hellip;]<\/p>\n","protected":false},"author":4,"featured_media":0,"parent":0,"menu_order":0,"comment_status":"closed","ping_status":"closed","template":"","meta":{"footnotes":""},"class_list":["post-16845","page","type-page","status-publish","hentry"],"jetpack_sharing_enabled":true,"_links":{"self":[{"href":"https:\/\/frangoal.com\/es\/wp-json\/wp\/v2\/pages\/16845","targetHints":{"allow":["GET"]}}],"collection":[{"href":"https:\/\/frangoal.com\/es\/wp-json\/wp\/v2\/pages"}],"about":[{"href":"https:\/\/frangoal.com\/es\/wp-json\/wp\/v2\/types\/page"}],"author":[{"embeddable":true,"href":"https:\/\/frangoal.com\/es\/wp-json\/wp\/v2\/users\/4"}],"replies":[{"embeddable":true,"href":"https:\/\/frangoal.com\/es\/wp-json\/wp\/v2\/comments?post=16845"}],"version-history":[{"count":11,"href":"https:\/\/frangoal.com\/es\/wp-json\/wp\/v2\/pages\/16845\/revisions"}],"predecessor-version":[{"id":16869,"href":"https:\/\/frangoal.com\/es\/wp-json\/wp\/v2\/pages\/16845\/revisions\/16869"}],"wp:attachment":[{"href":"https:\/\/frangoal.com\/es\/wp-json\/wp\/v2\/media?parent=16845"}],"curies":[{"name":"wp","href":"https:\/\/api.w.org\/{rel}","templated":true}]}}