{"id":151,"date":"2019-02-14T13:01:08","date_gmt":"2019-02-14T12:01:08","guid":{"rendered":"http:\/\/www.frangoal.com\/?page_id=151"},"modified":"2026-04-29T09:29:13","modified_gmt":"2026-04-29T08:29:13","slug":"menjador","status":"publish","type":"page","link":"https:\/\/frangoal.com\/es\/serveis\/menjador","title":{"rendered":"Comedor"},"content":{"rendered":"<div class=\"wpb-content-wrapper\"><p>[vc_row][vc_column][\/vc_column][\/vc_row][vc_row][vc_column][vc_empty_space height=\u00bb50px\u00bb][vc_column_text css=\u00bb\u00bb]<span style=\"color: #000000;\">Disponemos de comedor y cocina propios. La atenci\u00f3n de los alumnos est\u00e1 a cargo de un equipo de profesionales que trabajan para hacer que este servicio sea una actividad formativa m\u00e1s.<\/span><\/p>\n<p><span style=\"color: #000000;\">En la p\u00e1gina web puede consultar los men\u00fas de cada d\u00eda. Existe disponibilidad de men\u00fas especiales para enfermedades cr\u00f3nicas del sistema digestivo, endocrino o metab\u00f3lico.<\/span><br \/>\n<span style=\"color: #000000;\">El alumnado que se queda a comer no podr\u00e1 salir de las instalaciones del Colegio al mediod\u00eda sin autorizaci\u00f3n de la familia.<\/span><\/p>\n<p><span style=\"color: #000000;\">El servicio de comedor puede solicitarse en la Secretar\u00eda del colegio en cualquiera de las siguientes modalidades:<\/span><\/p>\n<ul>\n<li><span style=\"color: #000000;\">Por todo el curso (fijo): se abonar\u00e1 de acuerdo con los d\u00edas lectivos de cada mes.<\/span><\/li>\n<li><span style=\"color: #000000;\">Por uno o varios d\u00edas (no fijo).<\/span><\/li>\n<\/ul>\n<p><span style=\"color: #000000;\">Para cualquier otra informaci\u00f3n, consulte en Secretar\u00eda.<\/span>[\/vc_column_text][\/vc_column][\/vc_row][vc_row][vc_column][vc_single_image image=\u00bb17520&#8243; img_size=\u00bblarge\u00bb alignment=\u00bbcenter\u00bb onclick=\u00bbcustom_link\u00bb img_link_target=\u00bb_blank\u00bb css_animation=\u00bbbounceIn\u00bb css=\u00bb\u00bb link=\u00bbhttps:\/\/frangoal.com\/wp-content\/uploads\/2026\/04\/MENUMAY26PDF.pdf\u00bb][\/vc_column][\/vc_row][vc_row][vc_column][vc_column_text css=\u00bb\u00bb]<\/p>\n<h3 style=\"text-align: center;\">HORARIO DE COMEDOR<\/h3>\n<p>[\/vc_column_text][\/vc_column][\/vc_row][vc_row][vc_column width=\u00bb1\/2&#8243;][vc_column_text css=\u00bb\u00bb]<strong><span style=\"color: #000000;\">Alumnos de Educaci\u00f3n Infantil<\/span><\/strong><br \/>\n<span style=\"color: #000000;\">Almuerzo: 13:00 a 13:45<\/span><br \/>\n<span style=\"color: #000000;\">Patio\/dormir: 13:45 a 15:00<\/span><\/p>\n<p><span style=\"color: #000000;\">&#8211;<\/span><\/p>\n<p><strong><span style=\"color: #000000;\">Alumnos de 1\u00ba, 2\u00ba y 5\u00ba Educaci\u00f3n Primaria<\/span><\/strong><br \/>\n<span style=\"color: #000000;\">Almuerzo: 13:00 a 14:00<\/span><br \/>\n<span style=\"color: #000000;\">Patio: 14:00 a 15:00<\/span><\/p>\n<p><span style=\"color: #000000;\">&#8211;<\/span><\/p>\n<p><strong><span style=\"color: #000000;\">Alumnos de 3\u00ba, 4\u00ba y 6\u00ba Educaci\u00f3n Primaria<\/span><\/strong><br \/>\n<span style=\"color: #000000;\">Patio: 13:00 a 14:00<\/span><br \/>\n<span style=\"color: #000000;\">Almuerzo: 14:00 a 14:45<\/span>[\/vc_column_text][\/vc_column][vc_column width=\u00bb1\/2&#8243;][vc_column_text css=\u00bb\u00bb]<strong><span style=\"color: #000000;\">Alumnos de 1\u00ba y 2\u00ba Educaci\u00f3n Secundaria<\/span><\/strong><br \/>\n<span style=\"color: #000000;\">Patio: 12:30 a 13:00<\/span><br \/>\n<span style=\"color: #000000;\">Almuerzo: 13:00 a 13:45<\/span><br \/>\n<span style=\"color: #000000;\">Patio: 13:45 a 14:45<\/span><\/p>\n<p><span style=\"color: #000000;\">&#8211;<\/span><\/p>\n<p><strong><span style=\"color: #000000;\">Alumnos de 3\u00ba y 4\u00ba Educaci\u00f3n Secundaria<\/span><\/strong><br \/>\n<span style=\"color: #000000;\">Almuerzo: 13:30 a 14:30<\/span><br \/>\n<span style=\"color: #000000;\">Patio: 14:30 a 14:45<\/span>[\/vc_column_text][\/vc_column][\/vc_row]<\/p>\n<\/div>","protected":false},"excerpt":{"rendered":"<p>[vc_row][vc_column][\/vc_column][\/vc_row][vc_row][vc_column][vc_empty_space height=\u00bb50px\u00bb][vc_column_text css=\u00bb\u00bb]Disponemos de comedor y cocina propios. La atenci\u00f3n de los alumnos est\u00e1 a cargo de un equipo de profesionales que trabajan para hacer que este servicio sea una actividad formativa m\u00e1s. En la p\u00e1gina web puede consultar los men\u00fas de cada d\u00eda. Existe disponibilidad de men\u00fas especiales para enfermedades cr\u00f3nicas del sistema digestivo, [&hellip;]<\/p>\n","protected":false},"author":1,"featured_media":0,"parent":146,"menu_order":0,"comment_status":"closed","ping_status":"closed","template":"","meta":{"footnotes":""},"class_list":["post-151","page","type-page","status-publish","hentry"],"jetpack_sharing_enabled":true,"_links":{"self":[{"href":"https:\/\/frangoal.com\/es\/wp-json\/wp\/v2\/pages\/151","targetHints":{"allow":["GET"]}}],"collection":[{"href":"https:\/\/frangoal.com\/es\/wp-json\/wp\/v2\/pages"}],"about":[{"href":"https:\/\/frangoal.com\/es\/wp-json\/wp\/v2\/types\/page"}],"author":[{"embeddable":true,"href":"https:\/\/frangoal.com\/es\/wp-json\/wp\/v2\/users\/1"}],"replies":[{"embeddable":true,"href":"https:\/\/frangoal.com\/es\/wp-json\/wp\/v2\/comments?post=151"}],"version-history":[{"count":38,"href":"https:\/\/frangoal.com\/es\/wp-json\/wp\/v2\/pages\/151\/revisions"}],"predecessor-version":[{"id":17523,"href":"https:\/\/frangoal.com\/es\/wp-json\/wp\/v2\/pages\/151\/revisions\/17523"}],"up":[{"embeddable":true,"href":"https:\/\/frangoal.com\/es\/wp-json\/wp\/v2\/pages\/146"}],"wp:attachment":[{"href":"https:\/\/frangoal.com\/es\/wp-json\/wp\/v2\/media?parent=151"}],"curies":[{"name":"wp","href":"https:\/\/api.w.org\/{rel}","templated":true}]}}