{"id":14354,"date":"2022-01-31T08:55:12","date_gmt":"2022-01-31T07:55:12","guid":{"rendered":"https:\/\/frangoal.com\/ca\/?page_id=14354"},"modified":"2026-01-15T15:27:15","modified_gmt":"2026-01-15T14:27:15","slug":"formulari-portes-obertes-2","status":"publish","type":"page","link":"https:\/\/frangoal.com\/es\/formulari-portes-obertes-2","title":{"rendered":"FORMULARIO PUERTAS ABIERTAS"},"content":{"rendered":"<div class=\"wpb-content-wrapper\"><p>[vc_row][vc_column][vc_empty_space][vc_column_text css=\u00bb\u00bb]<\/p>\n<h2><strong>Formulario Reserva Puertas Abiertas<\/strong><\/h2>\n<p>[\/vc_column_text][\/vc_column][\/vc_row][vc_row][vc_column]<style id=\"wpforms-css-vars-16755\">\n\t\t\t\t#wpforms-16755 {\n\t\t\t\t--wpforms-container-padding: 0px;\n--wpforms-container-border-width: 1px;\n--wpforms-container-border-radius: 3px;\n--wpforms-background-color: rgba(0, 0, 0, 0);\n--wpforms-field-size-input-height: 43px;\n--wpforms-field-size-input-spacing: 15px;\n--wpforms-field-size-font-size: 16px;\n--wpforms-field-size-line-height: 19px;\n--wpforms-field-size-padding-h: 14px;\n--wpforms-field-size-checkbox-size: 16px;\n--wpforms-field-size-sublabel-spacing: 5px;\n--wpforms-field-size-icon-size: 1;\n--wpforms-label-size-font-size: 16px;\n--wpforms-label-size-line-height: 19px;\n--wpforms-label-size-sublabel-font-size: 14px;\n--wpforms-label-size-sublabel-line-height: 17px;\n--wpforms-button-size-font-size: 17px;\n--wpforms-button-size-height: 41px;\n--wpforms-button-size-padding-h: 15px;\n--wpforms-button-size-margin-top: 10px;\n--wpforms-container-shadow-size-box-shadow: none;\n\t\t\t}\n\t\t\t<\/style><div class=\"wpforms-container wpforms-container-full wpforms-render-modern\" id=\"wpforms-16755\"><form id=\"wpforms-form-16755\" class=\"wpforms-validate wpforms-form wpforms-ajax-form\" data-formid=\"16755\" method=\"post\" enctype=\"multipart\/form-data\" action=\"\/es\/wp-json\/wp\/v2\/pages\/14354\" data-token=\"9ce2bb4d7444aacca47796b823c36fea\" data-token-time=\"1777530717\"><noscript class=\"wpforms-error-noscript\">Por favor, activa JavaScript en tu navegador para completar este formulario.<\/noscript><div id=\"wpforms-error-noscript\" style=\"display: none;\">Por favor, activa JavaScript en tu navegador para completar este formulario.<\/div><div class=\"wpforms-field-container\"><div id=\"wpforms-16755-field_1-container\" class=\"wpforms-field wpforms-field-name\" data-field-id=\"1\"><fieldset><legend class=\"wpforms-field-label\">Nombre <span class=\"wpforms-required-label\" aria-hidden=\"true\">*<\/span><\/legend><div class=\"wpforms-field-row wpforms-field-medium\"><div class=\"wpforms-field-row-block wpforms-first wpforms-one-half\"><input type=\"text\" id=\"wpforms-16755-field_1\" class=\"wpforms-field-name-first wpforms-field-required\" name=\"wpforms[fields][1][first]\" aria-errormessage=\"wpforms-16755-field_1-error\" aria-describedby=\"wpforms-16755-field_1-description\" required><label for=\"wpforms-16755-field_1\" class=\"wpforms-field-sublabel after\">Nombre<\/label><\/div><div class=\"wpforms-field-row-block wpforms-one-half\"><input type=\"text\" id=\"wpforms-16755-field_1-last\" class=\"wpforms-field-name-last wpforms-field-required\" name=\"wpforms[fields][1][last]\" aria-errormessage=\"wpforms-16755-field_1-last-error\" aria-describedby=\"wpforms-16755-field_1-description\" required><label for=\"wpforms-16755-field_1-last\" class=\"wpforms-field-sublabel after\">Apellidos<\/label><\/div><\/div><div id=\"wpforms-16755-field_1-description\" class=\"wpforms-field-description\">NOTA: Las jornadas de puertas abiertas se realizar\u00e1n \u00fanicamente en catal\u00e1n y castellano. \nSi desea informarse en otro idioma, por favor, reserve una visita individualizada. Estaremos encantados de atenderle.<\/div><\/fieldset><\/div><div id=\"wpforms-16755-field_2-container\" class=\"wpforms-field wpforms-field-email\" data-field-id=\"2\"><label class=\"wpforms-field-label\" for=\"wpforms-16755-field_2\">Correo electr\u00f3nico <span class=\"wpforms-required-label\" aria-hidden=\"true\">*<\/span><\/label><input type=\"email\" id=\"wpforms-16755-field_2\" class=\"wpforms-field-medium wpforms-field-required\" name=\"wpforms[fields][2]\" spellcheck=\"false\" aria-errormessage=\"wpforms-16755-field_2-error\" required><\/div><div id=\"wpforms-16755-field_10-container\" class=\"wpforms-field wpforms-field-number\" data-field-id=\"10\"><label class=\"wpforms-field-label\" for=\"wpforms-16755-field_10\">Tel\u00e9fono <span class=\"wpforms-required-label\" aria-hidden=\"true\">*<\/span><\/label><input type=\"number\" id=\"wpforms-16755-field_10\" class=\"wpforms-field-medium wpforms-field-required\" name=\"wpforms[fields][10]\" step=\"any\" aria-errormessage=\"wpforms-16755-field_10-error\" required><\/div><div id=\"wpforms-16755-field_4-container\" class=\"wpforms-field wpforms-field-select wpforms-field-select-style-classic\" data-field-id=\"4\"><label class=\"wpforms-field-label\" for=\"wpforms-16755-field_4\">Seleccione d\u00eda y hora <span class=\"wpforms-required-label\" aria-hidden=\"true\">*<\/span><\/label><select id=\"wpforms-16755-field_4\" class=\"wpforms-field-medium wpforms-field-required\" name=\"wpforms[fields][4]\" required=\"required\"><option value=\"21\/02\/2026 a las 10:00 (Ed. Infantil, Ed. Primaria y E.S.O.)\"  class=\"choice-4 depth-1\"  >21\/02\/2026 a las 10:00 (Ed. Infantil, Ed. Primaria y E.S.O.)<\/option><option value=\"21\/02\/2026 a las 12:00 (Ed. Infantil, Ed. Primaria y E.S.O.)\"  class=\"choice-5 depth-1\"  >21\/02\/2026 a las 12:00 (Ed. Infantil, Ed. Primaria y E.S.O.)<\/option><option value=\"26\/02\/2026 a las 15:15 (S\u00f3lo Ed. Infantil y Ed. Primaria)\"  class=\"choice-3 depth-1\"  >26\/02\/2026 a las 15:15 (S\u00f3lo Ed. Infantil y Ed. Primaria)<\/option><\/select><\/div>\t\t<div id=\"wpforms-16755-field_8-container\"\n\t\t\tclass=\"wpforms-field wpforms-field-text\"\n\t\t\tdata-field-type=\"text\"\n\t\t\tdata-field-id=\"8\"\n\t\t\t>\n\t\t\t<label class=\"wpforms-field-label\" for=\"wpforms-16755-field_8\" >personas de Ciclo<\/label>\n\t\t\t<input type=\"text\" id=\"wpforms-16755-field_8\" class=\"wpforms-field-medium\" name=\"wpforms[fields][8]\" >\n\t\t<\/div>\n\t\t<div id=\"wpforms-16755-field_7-container\" class=\"wpforms-field wpforms-field-checkbox\" data-field-id=\"7\"><fieldset><legend class=\"wpforms-field-label\">Ciclo en que est\u00e1 interesado <span class=\"wpforms-required-label\" aria-hidden=\"true\">*<\/span><\/legend><ul id=\"wpforms-16755-field_7\" class=\"wpforms-field-required\"><li class=\"choice-1 depth-1\"><input type=\"checkbox\" id=\"wpforms-16755-field_7_1\" name=\"wpforms[fields][7][]\" value=\"Ed. Infantil\" aria-errormessage=\"wpforms-16755-field_7_1-error\" required ><label class=\"wpforms-field-label-inline\" for=\"wpforms-16755-field_7_1\">Ed. Infantil<\/label><\/li><li class=\"choice-2 depth-1\"><input type=\"checkbox\" id=\"wpforms-16755-field_7_2\" name=\"wpforms[fields][7][]\" value=\"Ed. Primaria\" aria-errormessage=\"wpforms-16755-field_7_2-error\" required ><label class=\"wpforms-field-label-inline\" for=\"wpforms-16755-field_7_2\">Ed. Primaria<\/label><\/li><li class=\"choice-3 depth-1\"><input type=\"checkbox\" id=\"wpforms-16755-field_7_3\" name=\"wpforms[fields][7][]\" value=\"E.S.O.\" aria-errormessage=\"wpforms-16755-field_7_3-error\" required ><label class=\"wpforms-field-label-inline\" for=\"wpforms-16755-field_7_3\">E.S.O.<\/label><\/li><\/ul><\/fieldset><\/div><div id=\"wpforms-16755-field_5-container\" class=\"wpforms-field wpforms-field-radio\" data-field-id=\"5\"><fieldset><legend class=\"wpforms-field-label\">Preferencia de idioma <span class=\"wpforms-required-label\" aria-hidden=\"true\">*<\/span><\/legend><ul id=\"wpforms-16755-field_5\" class=\"wpforms-field-required\"><li class=\"choice-1 depth-1\"><input type=\"radio\" id=\"wpforms-16755-field_5_1\" name=\"wpforms[fields][5]\" value=\"Castellano\" aria-errormessage=\"wpforms-16755-field_5_1-error\" required ><label class=\"wpforms-field-label-inline\" for=\"wpforms-16755-field_5_1\">Castellano<\/label><\/li><li class=\"choice-2 depth-1\"><input type=\"radio\" id=\"wpforms-16755-field_5_2\" name=\"wpforms[fields][5]\" value=\"Catal\u00e0\" aria-errormessage=\"wpforms-16755-field_5_2-error\" required ><label class=\"wpforms-field-label-inline\" for=\"wpforms-16755-field_5_2\">Catal\u00e0<\/label><\/li><\/ul><\/fieldset><\/div><div id=\"wpforms-16755-field_6-container\" class=\"wpforms-field wpforms-field-select wpforms-field-select-style-classic\" data-field-id=\"6\"><label class=\"wpforms-field-label\" for=\"wpforms-16755-field_6\">N\u00famero de personas que asistir\u00e1n <span class=\"wpforms-required-label\" aria-hidden=\"true\">*<\/span><\/label><select id=\"wpforms-16755-field_6\" class=\"wpforms-field-medium wpforms-field-required\" name=\"wpforms[fields][6]\" required=\"required\"><option value=\"1\"  class=\"choice-1 depth-1\"  >1<\/option><option value=\"2\"  class=\"choice-2 depth-1\"  >2<\/option><option value=\"3\"  class=\"choice-3 depth-1\"  >3<\/option><option value=\"4\"  class=\"choice-4 depth-1\"  >4<\/option><option value=\"5\"  class=\"choice-5 depth-1\"  >5<\/option><\/select><\/div><div id=\"wpforms-16755-field_3-container\" class=\"wpforms-field wpforms-field-textarea\" data-field-id=\"3\"><label class=\"wpforms-field-label\" for=\"wpforms-16755-field_3\">Comentario o mensaje<\/label><textarea id=\"wpforms-16755-field_3\" class=\"wpforms-field-medium\" name=\"wpforms[fields][3]\" aria-errormessage=\"wpforms-16755-field_3-error\" ><\/textarea><\/div><script>\n\t\t\t\t( function() {\n\t\t\t\t\tconst style = document.createElement( 'style' );\n\t\t\t\t\tstyle.appendChild( document.createTextNode( '#wpforms-16755-field_8-container { position: absolute !important; overflow: hidden !important; display: inline !important; height: 1px !important; width: 1px !important; z-index: -1000 !important; padding: 0 !important; } #wpforms-16755-field_8-container input { visibility: hidden; } #wpforms-conversational-form-page #wpforms-16755-field_8-container label { counter-increment: none; }' ) );\n\t\t\t\t\tdocument.head.appendChild( style );\n\t\t\t\t\tdocument.currentScript?.remove();\n\t\t\t\t} )();\n\t\t\t<\/script><\/div><!-- .wpforms-field-container --><div class=\"wpforms-recaptcha-container wpforms-is-recaptcha wpforms-is-recaptcha-type-invisible\" ><div class=\"g-recaptcha\" data-sitekey=\"6Le09tsqAAAAANks7zBAjGslNgFRxkNfLwdo5bXT\" data-size=\"invisible\"><\/div><\/div><div class=\"wpforms-submit-container\" ><input type=\"hidden\" name=\"wpforms[id]\" value=\"16755\"><input type=\"hidden\" name=\"page_title\" value=\"\"><input type=\"hidden\" name=\"page_url\" value=\"https:\/\/frangoal.com\/es\/wp-json\/wp\/v2\/pages\/14354\"><input type=\"hidden\" name=\"url_referer\" value=\"\"><button type=\"submit\" name=\"wpforms[submit]\" id=\"wpforms-submit-16755\" class=\"wpforms-submit\" data-alt-text=\"Enviando...\" data-submit-text=\"Enviar\" aria-live=\"assertive\" value=\"wpforms-submit\">Enviar<\/button><img loading=\"lazy\" decoding=\"async\" src=\"https:\/\/frangoal.com\/wp-content\/plugins\/wpforms-lite\/assets\/images\/submit-spin.svg\" class=\"wpforms-submit-spinner\" style=\"display: none;\" width=\"26\" height=\"26\" alt=\"Cargando\"><\/div><\/form><\/div>  <!-- .wpforms-container -->[\/vc_column][\/vc_row]<\/p>\n<\/div>","protected":false},"excerpt":{"rendered":"<p>[vc_row][vc_column][vc_empty_space][vc_column_text css=\u00bb\u00bb] Formulario Reserva Puertas Abiertas [\/vc_column_text][\/vc_column][\/vc_row][vc_row][vc_column][\/vc_column][\/vc_row]<\/p>\n","protected":false},"author":4,"featured_media":0,"parent":0,"menu_order":0,"comment_status":"closed","ping_status":"closed","template":"","meta":{"footnotes":""},"class_list":["post-14354","page","type-page","status-publish","hentry"],"jetpack_sharing_enabled":false,"_links":{"self":[{"href":"https:\/\/frangoal.com\/es\/wp-json\/wp\/v2\/pages\/14354","targetHints":{"allow":["GET"]}}],"collection":[{"href":"https:\/\/frangoal.com\/es\/wp-json\/wp\/v2\/pages"}],"about":[{"href":"https:\/\/frangoal.com\/es\/wp-json\/wp\/v2\/types\/page"}],"author":[{"embeddable":true,"href":"https:\/\/frangoal.com\/es\/wp-json\/wp\/v2\/users\/4"}],"replies":[{"embeddable":true,"href":"https:\/\/frangoal.com\/es\/wp-json\/wp\/v2\/comments?post=14354"}],"version-history":[{"count":34,"href":"https:\/\/frangoal.com\/es\/wp-json\/wp\/v2\/pages\/14354\/revisions"}],"predecessor-version":[{"id":17369,"href":"https:\/\/frangoal.com\/es\/wp-json\/wp\/v2\/pages\/14354\/revisions\/17369"}],"wp:attachment":[{"href":"https:\/\/frangoal.com\/es\/wp-json\/wp\/v2\/media?parent=14354"}],"curies":[{"name":"wp","href":"https:\/\/api.w.org\/{rel}","templated":true}]}}