{"id":142,"date":"2019-02-14T12:59:19","date_gmt":"2019-02-14T11:59:19","guid":{"rendered":"http:\/\/www.frangoal.com\/?page_id=142"},"modified":"2025-01-15T10:04:44","modified_gmt":"2025-01-15T08:04:44","slug":"escola-dhandbol","status":"publish","type":"page","link":"https:\/\/frangoal.com\/es\/actividades-paraescolares\/escola-dhandbol","title":{"rendered":"Escuela de Balonmano"},"content":{"rendered":"<div class=\"wpb-content-wrapper\">\r\n<p><br \/><\/p>\r\n<table style=\"width: 1122px;\" width=\"0\">\r\n<tbody>\r\n<tr>\r\n<td style=\"width: 174.4px;\"><strong>Duraci\u00f3n<\/strong><\/td>\r\n<td style=\"width: 932.8px;\"><strong>1 h y 30 minutos<\/strong><\/td>\r\n<\/tr>\r\n<tr>\r\n<td style=\"width: 174.4px;\"><strong>Espacio de realizaci\u00f3n<\/strong><\/td>\r\n<td style=\"width: 932.8px;\">\r\n<p>&nbsp;<\/p>\r\n<p>Patio de la escuela<\/p>\r\n<p>&nbsp;<\/p>\r\n<\/td>\r\n<\/tr>\r\n<tr>\r\n<td style=\"width: 174.4px;\"><strong>Curso<\/strong><\/td>\r\n<td style=\"width: 932.8px;\">\r\n<p>Educaci\u00f3n Infantil, Primaria y Secundaria<\/p>\r\n<\/td>\r\n<\/tr>\r\n<tr>\r\n<td style=\"width: 174.4px;\"><b>Ratio de monitores<\/b><\/td>\r\n<td style=\"width: 932.8px;\">\r\n<p>&nbsp;<\/p>\r\n<p>En relaci\u00f3n al n\u00famero de ni\u00f1os<\/p>\r\n<p>&nbsp;<\/p>\r\n<\/td>\r\n<\/tr>\r\n<tr>\r\n<td style=\"width: 174.4px;\"><strong>Descripci\u00f3n<\/strong><\/td>\r\n<td style=\"width: 932.8px;\">\r\n<p>En el grupo de Infantil y Ciclo Inicial, empezar\u00e1n con una inmersi\u00f3n en el deporte del Balonmano. Los ni\u00f1os ir\u00e1n conociendo las t\u00e9cnicas b\u00e1sicas y normas de juego.<\/p>\r\n<p>Se realizar\u00e1n entrenamientos con actividades para fortalecer la forma f\u00edsica como peque\u00f1as carreras, desplazamientos y saltos.<\/p>\r\n<p>Tambi\u00e9n se realizar\u00e1n lanzamientos con pelota, tanto de forma individual como en grupos, hasta que los ni\u00f1os cojan t\u00e9cnica. Es b\u00e1sico que tambi\u00e9n aprendan el domino del bal\u00f3n con botes.\u00a0\u00a0<\/p>\r\n<p>Para finalizar, tambi\u00e9n realizar\u00e1n peque\u00f1os partidos amistosos o entre ellos mismos.<\/p>\r\n<\/td>\r\n<\/tr>\r\n<tr>\r\n<td style=\"width: 174.4px;\"><b>Objetivos Generales<\/b><\/td>\r\n<td style=\"width: 932.8px;\">\r\n<p>&nbsp;<\/p>\r\n<p>\u25cf\u00a0\u00a0\u00a0\u00a0\u00a0\u00a0Trabajar la cohesi\u00f3n grupal.<\/p>\r\n<p>\u25cf\u00a0 \u00a0 \u00a0 \u00a0Potenciar valores, actitudes, respeto al rival y a los compa\u00f1eros.<\/p>\r\n<p>\u25cf\u00a0 \u00a0 \u00a0 \u00a0Conseguir conocimientos del balonmano.<\/p>\r\n<p>\u25cf\u00a0 \u00a0 \u00a0 Promover el desarrollo y autonom\u00eda personal de los participantes.\u00a0<\/p>\r\n<p>&nbsp;<\/p>\r\n<\/td>\r\n<\/tr>\r\n<tr>\r\n<td style=\"width: 174.4px;\"><b>Objetivos\u00a0Espec\u00edficos<\/b><\/td>\r\n<td style=\"width: 932.8px;\">\r\n<p>\u25cf\u00a0\u00a0\u00a0\u00a0\u00a0\u00a0 Aprender a jugar en equipo.<\/p>\r\n<p>\u25cf\u00a0\u00a0\u00a0\u00a0\u00a0\u00a0 Educaci\u00f3n en valores sobre el deporte, respeto a todos (entrenador, \u00e1rbitro, compa\u00f1eros, rivales&#8230;)<\/p>\r\n<p>\u25cf\u00a0 \u00a0 \u00a0 \u00a0Dominio del bal\u00f3n y t\u00e9cnicas.<\/p>\r\n<p>\u25cf\u00a0\u00a0\u00a0\u00a0\u00a0\u00a0 Disfrutar de la actividad.<\/p>\r\n<\/td>\r\n<\/tr>\r\n<\/tbody>\r\n<\/table>\r\n<p><\/p>\r\n<p>[\/vc_column_text][\/vc_column][\/vc_row]<\/p>\r\n<\/div>","protected":false},"excerpt":{"rendered":"<p>Duraci\u00f3n 1 h y 30 minutos Espacio de realizaci\u00f3n &nbsp; Patio de la escuela &nbsp; Curso Educaci\u00f3n Infantil, Primaria y Secundaria Ratio de monitores &nbsp; En relaci\u00f3n al n\u00famero de ni\u00f1os &nbsp; Descripci\u00f3n En el grupo de Infantil y Ciclo Inicial, empezar\u00e1n con una inmersi\u00f3n en el deporte del Balonmano. Los ni\u00f1os ir\u00e1n conociendo las [&hellip;]<\/p>\n","protected":false},"author":1,"featured_media":0,"parent":122,"menu_order":0,"comment_status":"closed","ping_status":"closed","template":"","meta":{"footnotes":""},"class_list":["post-142","page","type-page","status-publish","hentry"],"jetpack_sharing_enabled":true,"_links":{"self":[{"href":"https:\/\/frangoal.com\/es\/wp-json\/wp\/v2\/pages\/142","targetHints":{"allow":["GET"]}}],"collection":[{"href":"https:\/\/frangoal.com\/es\/wp-json\/wp\/v2\/pages"}],"about":[{"href":"https:\/\/frangoal.com\/es\/wp-json\/wp\/v2\/types\/page"}],"author":[{"embeddable":true,"href":"https:\/\/frangoal.com\/es\/wp-json\/wp\/v2\/users\/1"}],"replies":[{"embeddable":true,"href":"https:\/\/frangoal.com\/es\/wp-json\/wp\/v2\/comments?post=142"}],"version-history":[{"count":0,"href":"https:\/\/frangoal.com\/es\/wp-json\/wp\/v2\/pages\/142\/revisions"}],"up":[{"embeddable":true,"href":"https:\/\/frangoal.com\/es\/wp-json\/wp\/v2\/pages\/122"}],"wp:attachment":[{"href":"https:\/\/frangoal.com\/es\/wp-json\/wp\/v2\/media?parent=142"}],"curies":[{"name":"wp","href":"https:\/\/api.w.org\/{rel}","templated":true}]}}