{"id":136,"date":"2019-02-14T12:57:43","date_gmt":"2019-02-14T11:57:43","guid":{"rendered":"http:\/\/www.frangoal.com\/?page_id=136"},"modified":"2025-01-15T10:05:09","modified_gmt":"2025-01-15T08:05:09","slug":"escola-de-basquet","status":"publish","type":"page","link":"https:\/\/frangoal.com\/es\/actividades-paraescolares\/escola-de-basquet","title":{"rendered":"Escuela de baloncesto"},"content":{"rendered":"<p>&nbsp;<\/p>\n<table style=\"width: 100%;\" width=\"100%\">\n<tbody>\n<tr>\n<td style=\"width: 27.5377%;\" width=\"155\"><strong>Duraci\u00f3n<\/strong><\/td>\n<td style=\"width: 71.8593%;\" width=\"410\"><strong>1 h y 30 min<\/strong><\/td>\n<\/tr>\n<tr>\n<td style=\"width: 27.5377%;\" width=\"155\"><strong>Espacio de realizaci\u00f3n<\/strong><\/td>\n<td style=\"width: 71.8593%;\" width=\"410\">&nbsp;<\/p>\n<p>Patio de la escuela<\/p>\n<p>&nbsp;<\/td>\n<\/tr>\n<tr>\n<td style=\"width: 27.5377%;\" width=\"155\"><strong>Curso<\/strong><\/td>\n<td style=\"width: 71.8593%;\" width=\"410\">Educaci\u00f3n Infantil, Primaria o Secundaria<\/td>\n<\/tr>\n<tr>\n<td style=\"width: 27.5377%;\" width=\"155\"><b>Ratio de monitores<\/b><\/td>\n<td style=\"width: 71.8593%;\" width=\"410\">&nbsp;<\/p>\n<p>En relaci\u00f3n al n\u00famero de ni\u00f1os<\/p>\n<p>&nbsp;<\/td>\n<\/tr>\n<tr>\n<td style=\"width: 27.5377%;\" width=\"155\"><strong>Descripci\u00f3n<\/strong><\/td>\n<td style=\"width: 71.8593%;\" width=\"410\">El baloncesto es un deporte de equipo mediante el cual se pretende crear y expandir valores como:<\/p>\n<p>\u25cf\u00a0Sentimiento de pertenencia.<\/p>\n<p>\u25cf Respeto por los dem\u00e1s.<\/p>\n<p>\u25cf Trabajo en equipo.<\/p>\n<p>\u25cf Colaboraci\u00f3n mutua para conseguir un objetivo com\u00fan.<\/p>\n<p>\u25cf V\u00ednculos de amistad y compa\u00f1erismo.<\/td>\n<\/tr>\n<tr>\n<td style=\"width: 27.5377%;\" width=\"155\"><strong>Objetivos Generales<\/strong><\/td>\n<td style=\"width: 71.8593%;\" width=\"410\">&nbsp;<\/p>\n<p>\u25cf Trabajar la cohesi\u00f3n grupal.<\/p>\n<p>\u25cf\u00a0Jugar en equipo.<\/p>\n<p>\u25cf Potenciar valores, actitudes, etc.<\/p>\n<p>\u25cf Promover el desarrollo y autonom\u00eda personal de los ni\u00f1os.<\/p>\n<p>&nbsp;<\/td>\n<\/tr>\n<tr>\n<td style=\"width: 27.5377%;\" width=\"155\"><strong>Objetivos Espec\u00edficos<\/strong><\/td>\n<td style=\"width: 71.8593%;\" width=\"410\">\u25cf Dominio del bote con ambas manos.<\/p>\n<p>\u25cf Trabajo de t\u00e9cnica individual y drible.<\/p>\n<p>\u25cf\u00a0Mec\u00e1nica de lanzamiento.<\/p>\n<p>\u25cf Diferentes modos de lanzar a canasta.<\/td>\n<\/tr>\n<\/tbody>\n<\/table>\n","protected":false},"excerpt":{"rendered":"<p>&nbsp; Duraci\u00f3n 1 h y 30 min Espacio de realizaci\u00f3n &nbsp; Patio de la escuela &nbsp; Curso Educaci\u00f3n Infantil, Primaria o Secundaria Ratio de monitores &nbsp; En relaci\u00f3n al n\u00famero de ni\u00f1os &nbsp; Descripci\u00f3n El baloncesto es un deporte de equipo mediante el cual se pretende crear y expandir valores como: \u25cf\u00a0Sentimiento de pertenencia. \u25cf [&hellip;]<\/p>\n","protected":false},"author":1,"featured_media":0,"parent":122,"menu_order":0,"comment_status":"closed","ping_status":"closed","template":"","meta":{"footnotes":""},"class_list":["post-136","page","type-page","status-publish","hentry"],"jetpack_sharing_enabled":true,"_links":{"self":[{"href":"https:\/\/frangoal.com\/es\/wp-json\/wp\/v2\/pages\/136","targetHints":{"allow":["GET"]}}],"collection":[{"href":"https:\/\/frangoal.com\/es\/wp-json\/wp\/v2\/pages"}],"about":[{"href":"https:\/\/frangoal.com\/es\/wp-json\/wp\/v2\/types\/page"}],"author":[{"embeddable":true,"href":"https:\/\/frangoal.com\/es\/wp-json\/wp\/v2\/users\/1"}],"replies":[{"embeddable":true,"href":"https:\/\/frangoal.com\/es\/wp-json\/wp\/v2\/comments?post=136"}],"version-history":[{"count":0,"href":"https:\/\/frangoal.com\/es\/wp-json\/wp\/v2\/pages\/136\/revisions"}],"up":[{"embeddable":true,"href":"https:\/\/frangoal.com\/es\/wp-json\/wp\/v2\/pages\/122"}],"wp:attachment":[{"href":"https:\/\/frangoal.com\/es\/wp-json\/wp\/v2\/media?parent=136"}],"curies":[{"name":"wp","href":"https:\/\/api.w.org\/{rel}","templated":true}]}}