{"id":134,"date":"2019-02-14T12:57:16","date_gmt":"2019-02-14T11:57:16","guid":{"rendered":"http:\/\/www.frangoal.com\/?page_id=134"},"modified":"2025-01-15T10:06:06","modified_gmt":"2025-01-15T08:06:06","slug":"hip-hop","status":"publish","type":"page","link":"https:\/\/frangoal.com\/es\/actividades-paraescolares\/hip-hop","title":{"rendered":"Hip Hop"},"content":{"rendered":"<div class=\"wpb-content-wrapper\"><p>[vc_row][vc_column][vc_column_text]<\/p>\n<table style=\"width: 100%;\" width=\"100%\">\n<tbody>\n<tr>\n<td style=\"width: 27.6382%;\" width=\"156\"><strong>Duraci\u00f3n<\/strong><\/td>\n<td style=\"width: 71.7588%;\" width=\"410\"><strong>1 h y 30 min\u00a0<\/strong><\/td>\n<\/tr>\n<tr>\n<td style=\"width: 27.6382%;\" width=\"156\"><strong>Espacio de realizaci\u00f3n<\/strong><\/td>\n<td style=\"width: 71.7588%;\" width=\"410\">&nbsp;<\/p>\n<p>Gimnasio o aula muy espaciosa<\/p>\n<p>&nbsp;<\/td>\n<\/tr>\n<tr>\n<td style=\"width: 27.6382%;\" width=\"156\"><strong>Curso<\/strong><\/td>\n<td style=\"width: 71.7588%;\" width=\"410\">Educaci\u00f3n Primaria<\/td>\n<\/tr>\n<tr>\n<td style=\"width: 27.6382%;\" width=\"156\"><b>Ratio de monitores<\/b><\/td>\n<td style=\"width: 71.7588%;\" width=\"410\">&nbsp;<\/p>\n<p>En relaci\u00f3n con el n\u00famero de ni\u00f1os.<\/p>\n<p>&nbsp;<\/td>\n<\/tr>\n<tr>\n<td style=\"width: 27.6382%;\" width=\"156\"><strong>Descripci\u00f3n<\/strong><\/td>\n<td style=\"width: 71.7588%;\" width=\"410\">Se trata que los ni\u00f1os puedan aprender los pasos b\u00e1sicos y se inicien en la motricidad espec\u00edfica del Hip-Hop, como tambi\u00e9n permitir que \u00abentren\u00bb dentro la energ\u00eda del Hip-Hop y encuentren su propio estilo.<\/p>\n<p>Todo esto a trav\u00e9s de ejercicios de motricidad y estiramientos, con canciones que sean atractivas para ellos.<\/p>\n<p>Se potencia mucho el trabajo en equipo, la constancia, el esfuerzo, los sentimientos y las emociones.<\/td>\n<\/tr>\n<tr>\n<td style=\"width: 27.6382%;\" width=\"156\"><strong>Objetivos Generales<\/strong><\/td>\n<td style=\"width: 71.7588%;\" width=\"410\">&nbsp;<\/p>\n<p>\u25cf\u00a0 \u00a0 \u00a0 \u00a0Trabajar la cohesi\u00f3n grupal.<\/p>\n<p>\u25cf\u00a0 \u00a0 \u00a0 \u00a0Estimular al ni\u00f1o\u00a0 a partir de la m\u00fasica y la expresi\u00f3n corporal.<\/p>\n<p>\u25cf\u00a0 \u00a0 \u00a0 \u00a0Potenciar valores, actitudes, etc.<\/p>\n<p>&nbsp;<\/td>\n<\/tr>\n<tr>\n<td style=\"width: 27.6382%;\" width=\"156\"><strong>Objetivos Espec\u00edficos<\/strong><\/td>\n<td style=\"width: 71.7588%;\" width=\"410\">\u25cf\u00a0 \u00a0 \u00a0 Aprender los pasos b\u00e1sicos y que se adentren en la pr\u00e1ctica especifica del Hip-Hop.<\/p>\n<p>\u25cf\u00a0 \u00a0 \u00a0 Permitir que los ni\u00f1os \u00abentren\u00bb dentro de la energ\u00eda del Hip-Hop y encuentren su propio estilo.<\/p>\n<p>\u25cf\u00a0 \u00a0 \u00a0 Trabajar ejercicios de motricidad y estiramientos.<\/p>\n<p>\u25cf\u00a0 \u00a0 \u00a0 Mejorar la coordinaci\u00f3n y la motricidad.<\/p>\n<p>\u25cf\u00a0 \u00a0 \u00a0 Potenciar la cohesi\u00f3n grupal.<\/p>\n<p>\u25cf\u00a0 \u00a0 \u00a0 Conseguir flexibilidad, coordinaci\u00f3n, musicalidad y control del espacio.<\/p>\n<p>\u25cf\u00a0 \u00a0 \u00a0 Escuchar diferentes estilos musicales.<\/p>\n<p>\u25cf\u00a0 \u00a0 \u00a0 Aprender movimientos y desplazamientos del hip hop.<\/p>\n<p>\u25cf\u00a0 \u00a0 \u00a0 Saber expresarse corporalmente.<\/p>\n<p>\u25cf\u00a0 \u00a0 \u00a0 Trabajar en grupo.<\/p>\n<p>\u25cf\u00a0 \u00a0 \u00a0 Expresar\u00a0 y reconocer sentimientos.<\/td>\n<\/tr>\n<\/tbody>\n<\/table>\n<p>[\/vc_column_text][\/vc_column][\/vc_row][vc_row][vc_column width=\u00bb1\/2&#8243;][vc_single_image image=\u00bb1723&#8243; img_size=\u00bbmedium\u00bb][\/vc_column][vc_column width=\u00bb1\/2&#8243;][vc_column_text]Activitat subvencionada per l&#8217;Ajuntament de Castelldefels[\/vc_column_text][\/vc_column][\/vc_row]<\/p>\n<\/div>","protected":false},"excerpt":{"rendered":"<p>[vc_row][vc_column][vc_column_text] Duraci\u00f3n 1 h y 30 min\u00a0 Espacio de realizaci\u00f3n &nbsp; Gimnasio o aula muy espaciosa &nbsp; Curso Educaci\u00f3n Primaria Ratio de monitores &nbsp; En relaci\u00f3n con el n\u00famero de ni\u00f1os. &nbsp; Descripci\u00f3n Se trata que los ni\u00f1os puedan aprender los pasos b\u00e1sicos y se inicien en la motricidad espec\u00edfica del Hip-Hop, como tambi\u00e9n permitir [&hellip;]<\/p>\n","protected":false},"author":1,"featured_media":0,"parent":122,"menu_order":0,"comment_status":"closed","ping_status":"closed","template":"","meta":{"footnotes":""},"class_list":["post-134","page","type-page","status-publish","hentry"],"jetpack_sharing_enabled":true,"_links":{"self":[{"href":"https:\/\/frangoal.com\/es\/wp-json\/wp\/v2\/pages\/134","targetHints":{"allow":["GET"]}}],"collection":[{"href":"https:\/\/frangoal.com\/es\/wp-json\/wp\/v2\/pages"}],"about":[{"href":"https:\/\/frangoal.com\/es\/wp-json\/wp\/v2\/types\/page"}],"author":[{"embeddable":true,"href":"https:\/\/frangoal.com\/es\/wp-json\/wp\/v2\/users\/1"}],"replies":[{"embeddable":true,"href":"https:\/\/frangoal.com\/es\/wp-json\/wp\/v2\/comments?post=134"}],"version-history":[{"count":0,"href":"https:\/\/frangoal.com\/es\/wp-json\/wp\/v2\/pages\/134\/revisions"}],"up":[{"embeddable":true,"href":"https:\/\/frangoal.com\/es\/wp-json\/wp\/v2\/pages\/122"}],"wp:attachment":[{"href":"https:\/\/frangoal.com\/es\/wp-json\/wp\/v2\/media?parent=134"}],"curies":[{"name":"wp","href":"https:\/\/api.w.org\/{rel}","templated":true}]}}