{"id":128,"date":"2019-02-14T12:56:10","date_gmt":"2019-02-14T11:56:10","guid":{"rendered":"http:\/\/www.frangoal.com\/?page_id=128"},"modified":"2025-01-15T10:06:45","modified_gmt":"2025-01-15T08:06:45","slug":"iniciacio-al-teatre","status":"publish","type":"page","link":"https:\/\/frangoal.com\/es\/actividades-paraescolares\/iniciacio-al-teatre","title":{"rendered":"Iniciaci\u00f3n al teatro"},"content":{"rendered":"<div class=\"wpb-content-wrapper\"><p>[vc_row][vc_column][vc_column_text]<\/p>\n<table width=\"100%\">\n<tbody>\n<tr>\n<td width=\"155\"><strong>Duraci\u00f3n<\/strong><\/td>\n<td width=\"410\"><span style=\"color: #000000;\"><strong>1 hora y 30 minutos<\/strong><\/span><\/td>\n<\/tr>\n<tr>\n<td width=\"155\"><strong>Espacio de realizaci\u00f3n<\/strong><\/td>\n<td width=\"410\">&nbsp;<\/p>\n<p><span style=\"color: #000000;\">Gimnasio o aula de Infantil<\/span><\/p>\n<p>&nbsp;<\/td>\n<\/tr>\n<tr>\n<td width=\"155\"><strong>Curso<\/strong><\/td>\n<td width=\"410\"><span style=\"color: #000000;\">Educaci\u00f3n Infantil y Primaria<\/span><\/td>\n<\/tr>\n<tr>\n<td width=\"155\"><b>Ratio de monitores<\/b><\/td>\n<td width=\"410\">&nbsp;<\/p>\n<p><span style=\"color: #000000;\">En relaci\u00f3n al n\u00famero de ni\u00f1os<\/span><\/p>\n<p>&nbsp;<\/td>\n<\/tr>\n<tr>\n<td width=\"155\"><strong>Descripci\u00f3n<\/strong><\/td>\n<td width=\"410\"><span style=\"color: #000000;\">Proyecto de teatro pensado y planteado para ni\u00f1os de ciclo Infantil y Primaria. El objetivo es que los ni\u00f1os conozcan las diferentes emociones (rabia, tristeza, alegr\u00eda, amor&#8230;), acercar a los participantes a situaciones de la vida, conseguir que crezcan en valores y desarrollen capacidades art\u00edsticas, motoras y ling\u00fc\u00edsticas entre otras.<\/span><\/p>\n<p><span style=\"color: #000000;\">La interpretaci\u00f3n hace que los ni\u00f1os aumenten su autoestima, aprendan a respetar, convivir en grupo, conocer y controlar sus emociones, descubrir la constancia en el trabajo en grupo y moverse entre el p\u00fablico.<\/span><\/p>\n<p><span style=\"color: #000000;\"><em>El teatro es ponerse en la piel del otro, ponerse en situaci\u00f3n, inventarse una vida y descubrir nuevos gestos<\/em> \u00abGianni Rodari\u00bb.<\/span><\/p>\n<p><span style=\"color: #000000;\">Con la expresi\u00f3n art\u00edstica, los ni\u00f1os pueden vivir experiencias a trav\u00e9s de otros personajes que ellos mismos caracterizan. Con esto se consigue sensibilizarlos, fortaleciendo en ellos los valoren que favorecen una buena convivencia.<\/span><\/td>\n<\/tr>\n<tr>\n<td width=\"155\"><strong>Objetivos Generales<\/strong><\/td>\n<td width=\"410\"><span style=\"color: #000000;\">\u25cf\u00a0 \u00a0 \u00a0 Desarrollar el lenguaje.<\/span><\/p>\n<p><span style=\"color: #000000;\">\u25cf\u00a0 \u00a0 \u00a0 Conocer el cuerpo y movimiento.<\/span><\/p>\n<p><span style=\"color: #000000;\">\u25cf\u00a0 \u00a0 \u00a0 Reconocer diferentes aspectos del teatro.<\/span><\/p>\n<p><span style=\"color: #000000;\">\u25cf\u00a0 \u00a0 \u00a0 Diferenciar las emociones.<\/span><\/td>\n<\/tr>\n<tr>\n<td width=\"155\"><strong>Objetivos Espec\u00edficos<\/strong><\/td>\n<td width=\"410\"><span style=\"color: #000000;\">\u25cf\u00a0 \u00a0 \u00a0Desarrollar la expresi\u00f3n corporal para conocer su cuerpo y sus posibilidades como instrumento para el desarrollo personal.<\/span><\/p>\n<p><span style=\"color: #000000;\">\u25cf\u00a0 \u00a0 \u00a0 Favorecer la comunicaci\u00f3n parar mejorar el desarrollo del habla.<\/span><\/p>\n<p><span style=\"color: #000000;\">\u25cf\u00a0 \u00a0 \u00a0 Ganar seguridad y confianza en sus propios movimientos.<\/span><\/p>\n<p><span style=\"color: #000000;\">\u25cf\u00a0 \u00a0 \u00a0 Trabajar en equipo.<\/span><\/p>\n<p><span style=\"color: #000000;\">\u25cf\u00a0 \u00a0 \u00a0 Respetar y adquirir valores.<\/span><\/p>\n<p><span style=\"color: #000000;\">\u25cf\u00a0 \u00a0 \u00a0 Diferenciar las diferentes emociones.<\/span><\/p>\n<p>&nbsp;<\/td>\n<\/tr>\n<\/tbody>\n<\/table>\n<p>[\/vc_column_text][\/vc_column][\/vc_row][vc_row][vc_column width=\u00bb1\/2&#8243;][vc_single_image image=\u00bb1723&#8243; img_size=\u00bbmedium\u00bb][\/vc_column][vc_column width=\u00bb1\/2&#8243;][vc_column_text]Activitat subvencionada per l&#8217;Ajuntament de Castelldefels[\/vc_column_text][\/vc_column][\/vc_row]<\/p>\n<\/div>","protected":false},"excerpt":{"rendered":"<p>[vc_row][vc_column][vc_column_text] Duraci\u00f3n 1 hora y 30 minutos Espacio de realizaci\u00f3n &nbsp; Gimnasio o aula de Infantil &nbsp; Curso Educaci\u00f3n Infantil y Primaria Ratio de monitores &nbsp; En relaci\u00f3n al n\u00famero de ni\u00f1os &nbsp; Descripci\u00f3n Proyecto de teatro pensado y planteado para ni\u00f1os de ciclo Infantil y Primaria. El objetivo es que los ni\u00f1os conozcan las [&hellip;]<\/p>\n","protected":false},"author":1,"featured_media":0,"parent":122,"menu_order":0,"comment_status":"closed","ping_status":"closed","template":"","meta":{"footnotes":""},"class_list":["post-128","page","type-page","status-publish","hentry"],"jetpack_sharing_enabled":true,"_links":{"self":[{"href":"https:\/\/frangoal.com\/es\/wp-json\/wp\/v2\/pages\/128","targetHints":{"allow":["GET"]}}],"collection":[{"href":"https:\/\/frangoal.com\/es\/wp-json\/wp\/v2\/pages"}],"about":[{"href":"https:\/\/frangoal.com\/es\/wp-json\/wp\/v2\/types\/page"}],"author":[{"embeddable":true,"href":"https:\/\/frangoal.com\/es\/wp-json\/wp\/v2\/users\/1"}],"replies":[{"embeddable":true,"href":"https:\/\/frangoal.com\/es\/wp-json\/wp\/v2\/comments?post=128"}],"version-history":[{"count":0,"href":"https:\/\/frangoal.com\/es\/wp-json\/wp\/v2\/pages\/128\/revisions"}],"up":[{"embeddable":true,"href":"https:\/\/frangoal.com\/es\/wp-json\/wp\/v2\/pages\/122"}],"wp:attachment":[{"href":"https:\/\/frangoal.com\/es\/wp-json\/wp\/v2\/media?parent=128"}],"curies":[{"name":"wp","href":"https:\/\/api.w.org\/{rel}","templated":true}]}}