{"id":69,"date":"2019-02-14T12:31:56","date_gmt":"2019-02-14T11:31:56","guid":{"rendered":"http:\/\/www.frangoal.com\/?page_id=69"},"modified":"2025-01-22T11:30:39","modified_gmt":"2025-01-22T09:30:39","slug":"programa-i-projectes-infantil","status":"publish","type":"page","link":"https:\/\/frangoal.com\/ca\/oferta-educativa\/projecte-educatiu-de-centre\/infantil\/programa-i-projectes-infantil","title":{"rendered":"Programa i projectes"},"content":{"rendered":"<div class=\"wpb-content-wrapper\"><p>[vc_row][vc_column][vc_column_text]<\/p>\n<h3><strong>PROJECTES<\/strong><\/h3>\n<p>[\/vc_column_text][\/vc_column][\/vc_row][vc_row][vc_column][vc_tta_tour style=&#8221;modern&#8221; color=&#8221;white&#8221; active_section=&#8221;1&#8243;][vc_tta_section title=&#8221;<\/p>\n<h5>IN ENGLISH PLEASE!<\/h5>\n<p>&#8221; tab_id=&#8221;1551295975430-363b5841-7cea&#8221;][vc_column_text]<\/p>\n<p class=\"p1\" style=\"text-align: justify;\"><span class=\"s1\">\u00c9s el nostre rac\u00f3 d&#8217;aprenentatge de la llengua anglesa a l&#8217;Educaci\u00f3 Infantil i Prim\u00e0ria. Basem l&#8217;aprenentatge de l&#8217;angl\u00e8s com una activitat molt l\u00fadica, maximitzant la comprensi\u00f3 oral i iniciant la comunicaci\u00f3 oral. Utilitzem titelles, jocs, teatres i can\u00e7ons, juntament amb material audiovisual, en un aprenentatge multisensorial i motivador.<\/span><\/p>\n<p class=\"p1\" style=\"text-align: justify;\"><span class=\"s1\">A l&#8217;Educaci\u00f3 Infantil, l&#8217;aprenentatge de l&#8217;angl\u00e8s est\u00e0 enfocat a maximitzar i prioritzar la comprensi\u00f3 i l&#8217;expressi\u00f3 oral per tal de comunicar-nos. Volem que els nostres alumnes aprenguin la llengua utilitzant-la. Els alumnes han d&#8217;aprendre instruccions b\u00e0siques i saber el context on utilitzar-les.<\/span><\/p>\n<p class=\"p2\" style=\"text-align: justify;\"><span class=\"s1\">Dediquem una hora setmanal amb la \u201cteacher\u201d, especialista d&#8217;angl\u00e8s, una hora di\u00e0ria amb la tutora i una hora del projecte d&#8217;escacs, total 7 hores setmanals.<\/span><\/p>\n<p>[\/vc_column_text][\/vc_tta_section][vc_tta_section title=&#8221;<\/p>\n<h5>ESCACS<\/h5>\n<p>&#8221; tab_id=&#8221;1551295975456-674c79ea-c30a&#8221;][vc_row_inner][vc_column_inner width=&#8221;1\/2&#8243;][vc_single_image image=&#8221;759&#8243; img_size=&#8221;full&#8221;][\/vc_column_inner][vc_column_inner width=&#8221;1\/2&#8243;][vc_column_text]<\/p>\n<p class=\"p1\" style=\"text-align: justify;\"><span class=\"s1\">Projecte que es desenvolupa en llengua anglesa i que aporta als infants el desenvolupament del pensament creatiu i facilita les relacions socials i l\u2019educaci\u00f3 en valors. <\/span><\/p>\n<p class=\"p1\" style=\"text-align: justify;\"><span class=\"s1\">La seva finalitat \u00e9s desenvolupar el pensament creatiu i conrear valors i habilitats socials. El programa \u00e9s una oportunitat per treballar activament tots dos hemisferis cerebrals des del joc i la manipulaci\u00f3.<\/span><\/p>\n<p class=\"p3\" style=\"text-align: justify;\"><span class=\"s1\">Els beneficis que impulsa els escacs des de primerenca edat s\u00f3n:<\/span><\/p>\n<p>[\/vc_column_text][\/vc_column_inner][\/vc_row_inner][vc_row_inner][vc_column_inner width=&#8221;1\/3&#8243;][vc_column_text]<\/p>\n<h4><strong>INTEL\u00b7LECTUALS<\/strong><\/h4>\n<ul>\n<li class=\"p1\"><span class=\"s1\">Atenci\u00f3 i concentraci\u00f3<\/span><\/li>\n<li class=\"p1\"><span class=\"s1\">An\u00e0lisi i s\u00edntesi<\/span><\/li>\n<li class=\"p1\"><span class=\"s1\">Raonament l\u00f2gic-matem\u00e0tic<\/span><\/li>\n<li class=\"p1\"><span class=\"s1\">Creativitat i imaginaci\u00f3<\/span><\/li>\n<\/ul>\n<p>[\/vc_column_text][\/vc_column_inner][vc_column_inner width=&#8221;1\/3&#8243;][vc_column_text]<\/p>\n<h4><strong>ENTORN SOCIAL<\/strong><\/h4>\n<ul>\n<li class=\"p1\">Acceptaci\u00f3 de les normes<\/li>\n<li class=\"p1\">Acceptaci\u00f3 del resultat<\/li>\n<\/ul>\n<p>[\/vc_column_text][\/vc_column_inner][vc_column_inner width=&#8221;1\/3&#8243;][vc_column_text]<\/p>\n<h4><strong>PERSONALS<\/strong><\/h4>\n<ul>\n<li class=\"p1\">Organitzaci\u00f3<\/li>\n<li class=\"p1\">Control emocional<\/li>\n<li class=\"p1\">Sentit de la responsabilitat<\/li>\n<li class=\"p1\">Autoestima<\/li>\n<li class=\"p1\">Presa de decisions<\/li>\n<\/ul>\n<p>[\/vc_column_text][\/vc_column_inner][\/vc_row_inner][\/vc_tta_section][vc_tta_section title=&#8221;<\/p>\n<h5>APADRINAMENT LECTOR<\/h5>\n<p>&#8221; tab_id=&#8221;1551295977814-ad4b9879-43a0&#8243;][vc_row_inner][vc_column_inner width=&#8221;1\/2&#8243;][vc_column_text]<\/p>\n<p class=\"p1\" style=\"text-align: justify;\"><span class=\"s1\">Estrat\u00e8gia de lectura d\u2019alumnes d\u2019Infantil amb alumnes de Prim\u00e0ria que pret\u00e9n dinamitzar el gust i l&#8217;aprenentatge de la lectura, apropar el text als infants a trav\u00e9s de la tutoria entre iguals i en contextos significatius d&#8217; aprenentatge.<\/span><\/p>\n<h4 class=\"p1\" style=\"text-align: justify;\"><strong><span class=\"s1\">Els objectius<\/span><\/strong><\/h4>\n<p class=\"p1\" style=\"text-align: justify;\"><span class=\"s1\">Crear vincles afectius potenciant els aprenentatges per part de tots els participants (padrins i fillols).<\/span><\/p>\n<p class=\"p1\" style=\"text-align: justify;\"><span class=\"s1\">Crear contextos significatius d&#8217;aprenentatge (llegeixo perqu\u00e8 alg\u00fa m&#8217;entengui, llegeixo per alg\u00fa que li interessa escoltar-me).<\/span><\/p>\n<p class=\"p1\" style=\"text-align: justify;\"><span class=\"s1\">Iniciar els m\u00e9s petits en la lectura de manera significativa.<\/span><\/p>\n<p class=\"p1\" style=\"text-align: justify;\"><span class=\"s1\">Generar una experi\u00e8ncia positiva i plaent de lectura.<\/span><\/p>\n<p>[\/vc_column_text][\/vc_column_inner][vc_column_inner width=&#8221;1\/2&#8243;][vc_single_image image=&#8221;761&#8243; img_size=&#8221;full&#8221;][\/vc_column_inner][\/vc_row_inner][\/vc_tta_section][vc_tta_section title=&#8221;<\/p>\n<h5>DIA DE LA JOGUINA<\/h5>\n<p>&#8221; tab_id=&#8221;1551295981514-76c16e38-f168&#8243;][vc_column_text]<\/p>\n<p class=\"p1\" style=\"text-align: justify;\"><span class=\"s1\">Temps de joc lliure amb joguines portades de casa. Aprofitem per treballar conceptes matem\u00e0tics com les classificacions, habilitats socials (demanar les coses, donar les gr\u00e0cies, compartir\u2026), lectoescriptura (escriptura del nom de les joguines\u2026) i, el m\u00e9s important, el llenguatge oral a partir de la presentaci\u00f3 individual\u00a0 d\u2019all\u00f2 que ha portat de casa cada nen.<\/span><\/p>\n<p>[\/vc_column_text][\/vc_tta_section][vc_tta_section title=&#8221;<\/p>\n<h5>JOC SIMB\u00d2LIC<\/h5>\n<p>&#8221; tab_id=&#8221;1551295982246-4b01c090-58a5&#8243;][vc_row_inner][vc_column_inner width=&#8221;1\/2&#8243;][vc_column_text]<\/p>\n<p class=\"p1\" style=\"text-align: justify;\"><span class=\"s1\">Permet l\u2019infant con\u00e8ixer-se a si mateix<span class=\"Apple-converted-space\">\u00a0 <\/span>i<span class=\"Apple-converted-space\">\u00a0 <\/span>a l&#8217;entorn social que l\u2019envolta. A l\u2019escola gaudim d\u2019un mercat, un rac\u00f3 de metges, una cuina&#8230;<\/span><\/p>\n<p class=\"p1\" style=\"text-align: justify;\"><span class=\"s1\">Juguen a imitar<span class=\"Apple-converted-space\">\u00a0 <\/span>accions de la vida quotidiana del m\u00f3n dels adults, desenvolupant aix\u00ed el pensament creatiu<span class=\"Apple-converted-space\">\u00a0 <\/span>i la capacitat de resoldre conflictes. <\/span><\/p>\n<p>[\/vc_column_text][\/vc_column_inner][vc_column_inner width=&#8221;1\/2&#8243;][vc_single_image image=&#8221;762&#8243; img_size=&#8221;full&#8221;][\/vc_column_inner][\/vc_row_inner][\/vc_tta_section][vc_tta_section title=&#8221;<\/p>\n<h5>AMBIENTS<\/h5>\n<p>&#8221; tab_id=&#8221;1551295982964-a408970d-7258&#8243;][vc_row_inner][vc_column_inner width=&#8221;1\/2&#8243;][vc_column_text]<\/p>\n<p class=\"p1\" style=\"text-align: justify;\"><span class=\"s1\">Espais que tenen com a objectiu que els infants pensin per ells mateixos, siguin capa\u00e7os de triar, de decidir i d\u2019actuar a partir de les propostes estructurades que l\u2019entorn els ofereix.<\/span><\/p>\n<p class=\"p1\" style=\"text-align: justify;\"><span class=\"s1\">Portem a terme els seg\u00fcents ambients: construccions petites, construccions grans, llum i color, moviment, motricitat fina, art i creativitat, mat\u00e8ria (f\u00edsica) i experimentaci\u00f3 (qu\u00edmica). En aquests espais abaixem les r\u00e0tios i fem grups heterogenis d\u2019edats.<\/span><\/p>\n<p>[\/vc_column_text][\/vc_column_inner][vc_column_inner width=&#8221;1\/2&#8243;][vc_single_image image=&#8221;763&#8243; img_size=&#8221;full&#8221;][\/vc_column_inner][\/vc_row_inner][\/vc_tta_section][vc_tta_section title=&#8221;<\/p>\n<h5>LABORATORI<\/h5>\n<p>&#8221; tab_id=&#8221;1551295984315-5c81b6c0-f719&#8243;][vc_column_text]<\/p>\n<p class=\"p1\" style=\"text-align: justify;\"><span class=\"s1\">Mitjan\u00e7ant el m\u00e8tode cient\u00edfic els infants observen, reflexionen, fan prediccions, experimenten i en treuen conclusions. Manipulen diferents elements: llum, aigua, rampes\u2026 i ho fan de manera l\u00fadica i natural, partint d\u2019un petit repte per descobrir l\u2019entorn i esbrinar com funciona.<\/span><\/p>\n<p>[\/vc_column_text][\/vc_tta_section][vc_tta_section title=&#8221;<\/p>\n<h5>TIC-ROB\u00d2TICA<\/h5>\n<p>&#8221; tab_id=&#8221;1551295985070-189ff8aa-7201&#8243;][vc_row_inner][vc_column_inner width=&#8221;1\/2&#8243;][vc_column_text]<\/p>\n<p class=\"p1\" style=\"text-align: justify;\"><span class=\"s1\">A partir de P-3 i de manera l\u00fadica desenvolupen habilitats mitjan\u00e7ant la resoluci\u00f3 de petits reptes. Es treballen conceptes com la lateralitat, la l\u00f2gica i l\u2019orientaci\u00f3 espacial.<\/span><\/p>\n<p class=\"p1\" style=\"text-align: justify;\"><span class=\"s1\"><br \/>\nLes eines de programaci\u00f3 i rob\u00f2tica en Educaci\u00f3 Infantil permeten aprendre una base del pensament iteratiu necessari per afrontar un problema.<\/span><\/p>\n<p>[\/vc_column_text][\/vc_column_inner][vc_column_inner width=&#8221;1\/2&#8243;][vc_single_image image=&#8221;765&#8243; img_size=&#8221;full&#8221;][\/vc_column_inner][\/vc_row_inner][\/vc_tta_section][\/vc_tta_tour][\/vc_column][\/vc_row]<\/p>\n<\/div>","protected":false},"excerpt":{"rendered":"<p>[vc_row][vc_column][vc_column_text] PROJECTES [\/vc_column_text][\/vc_column][\/vc_row][vc_row][vc_column][vc_tta_tour style=&#8221;modern&#8221; color=&#8221;white&#8221; active_section=&#8221;1&#8243;][vc_tta_section title=&#8221; IN ENGLISH PLEASE! &#8221; tab_id=&#8221;1551295975430-363b5841-7cea&#8221;][vc_column_text] \u00c9s el nostre rac\u00f3 d&#8217;aprenentatge de la llengua anglesa a l&#8217;Educaci\u00f3 Infantil i Prim\u00e0ria. Basem l&#8217;aprenentatge de l&#8217;angl\u00e8s com una activitat molt l\u00fadica, maximitzant la comprensi\u00f3 oral i iniciant la comunicaci\u00f3 oral. Utilitzem titelles, jocs, teatres i can\u00e7ons, juntament amb material audiovisual, en [&hellip;]<\/p>\n","protected":false},"author":1,"featured_media":0,"parent":61,"menu_order":0,"comment_status":"closed","ping_status":"closed","template":"","meta":{"footnotes":""},"class_list":["post-69","page","type-page","status-publish","hentry"],"jetpack_sharing_enabled":true,"_links":{"self":[{"href":"https:\/\/frangoal.com\/ca\/wp-json\/wp\/v2\/pages\/69","targetHints":{"allow":["GET"]}}],"collection":[{"href":"https:\/\/frangoal.com\/ca\/wp-json\/wp\/v2\/pages"}],"about":[{"href":"https:\/\/frangoal.com\/ca\/wp-json\/wp\/v2\/types\/page"}],"author":[{"embeddable":true,"href":"https:\/\/frangoal.com\/ca\/wp-json\/wp\/v2\/users\/1"}],"replies":[{"embeddable":true,"href":"https:\/\/frangoal.com\/ca\/wp-json\/wp\/v2\/comments?post=69"}],"version-history":[{"count":0,"href":"https:\/\/frangoal.com\/ca\/wp-json\/wp\/v2\/pages\/69\/revisions"}],"up":[{"embeddable":true,"href":"https:\/\/frangoal.com\/ca\/wp-json\/wp\/v2\/pages\/61"}],"wp:attachment":[{"href":"https:\/\/frangoal.com\/ca\/wp-json\/wp\/v2\/media?parent=69"}],"curies":[{"name":"wp","href":"https:\/\/api.w.org\/{rel}","templated":true}]}}