{"id":432,"date":"2019-02-15T13:45:08","date_gmt":"2019-02-15T12:45:08","guid":{"rendered":"http:\/\/www.frangoal.com\/?page_id=432"},"modified":"2026-04-15T10:17:06","modified_gmt":"2026-04-15T09:17:06","slug":"home-2","status":"publish","type":"page","link":"https:\/\/frangoal.com\/ca\/","title":{"rendered":"Home"},"content":{"rendered":"<div class=\"wpb-content-wrapper\"><p>[vc_row][vc_column][rev_slider_vc alias=&#8221;homeslider&#8221;][vc_separator color=&#8221;black&#8221; border_width=&#8221;2&#8243; el_width=&#8221;70&#8243;][vc_empty_space][vc_row_inner disable_element=&#8221;yes&#8221;][vc_column_inner width=&#8221;1\/2&#8243;][vc_column_text css=&#8221;&#8221;]<\/p>\n<h2 style=\"text-align: center;\">LLISTAT ASSIGNATS I LLISTA D&#8217;ESPERA<\/h2>\n<p>[\/vc_column_text][\/vc_column_inner][vc_column_inner width=&#8221;1\/2&#8243;][vc_btn title=&#8221;LLISTAT ASSIGNATS&#8221; color=&#8221;danger&#8221; size=&#8221;lg&#8221; align=&#8221;center&#8221; css_animation=&#8221;bounceIn&#8221; css=&#8221;&#8221; link=&#8221;url:https%3A%2F%2Ffrangoal.com%2Fwp-content%2Fuploads%2F2025%2F06%2FASIGNADOS.pdf|title:LLISTAT|target:_blank|rel:nofollow&#8221;][vc_btn title=&#8221;LLISTA D&#8217;ESPERA&#8221; color=&#8221;danger&#8221; size=&#8221;lg&#8221; align=&#8221;center&#8221; css_animation=&#8221;bounceIn&#8221; css=&#8221;&#8221; link=&#8221;url:https%3A%2F%2Ffrangoal.com%2Fwp-content%2Fuploads%2F2025%2F06%2FLISTA-ESPERA.pdf|title:LLISTAT|target:_blank|rel:nofollow&#8221;][vc_single_image image=&#8221;15644&#8243; img_size=&#8221;medium&#8221;][\/vc_column_inner][\/vc_row_inner][vc_row_inner equal_height=&#8221;yes&#8221; disable_element=&#8221;yes&#8221;][vc_column_inner width=&#8221;5\/12&#8243; css=&#8221;.vc_custom_1656320068639{border: 2px solid #000000 !important;border-radius: 10px !important;}&#8221;][vc_empty_space height=&#8221;30px&#8221;][vc_single_image image=&#8221;14988&#8243; img_size=&#8221;large&#8221; alignment=&#8221;center&#8221; css_animation=&#8221;fadeInLeft&#8221;][vc_column_text css=&#8221;&#8221;]<\/p>\n<p style=\"text-align: center;\"><span style=\"text-decoration: underline;\"><span style=\"color: #0000ff; font-size: 18pt; text-decoration: underline;\">ACC\u00c9S A LA WEB DE COMPRA<\/span><\/span><\/p>\n<p style=\"text-align: center;\"><span style=\"text-decoration: underline;\"><span style=\"color: #0000ff; font-size: 18pt; text-decoration: underline;\">LLIBRES CURS 25-26<\/span><\/span><\/p>\n<p>[\/vc_column_text][vc_btn title=&#8221;INSTRUCCIONS PER REALITZAR LA COMPRA (PDF)&#8221; color=&#8221;primary&#8221; size=&#8221;lg&#8221; align=&#8221;center&#8221; css_animation=&#8221;bounceIn&#8221; link=&#8221;url:https%3A%2F%2Ffrangoal.com%2Fwp-content%2Fuploads%2F2024%2F06%2FCOMPRA-DE-LIBROSCATv3.pdf|target:_blank|rel:nofollow&#8221;][vc_btn title=&#8221;COM DESCARREGAR EL VAL ESCOLAR&#8221; color=&#8221;purple&#8221; size=&#8221;lg&#8221; align=&#8221;center&#8221; css_animation=&#8221;bounceIn&#8221; link=&#8221;url:https%3A%2F%2Ffrangoal.com%2Fwp-content%2Fuploads%2F2024%2F06%2FCOM-DESCARREGAR-EL-VAL-ESCOLAR.pdf|target:_blank|rel:nofollow&#8221;][vc_btn title=&#8221;ANAR A LA BOTIGA&#8221; color=&#8221;danger&#8221; size=&#8221;lg&#8221; align=&#8221;center&#8221; css_animation=&#8221;bounceIn&#8221; css=&#8221;&#8221; link=&#8221;url:https%3A%2F%2Fgestio.llibrestext.com%2Fpedido%2F3970784e6a4f4d36314b3472417764|target:_blank|rel:nofollow&#8221;][\/vc_column_inner][vc_column_inner width=&#8221;2\/12&#8243;][\/vc_column_inner][vc_column_inner width=&#8221;5\/12&#8243; css=&#8221;.vc_custom_1656320083988{border: 2px solid #000000 !important;border-radius: 10px !important;}&#8221;][vc_single_image image=&#8221;15026&#8243; img_size=&#8221;LARGE&#8221; alignment=&#8221;center&#8221; css_animation=&#8221;fadeInRight&#8221;][vc_column_text css=&#8221;&#8221;]<\/p>\n<p style=\"text-align: center;\"><span style=\"text-decoration: underline;\"><span style=\"color: #0000ff; font-size: 18pt; text-decoration: underline;\">ACC\u00c9S A LA WEB DE COMPRA<\/span><\/span><\/p>\n<p style=\"text-align: center;\"><span style=\"text-decoration: underline;\"><span style=\"color: #0000ff; font-size: 18pt; text-decoration: underline;\">ORDINADOR PORT\u00c0TIL<\/span><\/span><\/p>\n<p style=\"text-align: center;\"><span style=\"color: #ff0000;\"><strong><span style=\"font-size: 18pt;\">(<\/span><span style=\"text-decoration: underline;\"><span style=\"font-size: 18pt;\">NOM\u00c9S 1R ESO<\/span><\/span><span style=\"font-size: 18pt;\">)<\/span><\/strong><\/span><\/p>\n<p style=\"text-align: center;\"><strong><span class=\"Y2IQFc\" lang=\"ca\" style=\"font-size: 14pt; color: #ff0000;\">(I NOUS ALUMNES DE 2n,3r I 4t D&#8217;ESO)<\/span><\/strong><\/p>\n<pre id=\"tw-target-text\" class=\"tw-data-text tw-text-large tw-ta\" dir=\"ltr\" data-placeholder=\"Traducci\u00f3n\" aria-label=\"Texto traducido\" data-ved=\"2ahUKEwjG0daxjfmGAxWVi_0HHSobAEUQ3ewLegQIERAU\"><\/pre>\n<p>[\/vc_column_text][vc_btn title=&#8221;INSTRUCCIONS PER REALITZAR LA COMPRA (PDF)&#8221; color=&#8221;primary&#8221; size=&#8221;lg&#8221; align=&#8221;center&#8221; css_animation=&#8221;bounceIn&#8221; css=&#8221;&#8221; link=&#8221;url:https%3A%2F%2Ffrangoal.com%2Fwp-content%2Fuploads%2F2025%2F06%2FHacer-un-pedidoXENON2025.pdf|target:_blank|rel:nofollow&#8221;][vc_btn title=&#8221;ANAR A LA BOTIGA&#8221; color=&#8221;danger&#8221; size=&#8221;lg&#8221; align=&#8221;center&#8221; css_animation=&#8221;bounceIn&#8221; link=&#8221;url:https%3A%2F%2Fproyectos.xenon.es%2Fes%2F|target:_blank|rel:nofollow&#8221;][\/vc_column_inner][\/vc_row_inner][vc_row_inner content_placement=&#8221;middle&#8221;][vc_column_inner width=&#8221;1\/2&#8243;][\/vc_column_inner][vc_column_inner width=&#8221;1\/2&#8243;][\/vc_column_inner][\/vc_row_inner][vc_row_inner content_placement=&#8221;middle&#8221; disable_element=&#8221;yes&#8221;][vc_column_inner width=&#8221;1\/2&#8243;][vc_single_image image=&#8221;17453&#8243; img_size=&#8221;large&#8221; onclick=&#8221;custom_link&#8221; css=&#8221;&#8221; link=&#8221;https:\/\/frangoal.com\/ca\/preinscripciones&#8221;][\/vc_column_inner][vc_column_inner width=&#8221;1\/2&#8243;][vc_btn title=&#8221;INFORMA&#8217;T AQUI!!!&#8221; color=&#8221;danger&#8221; size=&#8221;lg&#8221; align=&#8221;center&#8221; css_animation=&#8221;bounceIn&#8221; css=&#8221;&#8221; link=&#8221;url:https%3A%2F%2Ffrangoal.com%2Fca%2Fpreinscripciones|title:PREINSCRIPCI%C3%93&#8243;][vc_single_image image=&#8221;15644&#8243; img_size=&#8221;medium&#8221;][\/vc_column_inner][\/vc_row_inner][\/vc_column][\/vc_row][vc_row][vc_column][vc_single_image image=&#8221;17512&#8243; img_size=&#8221;LARGE&#8221; onclick=&#8221;custom_link&#8221; img_link_target=&#8221;_blank&#8221; css=&#8221;&#8221; link=&#8221;https:\/\/frangoal.com\/wp-content\/uploads\/2026\/04\/CASAL2026.pdf&#8221;][\/vc_column][\/vc_row][vc_row disable_element=&#8221;yes&#8221; css=&#8221;.vc_custom_1774006624118{padding-top: 20px !important;}&#8221;][vc_column width=&#8221;1\/2&#8243;][vc_single_image image=&#8221;17384&#8243; img_size=&#8221;full&#8221; alignment=&#8221;center&#8221; style=&#8221;vc_box_border&#8221; css=&#8221;&#8221;][\/vc_column][vc_column width=&#8221;1\/2&#8243;][vc_column_text css=&#8221;&#8221;]<\/p>\n<h2 id=\"tw-target-text\" dir=\"ltr\" tabindex=\"-1\" role=\"text\" data-placeholder=\"Traducci\u00f3n\" data-ved=\"2ahUKEwjby7uGuo2SAxXoRaQEHZR0A1AQ3ewLegQIDBAW\" aria-label=\"Texto traducido: Vine a con\u00e8ixer-nos\u2026 Vols con\u00e8ixer la nostra escola? Fes clic aqu\u00ed i reserva ja la teva visita presonalitzada!!! O si ho prefereixes assisteix a les nostres jornades de portes obertes. T'esperem!!! Mentrestant, aqu\u00ed podeu fer una visita virtual al centre. I con\u00e8ixer una mica dinformaci\u00f3 sobre el.\"><strong><span lang=\"ca\" style=\"font-family: georgia, palatino, serif; font-size: 18pt;\">Vine a con\u00e8ixer-nos\u2026<\/span><\/strong><\/h2>\n<p>&nbsp;<\/p>\n<p><span style=\"font-family: georgia, palatino, serif; font-size: 18pt;\">Vols con\u00e8ixer la nostra escola? Fes clic aqu\u00ed i reserva ja la teva visita personalitzada!!!<\/span>[\/vc_column_text][vc_btn title=&#8221;RESERVA LA TEVA VISITA PERSONAL&#8221; shape=&#8221;round&#8221; color=&#8221;danger&#8221; align=&#8221;center&#8221; css_animation=&#8221;fadeIn&#8221; css=&#8221;&#8221; link=&#8221;url:https%3A%2F%2Ffrangoal.com%2Fca%2Fformulario_visitas|title:FORMULARIO%20VISITAS|rel:nofollow&#8221;][vc_empty_space height=&#8221;50px&#8221;][vc_separator border_width=&#8221;2&#8243; css=&#8221;&#8221;][vc_row_inner][vc_column_inner width=&#8221;1\/2&#8243;][vc_column_text css=&#8221;&#8221;]<\/p>\n<p><span class=\"Y2IQFc\" lang=\"ca\" style=\"font-family: georgia, palatino, serif;\">Mentrestant, aqu\u00ed podeu fer una visita virtual al centre.<\/span><br \/>\n[\/vc_column_text][\/vc_column_inner][vc_column_inner width=&#8221;1\/2&#8243;][vc_column_text css=&#8221;&#8221;]<\/p>\n<div id=\"tw-container\" class=\"nev7se\" data-cp=\"1\" data-nnttsvi=\"1\" data-sletp=\"false\" data-sm=\"1\" data-ssbp=\"false\" data-sugg-time=\"500\" data-sugg-url=\"https:\/\/clients1.google.com\/complete\/search\" data-uilc=\"es\" data-vil=\",af,af-ZA,am,am-ET,ar-EG,ar-AE,ar-KW,ar-QA,ar,ar-IL,ar-JO,ar-LB,ar-PS,az,az-AZ,bg,bg-BG,bn,bn-BD,bn-IN,ca,ca-es,cs,cs-CZ,de,de-DE,de-CH,de-AT,de-LI,en,en-US,en-CA,en-AU,en-NZ,en-GB,en-IN,en-KE,en-TZ,en-NG,en-GH,en-PH,en-ZA,es,es-ES,es-AR,es-UY,es-419,es-BO,es-CL,es-CR,es-CO,es-DO,es-EC,es-GT,es-HN,es-NI,es-PA,es-PE,es-PR,es-PY,es-SV,es-VE,es-MX,es-US,eu,eu-ES,fi,fi-FI,fr,fr-FR,fr-CH,fr-BE,gl,gl-ES,gu,gu-IN,he,he-IL,iw,iw-IL,hu,hu-HU,hy,hy-AM,id,id-ID,is,is-IS,it,it-IT,it-CH,ja,ja-JP,jv,jv-ID,ka,ka-GE,km,km-KH,kn,kn-IN,ko,ko-KR,la,lo,lo-LA,lv,lv-LV,ml,ml-IN,mr,mr-IN,ms,ms-MY,nl,nl-NL,nb,nb-NO,ne,ne-NP,pl,pl-PL,pt,pt-BR,pt-PT,ro,ro-RO,ru,ru-RU,si-LK,sk,sk-SK,sr,sr-RS,su,su-ID,sv,sv-SE,sw,sw-TZ,sw-KE,ta,ta-IN,ta-SG,ta-LK,ta-MY,te,te-IN,tr,tr-TR,ur,ur-PK,ur-IN,yue,yue-HK,yue-Hant-HK,zh-HK,zh,zh-CN,zh-cmn,zh-cmn-CN,zh-Hans,zh-Hans-CN,zh-cmn-Hans,zh-cmn-Hans-CN,cmn-CN,cmn-Hans,cmn-Hans-CN,zh-TW,zh-Hant-TW,cmn-TW,cmn-Hant-TW,zh-cmn-TW,zh-cmn-Hant-TW,zu,zu-ZA,hi,hi-IN,tl,tl-PH,pa,pa-IN\">\n<div>\n<div>\n<div id=\"tw-ob\" class=\"tw-src-ltr\">\n<div class=\"oSioSc\">\n<div id=\"tw-target\">\n<div id=\"kAz1tf\" class=\"g9WsWb PZPZlf\" data-attrid=\"tw-targetArea\" data-entityname=\"Google Translate\">\n<div id=\"tw-target-text-container\" class=\"tw-ta-container tw-nfl\" style=\"text-align: center;\" tabindex=\"0\" role=\"text\">\n<p><span class=\"Y2IQFc\" lang=\"ca\" style=\"font-family: georgia, palatino, serif;\">I saber m\u00e9s sobre nosaltres.<\/span><\/p>\n<\/div>\n<div id=\"tw-target-rmn-container\" class=\"tw-target-rmn tw-ta-container tw-nfl\" tabindex=\"-1\" role=\"text\">\n<pre id=\"tw-target-rmn\" class=\"tw-data-placeholder tw-text-small tw-ta\" dir=\"ltr\" tabindex=\"-1\" role=\"text\" data-placeholder=\"\"><\/pre>\n<\/div>\n<div class=\"iYB33c\">\n<div id=\"tw-tmenu\" class=\"tw-menu\"><\/div>\n<\/div>\n<\/div>\n<\/div>\n<\/div>\n<\/div>\n<div id=\"tw-images\"><\/div>\n<div class=\"dURPtb\"><\/div>\n<div>\n<div><\/div>\n<\/div>\n<\/div>\n<\/div>\n<\/div>\n<div class=\"KFFQ0c xKf9F\"><\/div>\n<p>[\/vc_column_text][\/vc_column_inner][\/vc_row_inner][vc_row_inner][vc_column_inner width=&#8221;1\/2&#8243;][vc_btn title=&#8221;VISITA VIRTUAL&#8221; shape=&#8221;square&#8221; color=&#8221;info&#8221; align=&#8221;center&#8221; css_animation=&#8221;fadeIn&#8221; css=&#8221;&#8221; link=&#8221;url:https%3A%2F%2Ffrangoal.com%2FVisita%2Findex.html|title:VISITA%20VIRTUAL|rel:nofollow&#8221;][\/vc_column_inner][vc_column_inner width=&#8221;1\/2&#8243;][vc_btn title=&#8221;L&#8217;ESCOLA EN XIFRES&#8221; shape=&#8221;square&#8221; color=&#8221;info&#8221; align=&#8221;center&#8221; css_animation=&#8221;fadeIn&#8221; css=&#8221;&#8221; link=&#8221;url:https%3A%2F%2Ffrangoal.com%2Fca%2Flescola%2Flescola-en-xifres|title:INFO|rel:nofollow&#8221;][\/vc_column_inner][\/vc_row_inner][vc_row_inner disable_element=&#8221;yes&#8221;][vc_column_inner][vc_column_text css=&#8221;&#8221;]<span lang=\"ca\" style=\"font-family: georgia, palatino, serif; font-size: 18pt;\">O ,si ho prefereixes, assisteix a les nostres jornades de portes obertes. <\/span><\/p>\n<p><span lang=\"ca\" style=\"font-family: georgia, palatino, serif; font-size: 18pt;\">T&#8217;esperem!!!<\/span>[\/vc_column_text][vc_btn title=&#8221;INSCRIU-TE A LES NOSTRES PORTES OBERTES&#8221; shape=&#8221;round&#8221; color=&#8221;danger&#8221; align=&#8221;center&#8221; css_animation=&#8221;fadeIn&#8221; css=&#8221;&#8221; link=&#8221;url:https%3A%2F%2Ffrangoal.com%2Fca%2Fformulari-portes-obertes-2|title:FORMULARIO%20VISITAS|rel:nofollow&#8221;][\/vc_column_inner][\/vc_row_inner][\/vc_column][\/vc_row][vc_row css=&#8221;.vc_custom_1550598448444{padding-top: 20px !important;}&#8221;][vc_column][vc_column_text]<\/p>\n<h2 style=\"text-align: center;\"><strong>\u00daLTIMES NOT\u00cdCIES<\/strong><\/h2>\n<p>[\/vc_column_text][\/vc_column][\/vc_row][vc_row css=&#8221;.vc_custom_1550598235523{padding-top: 20px !important;padding-bottom: 20px !important;}&#8221;][vc_column][vc_basic_grid post_type=&#8221;post&#8221; max_items=&#8221;4&#8243; style=&#8221;load-more&#8221; items_per_page=&#8221;4&#8243; show_filter=&#8221;yes&#8221; element_width=&#8221;3&#8243; item=&#8221;basicGrid_SlideBottomWithIcon&#8221; css=&#8221;&#8221; grid_id=&#8221;vc_gid:1776244599084-da344297-e26b-0&#8243; filter_source=&#8221;category&#8221;][\/vc_column][\/vc_row][vc_row][vc_column width=&#8221;1\/2&#8243;][vc_empty_space height=&#8221;30px&#8221;][vc_single_image image=&#8221;17168&#8243; img_size=&#8221;large&#8221; alignment=&#8221;center&#8221; onclick=&#8221;custom_link&#8221; img_link_target=&#8221;_blank&#8221; css_animation=&#8221;bounceInUp&#8221; css=&#8221;&#8221; link=&#8221;https:\/\/giaclient.peretarres.org\/Account\/Login?ReturnUrl=%2Fca%2Fprocesinscripcio%2Factivitat%2FI0054%2F2025&#8243;][\/vc_column][vc_column width=&#8221;1\/2&#8243;][vc_column_text css=&#8221;&#8221;]<span style=\"font-size: 18pt;\">El centre ha participat al Programa C\u00f3digo Escuela 4.0 (programa finan\u00e7at pel Ministeri d\u2019Educaci\u00f3, Formaci\u00f3 Professional i Esports) i que ha representat una dotaci\u00f3 de 20.000 \u20ac, amb la finalitat d\u2019adquirir equipament de rob\u00f2tica, programaci\u00f3 i llenguatge computacional. Aquest equipament ja es troba al centre i els alumnes l\u2019estan fent servir amb resultats molt satisfactoris.<\/span>[\/vc_column_text][\/vc_column][\/vc_row][vc_row disable_element=&#8221;yes&#8221; css=&#8221;.vc_custom_1737708932743{padding-top: 100px !important;}&#8221;][vc_column][\/vc_column][\/vc_row][vc_row][vc_column][vc_separator color=&#8221;black&#8221; border_width=&#8221;2&#8243; el_width=&#8221;70&#8243;][vc_row_inner][vc_column_inner][vc_video link=&#8221;https:\/\/youtu.be\/FahBi0KJsxI&#8221; align=&#8221;center&#8221; css_animation=&#8221;bounceIn&#8221; css=&#8221;&#8221;][vc_empty_space height=&#8221;50px&#8221;][\/vc_column_inner][\/vc_row_inner][vc_column_text]<\/p>\n<p>[\/vc_column_text][vc_empty_space height=&#8221;50px&#8221;][\/vc_column][\/vc_row][vc_row disable_element=&#8221;yes&#8221; css=&#8221;.vc_custom_1606725142023{padding-bottom: 20px !important;}&#8221;][vc_column width=&#8221;1\/2&#8243;][vc_video link=&#8221;https:\/\/youtu.be\/fFAi5kq3zTE&#8221;][\/vc_column][vc_column width=&#8221;1\/2&#8243;][vc_column_text]<strong><span style=\"font-size: 18pt;\">INFORMACI\u00d3 PREINSCRIPCI\u00d3 2020-2021 ACTUALITZADA<\/span><\/strong><\/p>\n<p>Benvolgudes fam\u00edlies,<\/p>\n<p>Esperem que tots i cadascun de vosaltres i del vostre entorn estigueu b\u00e9 de salut i portant aquesta situaci\u00f3 excepcional de la millor manera possible.<br \/>\nAmb refer\u00e8ncia al tema de les preinscripcions, per a aquells de vosaltres que teniu fills que el curs vinent han D\u2019INICIAR la seva escolaritat al nostre centre, ara que disposem d\u2019una mica m\u00e9s d\u2019informaci\u00f3 us comuniquem:<\/p>\n<p><strong>A partir del 13 de maig i fins el 22 del mateix mes<\/strong> es podr\u00e0 dur a terme la <strong>PREINSCRIPCI\u00d3<\/strong> escolar per als ensenyaments de segon cicle d\u2019educaci\u00f3 infantil (P3), educaci\u00f3 prim\u00e0ria i educaci\u00f3 secund\u00e0ria obligat\u00f2ria (ESO). Un proc\u00e9s que enguany, a causa de les circumst\u00e0ncies extraordin\u00e0ries, tindr\u00e0 uns dies espec\u00edfics per atendre les preinscripcions presencials.[\/vc_column_text][vc_btn title=&#8221;INFORMACI\u00d3 PREINSCRIPCI\u00d3&#8221; color=&#8221;green&#8221; align=&#8221;center&#8221; i_icon_fontawesome=&#8221;far fa-edit&#8221; button_block=&#8221;true&#8221; add_icon=&#8221;true&#8221; link=&#8221;url:https%3A%2F%2Ffrangoal.com%2Fca%2Fpreinscripcions-2020-2021|||&#8221;][\/vc_column][\/vc_row][vc_row disable_element=&#8221;yes&#8221; css=&#8221;.vc_custom_1606725156710{padding-bottom: 20px !important;}&#8221;][vc_column width=&#8221;1\/2&#8243;][vc_single_image image=&#8221;11459&#8243; img_size=&#8221;large&#8221;][\/vc_column][vc_column width=&#8221;1\/2&#8243;][vc_column_text]<\/p>\n<h2>PORTES OBERTES VIRTUALS ED. INFANTIL I ED. PRIM\u00c0RIA<\/h2>\n<p>Volem ser l&#8217;escola dels vostres petits tresors.<\/p>\n<p>Alba, Marc, Cloe, Bruno, Gino s\u00f3n ja alumnes de l&#8217;escola i us conviden a con\u00e8ixer-nos; els agradaria que els vostres fills poguessin compartir amb ells un Projecte Educatiu ple d&#8217;aventura, d\u2019emocions i d\u2019experiments.<\/p>\n<p>Som un col\u00b7legi on tots som diferents i, per aix\u00f2, l&#8217;atenci\u00f3 a la diversitat \u00e9s una de les nostres senyes d&#8217;identitat. Cada nen i nena va tra\u00e7ant el seu cam\u00ed d&#8217;aprenentatge. Nosaltres som els companys que els ensenyem a mirar, a gaudir i a compartir amb els altres petits.<\/p>\n<p>Les emocions, el joc i l&#8217;experimentaci\u00f3 s\u00f3n la base del nostre projecte. Aprenem des de la il\u00b7lusi\u00f3 i el somriure. Crear un bon ambient on cada nen se senti el protagonista \u00e9s essencial per fer que el \u201ccole\u201d sigui casa, un lloc on es senti segur, estimat. Aix\u00ed segur que aprendr\u00e0. Tindr\u00e0 ganes de descobrir.<\/p>\n<p>Ens agradaria explicar-vos tantes coses&#8230;! Per\u00f2, malauradament, la situaci\u00f3 sanit\u00e0ria no ens ho permet de forma presencial. Tota la informaci\u00f3 la teniu al web, per\u00f2, si voleu, us convidem a estar amb nosaltres en una videoconfer\u00e8ncia on puguem contestar les vostres preguntes i intentar solucionar els vostres dubtes.<\/p>\n<p>A continuaci\u00f3, teniu uns enlla\u00e7os per triar el dia i l\u2019hora que us vagi millor per a una entrevista virtual.<\/p>\n<p>Us esperem.[\/vc_column_text][vc_btn title=&#8221;Formulari videoconfer\u00e8ncia Ed. Infantil i Prim\u00e0ria&#8221; color=&#8221;turquoise&#8221; align=&#8221;center&#8221; link=&#8221;url:https%3A%2F%2Fforms.office.com%2FPages%2FResponsePage.aspx%3Fid%3D3dYpe65RSUWFPBhfMXKSTdIIJevia4lCkqKUKK7MDelUMVNMUDNBQ0RUMjY0VjZIR0xGQTBaNkxRVC4u||target:%20_blank|rel:nofollow&#8221;][\/vc_column][\/vc_row][vc_row disable_element=&#8221;yes&#8221;][vc_column width=&#8221;1\/2&#8243;][vc_video link=&#8221;https:\/\/youtu.be\/a516U14udAE&#8221;][\/vc_column][vc_column width=&#8221;1\/2&#8243;][vc_column_text]<\/p>\n<h2>PORTES OBERTES VIRTUALS E.S.O.<\/h2>\n<p>Un centre de secund\u00e0ria on et sentir\u00e0s l&#8217;actor principal.<br \/>\nSi esteu buscant un col\u00b7legi on no ser un nombre, on intentin comprendre&#8217;t i acompanyar-te, creiem que podem ser la teva escola per al proper curs.<br \/>\nEns agradaria explicar-vos tantes coses &#8230;! Per\u00f2, malauradament, la situaci\u00f3 sanit\u00e0ria no ens ho permet de forma presencial. Tota la informaci\u00f3 la teniu a la web, per\u00f2, si voleu, us convidem a estar amb nosaltres en una videoconfer\u00e8ncia on puguem\u00a0contestar les vostres preguntes i intentar solucionar els vostres dubtes. A aquesta reuni\u00f3 esteu convidats fam\u00edlies i alumnes. Ens encantaria con\u00e8ixer-vos.<br \/>\nA continuaci\u00f3, teniu uns enlla\u00e7os per triar el dia i l&#8217;hora que us va millor per a una entrevista virtual[\/vc_column_text][vc_btn title=&#8221;Formulari videoconfer\u00e8ncia E.S.O.&#8221; color=&#8221;blue&#8221; align=&#8221;center&#8221; link=&#8221;url:https%3A%2F%2Fforms.office.com%2FPages%2FResponsePage.aspx%3Fid%3D3dYpe65RSUWFPBhfMXKSTdIIJevia4lCkqKUKK7MDelURUlGNE83VjFaMzg1S0dBQzNFUFA1UTBNWS4u||target:%20_blank|rel:nofollow&#8221;][vc_row_inner][vc_column_inner][\/vc_column_inner][\/vc_row_inner][\/vc_column][\/vc_row][vc_row][vc_column][vc_column_text]<\/p>\n<p>[\/vc_column_text][\/vc_column][\/vc_row][vc_row][vc_column][vc_single_image image=&#8221;16383&#8243; alignment=&#8221;right&#8221; css_animation=&#8221;fadeIn&#8221;][\/vc_column][\/vc_row]<\/p>\n<\/div>","protected":false},"excerpt":{"rendered":"<p>[vc_row][vc_column][rev_slider_vc alias=&#8221;homeslider&#8221;][vc_separator color=&#8221;black&#8221; border_width=&#8221;2&#8243; el_width=&#8221;70&#8243;][vc_empty_space][vc_row_inner disable_element=&#8221;yes&#8221;][vc_column_inner width=&#8221;1\/2&#8243;][vc_column_text css=&#8221;&#8221;] LLISTAT ASSIGNATS I LLISTA D&#8217;ESPERA [\/vc_column_text][\/vc_column_inner][vc_column_inner width=&#8221;1\/2&#8243;][vc_btn title=&#8221;LLISTAT ASSIGNATS&#8221; color=&#8221;danger&#8221; size=&#8221;lg&#8221; align=&#8221;center&#8221; css_animation=&#8221;bounceIn&#8221; css=&#8221;&#8221; link=&#8221;url:https%3A%2F%2Ffrangoal.com%2Fwp-content%2Fuploads%2F2025%2F06%2FASIGNADOS.pdf|title:LLISTAT|target:_blank|rel:nofollow&#8221;][vc_btn title=&#8221;LLISTA D&#8217;ESPERA&#8221; color=&#8221;danger&#8221; size=&#8221;lg&#8221; align=&#8221;center&#8221; css_animation=&#8221;bounceIn&#8221; css=&#8221;&#8221; link=&#8221;url:https%3A%2F%2Ffrangoal.com%2Fwp-content%2Fuploads%2F2025%2F06%2FLISTA-ESPERA.pdf|title:LLISTAT|target:_blank|rel:nofollow&#8221;][vc_single_image image=&#8221;15644&#8243; img_size=&#8221;medium&#8221;][\/vc_column_inner][\/vc_row_inner][vc_row_inner equal_height=&#8221;yes&#8221; disable_element=&#8221;yes&#8221;][vc_column_inner width=&#8221;5\/12&#8243; css=&#8221;.vc_custom_1656320068639{border: 2px solid #000000 !important;border-radius: 10px !important;}&#8221;][vc_empty_space height=&#8221;30px&#8221;][vc_single_image image=&#8221;14988&#8243; img_size=&#8221;large&#8221; alignment=&#8221;center&#8221; css_animation=&#8221;fadeInLeft&#8221;][vc_column_text css=&#8221;&#8221;] ACC\u00c9S A LA WEB DE COMPRA [&hellip;]<\/p>\n","protected":false},"author":1,"featured_media":0,"parent":0,"menu_order":0,"comment_status":"closed","ping_status":"closed","template":"","meta":{"footnotes":""},"class_list":["post-432","page","type-page","status-publish","hentry"],"jetpack_sharing_enabled":true,"_links":{"self":[{"href":"https:\/\/frangoal.com\/ca\/wp-json\/wp\/v2\/pages\/432","targetHints":{"allow":["GET"]}}],"collection":[{"href":"https:\/\/frangoal.com\/ca\/wp-json\/wp\/v2\/pages"}],"about":[{"href":"https:\/\/frangoal.com\/ca\/wp-json\/wp\/v2\/types\/page"}],"author":[{"embeddable":true,"href":"https:\/\/frangoal.com\/ca\/wp-json\/wp\/v2\/users\/1"}],"replies":[{"embeddable":true,"href":"https:\/\/frangoal.com\/ca\/wp-json\/wp\/v2\/comments?post=432"}],"version-history":[{"count":104,"href":"https:\/\/frangoal.com\/ca\/wp-json\/wp\/v2\/pages\/432\/revisions"}],"predecessor-version":[{"id":17518,"href":"https:\/\/frangoal.com\/ca\/wp-json\/wp\/v2\/pages\/432\/revisions\/17518"}],"wp:attachment":[{"href":"https:\/\/frangoal.com\/ca\/wp-json\/wp\/v2\/media?parent=432"}],"curies":[{"name":"wp","href":"https:\/\/api.w.org\/{rel}","templated":true}]}}