{"id":3,"date":"2019-02-08T17:04:07","date_gmt":"2019-02-08T17:04:07","guid":{"rendered":"https:\/\/frangoal.com\/?page_id=3"},"modified":"2025-02-13T16:41:00","modified_gmt":"2025-02-13T15:41:00","slug":"privacy-policy","status":"publish","type":"page","link":"https:\/\/frangoal.com\/ca\/privacy-policy","title":{"rendered":"Privacy Policy"},"content":{"rendered":"<div class=\"wpb-content-wrapper\"><p>[vc_row][vc_column][vc_empty_space][\/vc_column][\/vc_row][vc_row][vc_column][vc_column_text css=&#8221;&#8221;]<\/p>\n<h3><span style=\"font-size: 14pt;\"><strong>POL\u00cdTICA DE PRIVACITAT<\/strong><\/span><\/h3>\n<p>&nbsp;<\/p>\n<p>El present Pol\u00edtica de Privacitat estableix els termes en qu\u00e8 Col\u00b7legi\u00a0Frangoal\u00a0Centri d&#8217;Ensenyament\u00a0S.L. usa i protegeix la informaci\u00f3 que \u00e9s proporcionada pels seus usuaris al moment d&#8217;utilitzar el seu lloc web. Aquesta companyia est\u00e0 compromesa amb la seguretat de les dades dels seus usuaris. Quan li demanem omplir els camps d&#8217;informaci\u00f3 personal amb la qual vost\u00e8 pugui ser identificat, ho fem assegurant que nom\u00e9s s&#8217;emprar\u00e0 d&#8217;acord amb els termes d&#8217;aquest document. No obstant aix\u00f2 aquesta Pol\u00edtica de Privacitat pot canviar amb el temps o ser actualitzada pel que li recomanem i emfatitzem revisar cont\u00ednuament aquesta p\u00e0gina per a assegurar-se que est\u00e0 d&#8217;acord amb aquests canvis.<\/p>\n<p>&nbsp;<\/p>\n<h4><strong>Informaci\u00f3 que \u00e9s recollida<\/strong><\/h4>\n<p>El nostre lloc web podr\u00e0 recollir informaci\u00f3 personal per exemple: Nom, informaci\u00f3 de contacte com la seva adre\u00e7a de correu electr\u00f2nica i informaci\u00f3 demogr\u00e0fica. Aix\u00ed mateix quan sigui necessari podr\u00e0 ser requerida informaci\u00f3 espec\u00edfica per a processar alguna comanda o realitzar un lliurament o facturaci\u00f3.<\/p>\n<p>&nbsp;<\/p>\n<h4><strong>\u00das de la informaci\u00f3 recollida<\/strong><\/h4>\n<p>El nostre lloc web empra la informaci\u00f3 amb la finalitat de proporcionar el millor servei possible, particularment per a mantenir un registre d&#8217;usuaris, de comandes en cas que aplicaci\u00f3, i millorar els nostres productes i serveis. \u00c9s possible que siguin enviats correus electr\u00f2nics peri\u00f2dicament a trav\u00e9s del nostre lloc amb ofertes especials, nous productes i una altra informaci\u00f3 publicit\u00e0ria que considerem rellevant per a vost\u00e8 o que pugui brindar-li algun benefici, aquests correus electr\u00f2nics seran enviats a l&#8217;adre\u00e7a que vost\u00e8 proporcioni i podran ser cancel\u00b7lats en qualsevol moment.<\/p>\n<p>Col\u00b7legi\u00a0Frangoal\u00a0Centri d&#8217;Ensenyament\u00a0S.L. est\u00e0 altament comprom\u00e8s per a complir amb el comprom\u00eds de mantenir la seva informaci\u00f3 segura. Usem els sistemes m\u00e9s avan\u00e7ats i els actualitzem constantment per a assegurar-nos que no existeixi cap acc\u00e9s no autoritzat.<\/p>\n<p>&nbsp;<\/p>\n<h4><strong>Cookies<\/strong><\/h4>\n<p>Una\u00a0cookie\u00a0es refereix a un fitxer que \u00e9s enviat amb la finalitat de sol\u00b7licitar perm\u00eds per a emmagatzemar-se en el seu ordinador, en acceptar aquest fitxer es crea i la\u00a0cookie\u00a0serveix llavors per a tenir informaci\u00f3 respecte al tr\u00e0nsit web, i tamb\u00e9 facilita les futures visites a una web recurrent. Una altra funci\u00f3 que tenen les cookies \u00e9s que amb elles les web poden recon\u00e8ixer-te individualment i per tant brindar-te el millor servei personalitzat del seu web.<\/p>\n<p>El nostre lloc web empra les cookies per a poder identificar les p\u00e0gines que s\u00f3n visitades i la seva freq\u00fc\u00e8ncia. Aquesta informaci\u00f3 \u00e9s emprada \u00fanicament per a an\u00e0lisi estad\u00edstica i despr\u00e9s la informaci\u00f3 s&#8217;elimina de manera permanent. Vost\u00e8 pot eliminar les cookies en qualsevol moment des del seu ordinador. No obstant aix\u00f2 les cookies ajuden a proporcionar un millor servei dels llocs web, est\u00e0s no donen acc\u00e9s a informaci\u00f3 del seu ordinador ni de vost\u00e8, a menys que vost\u00e8 aix\u00ed ho vulgui i la proporcioni directament . Vost\u00e8 pot acceptar o negar l&#8217;\u00fas de cookies, no obstant aix\u00f2 la majoria de navegadors accepten cookies autom\u00e0ticament perqu\u00e8 serveix per a tenir un millor servei web. Tamb\u00e9 vost\u00e8 pot canviar la configuraci\u00f3 del seu ordinador per a declinar les cookies. Si es declinen \u00e9s possible que no pugui utilitzar alguns dels nostres serveis.<\/p>\n<p>&nbsp;<\/p>\n<h4><strong>Enlla\u00e7os a Tercers<\/strong><\/h4>\n<p>Aquest lloc web pogu\u00e9s contenir en\u00a0laces\u00a0a altres llocs que poguessin ser del seu inter\u00e8s. Una vegada que vost\u00e8 de clic en aquests enlla\u00e7os i abandoni la nostra p\u00e0gina, ja no tenim control sobre al lloc al qual \u00e9s redirigit i per tant no som responsables dels termes o privacitat ni de la protecci\u00f3 de les seves dades en aquests altres llocs tercers. Aquests llocs estan subjectes a les seves pr\u00f2pies pol\u00edtiques de privacitat per la qual cosa \u00e9s recomanable que els consulti per a confirmar que vost\u00e8 est\u00e0 d&#8217;acord amb aquestes.<\/p>\n<p>&nbsp;<\/p>\n<h4><strong>Control de la seva informaci\u00f3 personal<\/strong><\/h4>\n<p>En qualsevol moment vost\u00e8 pot restringir la recopilaci\u00f3 o l&#8217;\u00fas de la informaci\u00f3 personal que \u00e9s proporcionada al nostre lloc web. Cada vegada que se li sol\u00b7liciti emplenar un formulari, com el d&#8217;alta d&#8217;usuari, pot marcar o desmarcar l&#8217;opci\u00f3 de rebre informaci\u00f3 per correu electr\u00f2nic. En cas que hagi marcat l&#8217;opci\u00f3 de rebre el nostre butllet\u00ed o publicitat vost\u00e8 pot cancel\u00b7lar-la en qualsevol moment.<\/p>\n<p>Aquesta companyia no vendr\u00e0, cedir\u00e0 ni distribuir\u00e0 la informaci\u00f3 personal que \u00e9s recopilada sense el seu consentiment, tret que sigui requerit per un jutge amb un ordre judicial.<\/p>\n<p>Col\u00b7legi\u00a0Frangoal\u00a0Centri d&#8217;Ensenyament\u00a0S.L. Es reserva el dret de canviar els termes de la present Pol\u00edtica de Privacitat en qualsevol moment.[\/vc_column_text][\/vc_column][\/vc_row]<\/p>\n<\/div>","protected":false},"excerpt":{"rendered":"<p>[vc_row][vc_column][vc_empty_space][\/vc_column][\/vc_row][vc_row][vc_column][vc_column_text css=&#8221;&#8221;] POL\u00cdTICA DE PRIVACITAT &nbsp; El present Pol\u00edtica de Privacitat estableix els termes en qu\u00e8 Col\u00b7legi\u00a0Frangoal\u00a0Centri d&#8217;Ensenyament\u00a0S.L. usa i protegeix la informaci\u00f3 que \u00e9s proporcionada pels seus usuaris al moment d&#8217;utilitzar el seu lloc web. Aquesta companyia est\u00e0 compromesa amb la seguretat de les dades dels seus usuaris. Quan li demanem omplir els camps [&hellip;]<\/p>\n","protected":false},"author":1,"featured_media":0,"parent":0,"menu_order":0,"comment_status":"closed","ping_status":"open","template":"","meta":{"footnotes":""},"class_list":["post-3","page","type-page","status-publish","hentry"],"jetpack_sharing_enabled":true,"_links":{"self":[{"href":"https:\/\/frangoal.com\/ca\/wp-json\/wp\/v2\/pages\/3","targetHints":{"allow":["GET"]}}],"collection":[{"href":"https:\/\/frangoal.com\/ca\/wp-json\/wp\/v2\/pages"}],"about":[{"href":"https:\/\/frangoal.com\/ca\/wp-json\/wp\/v2\/types\/page"}],"author":[{"embeddable":true,"href":"https:\/\/frangoal.com\/ca\/wp-json\/wp\/v2\/users\/1"}],"replies":[{"embeddable":true,"href":"https:\/\/frangoal.com\/ca\/wp-json\/wp\/v2\/comments?post=3"}],"version-history":[{"count":17,"href":"https:\/\/frangoal.com\/ca\/wp-json\/wp\/v2\/pages\/3\/revisions"}],"predecessor-version":[{"id":16868,"href":"https:\/\/frangoal.com\/ca\/wp-json\/wp\/v2\/pages\/3\/revisions\/16868"}],"wp:attachment":[{"href":"https:\/\/frangoal.com\/ca\/wp-json\/wp\/v2\/media?parent=3"}],"curies":[{"name":"wp","href":"https:\/\/api.w.org\/{rel}","templated":true}]}}