{"id":16845,"date":"2025-02-13T15:23:00","date_gmt":"2025-02-13T14:23:00","guid":{"rendered":"https:\/\/frangoal.com\/es\/?page_id=16845"},"modified":"2025-02-13T16:43:28","modified_gmt":"2025-02-13T15:43:28","slug":"canal-etico","status":"publish","type":"page","link":"https:\/\/frangoal.com\/ca\/canal-etico","title":{"rendered":"Borrador autom\u00e1tico"},"content":{"rendered":"<div class=\"wpb-content-wrapper\"><p>[vc_row][vc_column][vc_empty_space][vc_column_text css=&#8221;&#8221;]<\/p>\n<div class=\"gdlr-core-column-service-title-wrap\">\n<h3 class=\"gdlr-core-column-service-title gdlr-core-skin-title\">CANAL DE DEN\u00daNCIES<\/h3>\n<div class=\"gdlr-core-column-service-caption gdlr-core-info-font gdlr-core-skin-caption\">Llei 2\/2023<\/div>\n<\/div>\n<div class=\"gdlr-core-column-service-content\">\n<p>En compliment de la Llei 2\/2023, de 20 de febrer, reguladora de la protecci\u00f3 de les persones que informin sobre infraccions normatives i de lluita contra la corrupci\u00f3, des del Col\u00b7legi Frangoal posem el <span style=\"text-decoration: underline;\"><strong>Canal de den\u00fancies<\/strong><\/span> a disposici\u00f3 de qui hi pugui tenir un inter\u00e8s leg\u00edtim. Aquest \u00e9s un sistema intern d\u2019informaci\u00f3 que permet reportar, de manera confidencial i \u00e0gil, irregularitats que es puguin advertir en el desenvolupament de l\u2019activitat professional, i que puguin suposar infraccions de la normativa legal i\/o interna de la Instituci\u00f3.<\/p>\n<p>La identificaci\u00f3 de la persona denunciant \u00e9s totalment volunt\u00e0ria. El Col\u00b7legi Frangoal i les persones responsables de gestionar aquest Canal, adoptaran en qualsevol cas les mesures necess\u00e0ries per garantir la confidencialitat i protecci\u00f3 de les seves dades personals.<\/p>\n<\/div>\n<p>[\/vc_column_text][\/vc_column][\/vc_row][vc_row][vc_column][vc_btn title=&#8221;Escriu&#8230;&#8221; style=&#8221;outline&#8221; color=&#8221;primary&#8221; i_icon_fontawesome=&#8221;far fa-paper-plane&#8221; css=&#8221;&#8221; add_icon=&#8221;true&#8221; link=&#8221;url:https%3A%2F%2Figualia.org%2Fgestion-denuncias%2Fgenerar-una-denuncia%2Fdatos%3Fce%3DFrangoal|target:_blank|rel:nofollow&#8221;][\/vc_column][\/vc_row]<\/p>\n<\/div>","protected":false},"excerpt":{"rendered":"<p>[vc_row][vc_column][vc_empty_space][vc_column_text css=&#8221;&#8221;] CANAL DE DEN\u00daNCIES Llei 2\/2023 En compliment de la Llei 2\/2023, de 20 de febrer, reguladora de la protecci\u00f3 de les persones que informin sobre infraccions normatives i de lluita contra la corrupci\u00f3, des del Col\u00b7legi Frangoal posem el Canal de den\u00fancies a disposici\u00f3 de qui hi pugui tenir un inter\u00e8s leg\u00edtim. Aquest [&hellip;]<\/p>\n","protected":false},"author":4,"featured_media":0,"parent":0,"menu_order":0,"comment_status":"closed","ping_status":"closed","template":"","meta":{"footnotes":""},"class_list":["post-16845","page","type-page","status-publish","hentry"],"jetpack_sharing_enabled":true,"_links":{"self":[{"href":"https:\/\/frangoal.com\/ca\/wp-json\/wp\/v2\/pages\/16845","targetHints":{"allow":["GET"]}}],"collection":[{"href":"https:\/\/frangoal.com\/ca\/wp-json\/wp\/v2\/pages"}],"about":[{"href":"https:\/\/frangoal.com\/ca\/wp-json\/wp\/v2\/types\/page"}],"author":[{"embeddable":true,"href":"https:\/\/frangoal.com\/ca\/wp-json\/wp\/v2\/users\/4"}],"replies":[{"embeddable":true,"href":"https:\/\/frangoal.com\/ca\/wp-json\/wp\/v2\/comments?post=16845"}],"version-history":[{"count":11,"href":"https:\/\/frangoal.com\/ca\/wp-json\/wp\/v2\/pages\/16845\/revisions"}],"predecessor-version":[{"id":16869,"href":"https:\/\/frangoal.com\/ca\/wp-json\/wp\/v2\/pages\/16845\/revisions\/16869"}],"wp:attachment":[{"href":"https:\/\/frangoal.com\/ca\/wp-json\/wp\/v2\/media?parent=16845"}],"curies":[{"name":"wp","href":"https:\/\/api.w.org\/{rel}","templated":true}]}}