{"id":1602,"date":"2019-10-18T08:57:09","date_gmt":"2019-10-18T07:57:09","guid":{"rendered":"https:\/\/frangoal.com\/ca\/?page_id=1602"},"modified":"2023-01-26T10:28:04","modified_gmt":"2023-01-26T09:28:04","slug":"educacio-secundaria","status":"publish","type":"page","link":"https:\/\/frangoal.com\/ca\/oferta-educativa\/projecte-educatiu-de-centre\/educacio-secundaria","title":{"rendered":"Educaci\u00f3 Secund\u00e0ria"},"content":{"rendered":"<div class=\"wpb-content-wrapper\"><p>[vc_row][vc_column width=&#8221;1\/2&#8243;][vc_column_text]Adolesc\u00e8ncia i Educaci\u00f3 Secund\u00e0ria s\u00f3n conceptes indivisibles. En aquests moments de transici\u00f3 des de la inf\u00e0ncia a l&#8217;edat adulta, els nostres adolescents necessiten afecte, referents i suports.<\/p>\n<p>La tutoria individual i grupal, una relaci\u00f3 estreta amb la fam\u00edlia i un marc de conviv\u00e8ncia en llibertat i respecte, crea el marc necessari per a un adequat entorn d&#8217;aprenentatge competencial i hum\u00e0.<\/p>\n<p>&nbsp;<\/p>\n<p>Un m\u00f3n globalitzat busca joves compromesos amb el seu entorn i amb la societat universal. Hem de preparar els nostres adolescents a treballar en equip de forma col\u00b7laborativa i cooperativa, han de assumir la cultura del treball i l&#8217;esfor\u00e7. Seu \u00e9s el repte de mantenir un planeta amena\u00e7at, aprendre a cuidar-lo i respectar-lo.El m\u00f3n \u00e9s una torre de Babel, on les lleng\u00fces han de ser elements de comunicaci\u00f3 i intercanvi cultural. Aquesta necessitat ens motiva a participar en projectes internacionals i valorar l&#8217;esfor\u00e7 per aconseguir un nivell molt alt de les quatre lleng\u00fces del centre: catal\u00e0, castell\u00e0 angl\u00e8s i franc\u00e8s.<\/p>\n<p>&nbsp;<\/p>\n<p>S\u00f3n molts reptes per als nostres adolescents, per\u00f2 compten amb el nostre suport i dedicaci\u00f3. Nosaltres sempre apostem per ells, hi creiem i hi estarem.[\/vc_column_text][\/vc_column][vc_column width=&#8221;1\/2&#8243;][vc_single_image image=&#8221;11456&#8243; img_size=&#8221;full&#8221; alignment=&#8221;right&#8221;][\/vc_column][\/vc_row]<\/p>\n<\/div>","protected":false},"excerpt":{"rendered":"<p>[vc_row][vc_column width=&#8221;1\/2&#8243;][vc_column_text]Adolesc\u00e8ncia i Educaci\u00f3 Secund\u00e0ria s\u00f3n conceptes indivisibles. En aquests moments de transici\u00f3 des de la inf\u00e0ncia a l&#8217;edat adulta, els nostres adolescents necessiten afecte, referents i suports. La tutoria individual i grupal, una relaci\u00f3 estreta amb la fam\u00edlia i un marc de conviv\u00e8ncia en llibertat i respecte, crea el marc necessari per a un [&hellip;]<\/p>\n","protected":false},"author":5,"featured_media":0,"parent":58,"menu_order":0,"comment_status":"closed","ping_status":"closed","template":"","meta":{"footnotes":""},"class_list":["post-1602","page","type-page","status-publish","hentry"],"jetpack_sharing_enabled":true,"_links":{"self":[{"href":"https:\/\/frangoal.com\/ca\/wp-json\/wp\/v2\/pages\/1602","targetHints":{"allow":["GET"]}}],"collection":[{"href":"https:\/\/frangoal.com\/ca\/wp-json\/wp\/v2\/pages"}],"about":[{"href":"https:\/\/frangoal.com\/ca\/wp-json\/wp\/v2\/types\/page"}],"author":[{"embeddable":true,"href":"https:\/\/frangoal.com\/ca\/wp-json\/wp\/v2\/users\/5"}],"replies":[{"embeddable":true,"href":"https:\/\/frangoal.com\/ca\/wp-json\/wp\/v2\/comments?post=1602"}],"version-history":[{"count":0,"href":"https:\/\/frangoal.com\/ca\/wp-json\/wp\/v2\/pages\/1602\/revisions"}],"up":[{"embeddable":true,"href":"https:\/\/frangoal.com\/ca\/wp-json\/wp\/v2\/pages\/58"}],"wp:attachment":[{"href":"https:\/\/frangoal.com\/ca\/wp-json\/wp\/v2\/media?parent=1602"}],"curies":[{"name":"wp","href":"https:\/\/api.w.org\/{rel}","templated":true}]}}