{"id":155,"date":"2019-02-14T13:02:16","date_gmt":"2019-02-14T12:02:16","guid":{"rendered":"http:\/\/www.frangoal.com\/?page_id=155"},"modified":"2025-01-28T12:50:58","modified_gmt":"2025-01-28T11:50:58","slug":"equipacio-esportiva","status":"publish","type":"page","link":"https:\/\/frangoal.com\/ca\/serveis\/equipacio-esportiva","title":{"rendered":"Equipaci\u00f3 Esportiva"},"content":{"rendered":"<div class=\"wpb-content-wrapper\"><p>[vc_row][vc_column][vc_column_text css=&#8221;&#8221;]<\/p>\n<p id=\"tw-target-text\" class=\"tw-data-text tw-text-large tw-ta\" dir=\"ltr\" data-placeholder=\"Traducci\u00f3n\" data-ved=\"2ahUKEwi65ZPTufWKAxWuVKQEHXQcPd4Q3ewLegQIDRAU\" aria-label=\"Texto traducido: Mitjan\u00e7ant el seg\u00fcent enlla\u00e7, tindreu acc\u00e9s a la compra de l'equipaci\u00f3 esportiva del centre.\"><span class=\"Y2IQFc\" lang=\"ca\" style=\"color: #000000;\">Mitjan\u00e7ant el seg\u00fcent enlla\u00e7, tindreu acc\u00e9s a la web de compra de l&#8217;equipaci\u00f3 esportiva del centre.<\/span><\/p>\n<p>[\/vc_column_text][\/vc_column][\/vc_row][vc_row content_placement=&#8221;middle&#8221;][vc_column][vc_single_image image=&#8221;16623&#8243; img_size=&#8221;&#8221; alignment=&#8221;center&#8221; style=&#8221;vc_box_border&#8221; onclick=&#8221;custom_link&#8221; img_link_target=&#8221;_blank&#8221; css_animation=&#8221;fadeIn&#8221; css=&#8221;&#8221; link=&#8221;https:\/\/store.rompoda.com\/ROMPODA\/ca\/&#8221;][\/vc_column][\/vc_row]<\/p>\n<\/div>","protected":false},"excerpt":{"rendered":"<p>[vc_row][vc_column][vc_column_text css=&#8221;&#8221;] Mitjan\u00e7ant el seg\u00fcent enlla\u00e7, tindreu acc\u00e9s a la web de compra de l&#8217;equipaci\u00f3 esportiva del centre. [\/vc_column_text][\/vc_column][\/vc_row][vc_row content_placement=&#8221;middle&#8221;][vc_column][vc_single_image image=&#8221;16623&#8243; img_size=&#8221;&#8221; alignment=&#8221;center&#8221; style=&#8221;vc_box_border&#8221; onclick=&#8221;custom_link&#8221; img_link_target=&#8221;_blank&#8221; css_animation=&#8221;fadeIn&#8221; css=&#8221;&#8221; link=&#8221;https:\/\/store.rompoda.com\/ROMPODA\/ca\/&#8221;][\/vc_column][\/vc_row]<\/p>\n","protected":false},"author":1,"featured_media":0,"parent":146,"menu_order":0,"comment_status":"closed","ping_status":"closed","template":"","meta":{"footnotes":""},"class_list":["post-155","page","type-page","status-publish","hentry"],"jetpack_sharing_enabled":true,"_links":{"self":[{"href":"https:\/\/frangoal.com\/ca\/wp-json\/wp\/v2\/pages\/155","targetHints":{"allow":["GET"]}}],"collection":[{"href":"https:\/\/frangoal.com\/ca\/wp-json\/wp\/v2\/pages"}],"about":[{"href":"https:\/\/frangoal.com\/ca\/wp-json\/wp\/v2\/types\/page"}],"author":[{"embeddable":true,"href":"https:\/\/frangoal.com\/ca\/wp-json\/wp\/v2\/users\/1"}],"replies":[{"embeddable":true,"href":"https:\/\/frangoal.com\/ca\/wp-json\/wp\/v2\/comments?post=155"}],"version-history":[{"count":1,"href":"https:\/\/frangoal.com\/ca\/wp-json\/wp\/v2\/pages\/155\/revisions"}],"predecessor-version":[{"id":16732,"href":"https:\/\/frangoal.com\/ca\/wp-json\/wp\/v2\/pages\/155\/revisions\/16732"}],"up":[{"embeddable":true,"href":"https:\/\/frangoal.com\/ca\/wp-json\/wp\/v2\/pages\/146"}],"wp:attachment":[{"href":"https:\/\/frangoal.com\/ca\/wp-json\/wp\/v2\/media?parent=155"}],"curies":[{"name":"wp","href":"https:\/\/api.w.org\/{rel}","templated":true}]}}