{"id":151,"date":"2019-02-14T13:01:08","date_gmt":"2019-02-14T12:01:08","guid":{"rendered":"http:\/\/www.frangoal.com\/?page_id=151"},"modified":"2026-04-29T09:29:13","modified_gmt":"2026-04-29T08:29:13","slug":"menjador","status":"publish","type":"page","link":"https:\/\/frangoal.com\/ca\/serveis\/menjador","title":{"rendered":"Menjador"},"content":{"rendered":"<div class=\"wpb-content-wrapper\"><p>[vc_row][vc_column][\/vc_column][\/vc_row][vc_row][vc_column][vc_empty_space height=&#8221;50px&#8221;][vc_column_text css=&#8221;&#8221;]<\/p>\n<div class=\"x_elementToProof\" data-ogsc=\"rgb(0, 0, 0)\" data-olk-copy-source=\"MessageBody\">\n<p><span style=\"color: #000000;\">Disposem de menjador i cuina propis. L&#8217;atenci\u00f3 dels alumnes est\u00e0 a c\u00e0rrec d&#8217;un equip de professionals que treballen per fer que aquest servei sigui una activitat formativa mes.<\/span><\/p>\n<\/div>\n<div class=\"x_elementToProof\" data-ogsc=\"rgb(0, 0, 0)\"><span style=\"color: #000000;\">A la p\u00e0gina web podeu consultar els men\u00fas de cada dia. Hi ha disponibilitat de men\u00fas especials per a malalties cr\u00f2niques del sistema digestiu, endocr\u00ed o metab\u00f2lic.<\/span><\/div>\n<div class=\"x_elementToProof\" data-ogsc=\"rgb(0, 0, 0)\"><span style=\"color: #000000;\">L&#8217;alumnat que es queda a\u00a0 dinar no podr\u00e0 sortir de les instal\u00b7lacions del Col\u00b7legi al migdia sense autoritzaci\u00f3 de la fam\u00edlia.<\/span><\/div>\n<div data-ogsc=\"rgb(0, 0, 0)\"><span style=\"color: #000000;\">El servei de menjador pot sol\u00b7licitar-se a la Secretaria del col\u00b7legi en qualsevol de les seg\u00fcents modalitats:<\/span><\/div>\n<ul>\n<li data-ogsc=\"rgb(0, 0, 0)\">\n<div class=\"x_elementToProof\" data-ogsc=\"\"><span style=\"color: #000000;\">Per tot el curs (fix): s&#8217;abona d&#8217;acord amb el dies lectius de cada mes.<\/span><\/div>\n<\/li>\n<li data-ogsc=\"rgb(0, 0, 0)\">\n<div class=\"x_elementToProof\" data-ogsc=\"\"><span style=\"color: #000000;\">Per un o diferents dies (no fix).<\/span><\/div>\n<\/li>\n<\/ul>\n<div class=\"x_elementToProof\" data-ogsc=\"rgb(0, 0, 0)\"><span style=\"color: #000000;\">Per qualsevol altra alternativa, cal consultar a Secretaria.<\/span><\/div>\n<div class=\"x_elementToProof\" data-ogsc=\"rgb(0, 0, 0)\"><\/div>\n<div class=\"x_elementToProof\" data-ogsc=\"rgb(0, 0, 0)\"><\/div>\n<p>[\/vc_column_text][\/vc_column][\/vc_row][vc_row][vc_column][vc_single_image image=&#8221;17520&#8243; img_size=&#8221;large&#8221; alignment=&#8221;center&#8221; onclick=&#8221;custom_link&#8221; img_link_target=&#8221;_blank&#8221; css_animation=&#8221;bounceIn&#8221; css=&#8221;&#8221; link=&#8221;https:\/\/frangoal.com\/wp-content\/uploads\/2026\/04\/MENUMAY26PDF.pdf&#8221;][\/vc_column][\/vc_row][vc_row][vc_column][vc_column_text css=&#8221;&#8221;]<\/p>\n<h3 style=\"text-align: center;\">HORARI MENJADOR<\/h3>\n<p>[\/vc_column_text][\/vc_column][\/vc_row][vc_row content_placement=&#8221;middle&#8221;][vc_column width=&#8221;1\/2&#8243;][vc_column_text css=&#8221;&#8221;]<\/p>\n<div data-ogsc=\"rgb(0, 0, 0)\"><strong><span style=\"color: #000000;\">Alumnes de Educaci\u00f3 Infantil<\/span><\/strong><\/div>\n<div data-ogsc=\"rgb(0, 0, 0)\"><span style=\"color: #000000;\">Dinar: 13:00 a 13:45<\/span><\/div>\n<div data-ogsc=\"rgb(0, 0, 0)\"><span style=\"color: #000000;\">Pati \/ dormir: 13:45 a 15:00<\/span><\/div>\n<div data-ogsc=\"rgb(0, 0, 0)\"><span style=\"color: #000000;\">&#8211;<\/span><\/div>\n<div class=\"x_elementToProof\" data-ogsc=\"rgb(0, 0, 0)\"><strong><span style=\"color: #000000;\">Alumnes de 1\u00e8, 2n i 5\u00e8 Educaci\u00f3 Prim\u00e0ria<\/span><\/strong><\/div>\n<div data-ogsc=\"rgb(0, 0, 0)\"><span style=\"color: #000000;\">Dinar: 13:00 a 14:00<\/span><\/div>\n<div data-ogsc=\"rgb(0, 0, 0)\"><span style=\"color: #000000;\">Pati: 14:00 a 15:00<\/span><\/div>\n<div data-ogsc=\"rgb(0, 0, 0)\"><span style=\"color: #000000;\">&#8211;<\/span><\/div>\n<div class=\"x_elementToProof\" data-ogsc=\"rgb(0, 0, 0)\"><strong><span style=\"color: #000000;\">Alumnes de 3\u00e8, 4t i 6\u00e8 Educaci\u00f3 Prim\u00e0ria<\/span><\/strong><\/div>\n<div data-ogsc=\"rgb(0, 0, 0)\"><span style=\"color: #000000;\">Pati: 13:00 a 14:00<\/span><\/div>\n<div data-ogsc=\"rgb(0, 0, 0)\"><span style=\"color: #000000;\">Dinar: 14:00 a 14:45<\/span><\/div>\n<p>[\/vc_column_text][\/vc_column][vc_column width=&#8221;1\/2&#8243;][vc_column_text css=&#8221;&#8221;]<\/p>\n<div class=\"x_elementToProof\" data-ogsc=\"rgb(0, 0, 0)\"><strong><span style=\"color: #000000;\">Alumnes de 1\u00e8 i 2n Educaci\u00f3 Secund\u00e0ria<\/span><\/strong><\/div>\n<div data-ogsc=\"rgb(0, 0, 0)\"><span style=\"color: #000000;\">Pati: 12:30 a 13:00<\/span><\/div>\n<div data-ogsc=\"rgb(0, 0, 0)\"><span style=\"color: #000000;\">Dinar: 13:00 a 13:45<\/span><\/div>\n<div data-ogsc=\"rgb(0, 0, 0)\"><span style=\"color: #000000;\">Pati: 13:45 a 14:45<\/span><\/div>\n<div class=\"x_elementToProof\" data-ogsc=\"rgb(0, 0, 0)\"><span style=\"color: #000000;\">&#8211;<\/span><\/div>\n<div class=\"x_elementToProof\" data-ogsc=\"rgb(0, 0, 0)\"><strong><span style=\"color: #000000;\">Alumnes de 3\u00e8 i 4t Educaci\u00f3 Secund\u00e0ria<\/span><\/strong><\/div>\n<div data-ogsc=\"rgb(0, 0, 0)\"><span style=\"color: #000000;\">Dinar: 13:30 a 14:30<\/span><\/div>\n<div class=\"x_elementToProof\" data-ogsc=\"rgb(0, 0, 0)\"><span style=\"color: #000000;\">Pati: 14:30 a 14:45<\/span><\/div>\n<p>[\/vc_column_text][\/vc_column][\/vc_row]<\/p>\n<\/div>","protected":false},"excerpt":{"rendered":"<p>[vc_row][vc_column][\/vc_column][\/vc_row][vc_row][vc_column][vc_empty_space height=&#8221;50px&#8221;][vc_column_text css=&#8221;&#8221;] Disposem de menjador i cuina propis. L&#8217;atenci\u00f3 dels alumnes est\u00e0 a c\u00e0rrec d&#8217;un equip de professionals que treballen per fer que aquest servei sigui una activitat formativa mes. A la p\u00e0gina web podeu consultar els men\u00fas de cada dia. Hi ha disponibilitat de men\u00fas especials per a malalties cr\u00f2niques del sistema digestiu, [&hellip;]<\/p>\n","protected":false},"author":1,"featured_media":0,"parent":146,"menu_order":0,"comment_status":"closed","ping_status":"closed","template":"","meta":{"footnotes":""},"class_list":["post-151","page","type-page","status-publish","hentry"],"jetpack_sharing_enabled":true,"_links":{"self":[{"href":"https:\/\/frangoal.com\/ca\/wp-json\/wp\/v2\/pages\/151","targetHints":{"allow":["GET"]}}],"collection":[{"href":"https:\/\/frangoal.com\/ca\/wp-json\/wp\/v2\/pages"}],"about":[{"href":"https:\/\/frangoal.com\/ca\/wp-json\/wp\/v2\/types\/page"}],"author":[{"embeddable":true,"href":"https:\/\/frangoal.com\/ca\/wp-json\/wp\/v2\/users\/1"}],"replies":[{"embeddable":true,"href":"https:\/\/frangoal.com\/ca\/wp-json\/wp\/v2\/comments?post=151"}],"version-history":[{"count":38,"href":"https:\/\/frangoal.com\/ca\/wp-json\/wp\/v2\/pages\/151\/revisions"}],"predecessor-version":[{"id":17523,"href":"https:\/\/frangoal.com\/ca\/wp-json\/wp\/v2\/pages\/151\/revisions\/17523"}],"up":[{"embeddable":true,"href":"https:\/\/frangoal.com\/ca\/wp-json\/wp\/v2\/pages\/146"}],"wp:attachment":[{"href":"https:\/\/frangoal.com\/ca\/wp-json\/wp\/v2\/media?parent=151"}],"curies":[{"name":"wp","href":"https:\/\/api.w.org\/{rel}","templated":true}]}}