{"id":148,"date":"2019-02-14T13:00:42","date_gmt":"2019-02-14T12:00:42","guid":{"rendered":"http:\/\/www.frangoal.com\/?page_id=148"},"modified":"2025-01-14T16:59:28","modified_gmt":"2025-01-14T14:59:28","slug":"acollida","status":"publish","type":"page","link":"https:\/\/frangoal.com\/ca\/serveis\/acollida","title":{"rendered":"Perman\u00e8ncia Matinal"},"content":{"rendered":"<div data-ogsc=\"black\"><span style=\"color: #000000;\">A primera hora, els m\u00e9s matiners d&#8217;Educaci\u00f3 Infantil i Prim\u00e0ria arriben a l&#8217;escola amb molta energia,\u00a0 ganes de jugar i trobar-se amb els companys en un espai relaxat i ple de viv\u00e8ncies.<\/span><\/div>\n<div data-ogsc=\"black\"><\/div>\n<div data-ogsc=\"black\"><span style=\"color: #000000;\">\u00a0 \u00a0 \u00a0 \u00a0 \u00a0 \u00a0 \u00a0 \u00a0 \u00a0 \u00a0 \u00a0 \u00a0 \u00a0 \u00a0 \u00a0 \u00a0 \u00a0 \u00a0 \u00a0 \u00a0 \u00a0 \u00a0 \u00a0 \u00a0 \u00a0 \u00a0 \u00a0 \u00a0 \u00a0 \u00a0 \u00a0 \u00a0 \u00a0 \u00a0 \u00a0 \u00a0 \u00a0 \u00a0 \u00a0 \u00a0 \u00a0Us hi esperem a partir de les\u00a0 7:30h.<\/span><\/div>\n<div data-ogsc=\"black\"><img loading=\"lazy\" decoding=\"async\" class=\"alignnone size-medium wp-image-5021\" src=\"https:\/\/frangoal.com\/wp-content\/uploads\/2020\/03\/acollida-300x225.jpg\" alt=\"\" width=\"300\" height=\"225\" srcset=\"https:\/\/frangoal.com\/wp-content\/uploads\/2020\/03\/acollida-300x225.jpg 300w, https:\/\/frangoal.com\/wp-content\/uploads\/2020\/03\/acollida-1024x768.jpg 1024w, https:\/\/frangoal.com\/wp-content\/uploads\/2020\/03\/acollida-768x576.jpg 768w, https:\/\/frangoal.com\/wp-content\/uploads\/2020\/03\/acollida-600x450.jpg 600w, https:\/\/frangoal.com\/wp-content\/uploads\/2020\/03\/acollida.jpg 1280w\" sizes=\"auto, (max-width: 300px) 100vw, 300px\" \/><\/div>\n","protected":false},"excerpt":{"rendered":"<p>A primera hora, els m\u00e9s matiners d&#8217;Educaci\u00f3 Infantil i Prim\u00e0ria arriben a l&#8217;escola amb molta energia,\u00a0 ganes de jugar i trobar-se amb els companys en un espai relaxat i ple de viv\u00e8ncies. \u00a0 \u00a0 \u00a0 \u00a0 \u00a0 \u00a0 \u00a0 \u00a0 \u00a0 \u00a0 \u00a0 \u00a0 \u00a0 \u00a0 \u00a0 \u00a0 \u00a0 \u00a0 \u00a0 \u00a0 \u00a0 \u00a0 \u00a0 [&hellip;]<\/p>\n","protected":false},"author":1,"featured_media":0,"parent":146,"menu_order":0,"comment_status":"closed","ping_status":"closed","template":"","meta":{"footnotes":""},"class_list":["post-148","page","type-page","status-publish","hentry"],"jetpack_sharing_enabled":true,"_links":{"self":[{"href":"https:\/\/frangoal.com\/ca\/wp-json\/wp\/v2\/pages\/148","targetHints":{"allow":["GET"]}}],"collection":[{"href":"https:\/\/frangoal.com\/ca\/wp-json\/wp\/v2\/pages"}],"about":[{"href":"https:\/\/frangoal.com\/ca\/wp-json\/wp\/v2\/types\/page"}],"author":[{"embeddable":true,"href":"https:\/\/frangoal.com\/ca\/wp-json\/wp\/v2\/users\/1"}],"replies":[{"embeddable":true,"href":"https:\/\/frangoal.com\/ca\/wp-json\/wp\/v2\/comments?post=148"}],"version-history":[{"count":0,"href":"https:\/\/frangoal.com\/ca\/wp-json\/wp\/v2\/pages\/148\/revisions"}],"up":[{"embeddable":true,"href":"https:\/\/frangoal.com\/ca\/wp-json\/wp\/v2\/pages\/146"}],"wp:attachment":[{"href":"https:\/\/frangoal.com\/ca\/wp-json\/wp\/v2\/media?parent=148"}],"curies":[{"name":"wp","href":"https:\/\/api.w.org\/{rel}","templated":true}]}}