{"id":142,"date":"2019-02-14T12:59:19","date_gmt":"2019-02-14T11:59:19","guid":{"rendered":"http:\/\/www.frangoal.com\/?page_id=142"},"modified":"2025-01-15T10:04:44","modified_gmt":"2025-01-15T08:04:44","slug":"escola-dhandbol","status":"publish","type":"page","link":"https:\/\/frangoal.com\/ca\/actividades-paraescolares\/escola-dhandbol","title":{"rendered":"Escola d&#8217;handbol"},"content":{"rendered":"<div class=\"wpb-content-wrapper\"><p><br \/><\/p>\r\n<table style=\"width: 1122px;\" width=\"0\">\r\n<tbody>\r\n<tr>\r\n<td style=\"width: 154.222px;\"><strong>Durada <\/strong><\/td>\r\n<td style=\"width: 952.444px;\"><strong>1 h i 30 minuts.<\/strong><\/td>\r\n<\/tr>\r\n<tr>\r\n<td style=\"width: 154.222px;\"><strong>Espai de realitzaci\u00f3<\/strong><\/td>\r\n<td style=\"width: 952.444px;\">\r\n<p>&nbsp;<\/p>\r\n<p>Pati de l\u2019escola.<\/p>\r\n<p>&nbsp;<\/p>\r\n<\/td>\r\n<\/tr>\r\n<tr>\r\n<td style=\"width: 154.222px;\"><strong>Curs<\/strong><\/td>\r\n<td style=\"width: 952.444px;\">\r\n<p>Educaci\u00f3 infantil, prim\u00e0ria i secund\u00e0ria.<\/p>\r\n<\/td>\r\n<\/tr>\r\n<tr>\r\n<td style=\"width: 154.222px;\"><strong>R\u00e0tio de monitors<\/strong><\/td>\r\n<td style=\"width: 952.444px;\">\r\n<p>&nbsp;<\/p>\r\n<p>En relaci\u00f3 amb el nombre nens\/nenes<\/p>\r\n<p>&nbsp;<\/p>\r\n<\/td>\r\n<\/tr>\r\n<tr>\r\n<td style=\"width: 154.222px;\"><strong>Descripci\u00f3<\/strong><\/td>\r\n<td style=\"width: 952.444px;\">\r\n<p>En el grup d\u2019infantil i cicle inicial, comen\u00e7arem amb una immersi\u00f3 en l\u2019esport del Handbol, els nens\/nenes, aniran coneixent les t\u00e8quines b\u00e0siques i normes del joc.<\/p>\r\n<p>Es realitzaran entrenaments amb activitats per enfortir la forma f\u00edsica com petites carreres, despla\u00e7aments i salts.<\/p>\r\n<p>Tamb\u00e9 es realitzaran llan\u00e7aments amb pilota, tant de forma individual com en grup, fins que els nens agafin t\u00e8cnica, es b\u00e0sic que tamb\u00e9 aprenguin el domini de la pilota amb bots.<\/p>\r\n<p>Per finalitzar tamb\u00e9 realitzarem petits partits amistosos o entre ells mateixos.<\/p>\r\n<\/td>\r\n<\/tr>\r\n<tr>\r\n<td style=\"width: 154.222px;\"><strong>Objectius Generals<\/strong><\/td>\r\n<td style=\"width: 952.444px;\">\r\n<p>&nbsp;<\/p>\r\n<p>\u25cf\u00a0\u00a0\u00a0\u00a0\u00a0\u00a0 Treballar la cohesi\u00f3 grupal<\/p>\r\n<p>\u25cf\u00a0\u00a0\u00a0\u00a0\u00a0\u00a0 Potenciar valors, actituds, respecte al rival i companys.<\/p>\r\n<p>\u25cf\u00a0\u00a0\u00a0\u00a0\u00a0\u00a0 Assolir coneixements del Handbol<\/p>\r\n<p>\u25cf\u00a0\u00a0\u00a0\u00a0\u00a0\u00a0 Promoure el desenvolupament\u00a0 i autonomia personal de l\u2019infant<\/p>\r\n<p>&nbsp;<\/p>\r\n<\/td>\r\n<\/tr>\r\n<tr>\r\n<td style=\"width: 154.222px;\"><strong>Objectius Espec\u00edfics<\/strong><\/td>\r\n<td style=\"width: 952.444px;\">\r\n<p>\u25cf\u00a0\u00a0\u00a0\u00a0\u00a0\u00a0 Aprendre a jugar en equip.<\/p>\r\n<p>\u25cf\u00a0\u00a0\u00a0\u00a0\u00a0\u00a0 Educaci\u00f3 en valors sobre l\u2019esport respecte a tothom.(entrenador, arbitre, companys, contrari&#8230;)<\/p>\r\n<p>\u25cf\u00a0\u00a0\u00a0\u00a0\u00a0\u00a0 Domini de la pilota i t\u00e8cniques.<\/p>\r\n<p>\u25cf\u00a0\u00a0\u00a0\u00a0\u00a0\u00a0 Gaudir de l\u2019activitat<\/p>\r\n<\/td>\r\n<\/tr>\r\n<\/tbody>\r\n<\/table>\r\n\r\n<p>[\/vc_column_text][\/vc_column][\/vc_row]<\/p><\/div>","protected":false},"excerpt":{"rendered":"<p>Durada 1 h i 30 minuts. Espai de realitzaci\u00f3 &nbsp; Pati de l\u2019escola. &nbsp; Curs Educaci\u00f3 infantil, prim\u00e0ria i secund\u00e0ria. R\u00e0tio de monitors &nbsp; En relaci\u00f3 amb el nombre nens\/nenes &nbsp; Descripci\u00f3 En el grup d\u2019infantil i cicle inicial, comen\u00e7arem amb una immersi\u00f3 en l\u2019esport del Handbol, els nens\/nenes, aniran coneixent les t\u00e8quines b\u00e0siques i [&hellip;]<\/p>\n","protected":false},"author":1,"featured_media":0,"parent":122,"menu_order":0,"comment_status":"closed","ping_status":"closed","template":"","meta":{"footnotes":""},"class_list":["post-142","page","type-page","status-publish","hentry"],"jetpack_sharing_enabled":true,"_links":{"self":[{"href":"https:\/\/frangoal.com\/ca\/wp-json\/wp\/v2\/pages\/142","targetHints":{"allow":["GET"]}}],"collection":[{"href":"https:\/\/frangoal.com\/ca\/wp-json\/wp\/v2\/pages"}],"about":[{"href":"https:\/\/frangoal.com\/ca\/wp-json\/wp\/v2\/types\/page"}],"author":[{"embeddable":true,"href":"https:\/\/frangoal.com\/ca\/wp-json\/wp\/v2\/users\/1"}],"replies":[{"embeddable":true,"href":"https:\/\/frangoal.com\/ca\/wp-json\/wp\/v2\/comments?post=142"}],"version-history":[{"count":0,"href":"https:\/\/frangoal.com\/ca\/wp-json\/wp\/v2\/pages\/142\/revisions"}],"up":[{"embeddable":true,"href":"https:\/\/frangoal.com\/ca\/wp-json\/wp\/v2\/pages\/122"}],"wp:attachment":[{"href":"https:\/\/frangoal.com\/ca\/wp-json\/wp\/v2\/media?parent=142"}],"curies":[{"name":"wp","href":"https:\/\/api.w.org\/{rel}","templated":true}]}}