{"id":136,"date":"2019-02-14T12:57:43","date_gmt":"2019-02-14T11:57:43","guid":{"rendered":"http:\/\/www.frangoal.com\/?page_id=136"},"modified":"2025-01-15T10:05:09","modified_gmt":"2025-01-15T08:05:09","slug":"escola-de-basquet","status":"publish","type":"page","link":"https:\/\/frangoal.com\/ca\/actividades-paraescolares\/escola-de-basquet","title":{"rendered":"Escola de b\u00e0squet"},"content":{"rendered":"<p>&nbsp;<\/p>\n<table width=\"100%\">\n<tbody>\n<tr>\n<td width=\"155\"><strong>Durada <\/strong><\/td>\n<td width=\"410\"><strong>1 h i 30 min<\/strong><\/td>\n<\/tr>\n<tr>\n<td width=\"155\"><strong>Espai de realitzaci\u00f3<\/strong><\/td>\n<td width=\"410\">&nbsp;<\/p>\n<p>Pati de l\u2019escola<\/p>\n<p>&nbsp;<\/td>\n<\/tr>\n<tr>\n<td width=\"155\"><strong>Curs<\/strong><\/td>\n<td width=\"410\">&nbsp;<\/p>\n<p>Educaci\u00f3 infantil, prim\u00e0ria o secund\u00e0ria.<\/p>\n<p>&nbsp;<\/td>\n<\/tr>\n<tr>\n<td width=\"155\"><strong>R\u00e0tio de monitors<\/strong><\/td>\n<td width=\"410\">&nbsp;<\/p>\n<p>En relaci\u00f3 amb el nombre nens\/nenes<\/p>\n<p>&nbsp;<\/td>\n<\/tr>\n<tr>\n<td width=\"155\"><strong>Descripci\u00f3<\/strong><\/td>\n<td width=\"410\">El b\u00e0squet \u00e9s un esport d\u2019equip mitjan\u00e7ant els quals es pret\u00e9n crear i expandir valors com:<\/p>\n<p>\u25cf Sentiment de pertinen\u00e7a.<\/p>\n<p>\u25cf\u00a0Respecte pels altres<\/p>\n<p>\u25cf Treball en equip.<\/p>\n<p>\u25cf Col\u00b7laboraci\u00f3 m\u00fatua per aconseguir un objectiu com\u00fa.<\/p>\n<p>\u25cf Vincles d\u2019amistat i companyonia..<\/td>\n<\/tr>\n<tr>\n<td width=\"155\"><strong>Objectius Generals<\/strong><\/td>\n<td width=\"410\">&nbsp;<\/p>\n<p>\u25cf\u00a0Treballar la cohesi\u00f3 grupal.<\/p>\n<p>\u25cf\u00a0Jugar en equip.<\/p>\n<p>\u25cf Potenciar valors, actituds, etc<\/p>\n<p>\u25cf\u00a0Promoure el desenvolupament\u00a0 i autonomia personal de l\u2019infant<\/p>\n<p>&nbsp;<\/td>\n<\/tr>\n<tr>\n<td width=\"155\"><strong>Objectius Espec\u00edfics<\/strong><\/td>\n<td width=\"410\">\u25cf Domini del bot amb ambdues mans.<\/p>\n<p>\u25cf\u00a0Treball de t\u00e8cnica individual i driblatge.<\/p>\n<p>\u25cf\u00a0Mec\u00e0nica de llan\u00e7ament.<\/p>\n<p>\u25cf\u00a0Diferents finalitzacions a cistella.<\/td>\n<\/tr>\n<\/tbody>\n<\/table>\n","protected":false},"excerpt":{"rendered":"<p>&nbsp; Durada 1 h i 30 min Espai de realitzaci\u00f3 &nbsp; Pati de l\u2019escola &nbsp; Curs &nbsp; Educaci\u00f3 infantil, prim\u00e0ria o secund\u00e0ria. &nbsp; R\u00e0tio de monitors &nbsp; En relaci\u00f3 amb el nombre nens\/nenes &nbsp; Descripci\u00f3 El b\u00e0squet \u00e9s un esport d\u2019equip mitjan\u00e7ant els quals es pret\u00e9n crear i expandir valors com: \u25cf Sentiment de pertinen\u00e7a. [&hellip;]<\/p>\n","protected":false},"author":1,"featured_media":0,"parent":122,"menu_order":0,"comment_status":"closed","ping_status":"closed","template":"","meta":{"footnotes":""},"class_list":["post-136","page","type-page","status-publish","hentry"],"jetpack_sharing_enabled":true,"_links":{"self":[{"href":"https:\/\/frangoal.com\/ca\/wp-json\/wp\/v2\/pages\/136","targetHints":{"allow":["GET"]}}],"collection":[{"href":"https:\/\/frangoal.com\/ca\/wp-json\/wp\/v2\/pages"}],"about":[{"href":"https:\/\/frangoal.com\/ca\/wp-json\/wp\/v2\/types\/page"}],"author":[{"embeddable":true,"href":"https:\/\/frangoal.com\/ca\/wp-json\/wp\/v2\/users\/1"}],"replies":[{"embeddable":true,"href":"https:\/\/frangoal.com\/ca\/wp-json\/wp\/v2\/comments?post=136"}],"version-history":[{"count":0,"href":"https:\/\/frangoal.com\/ca\/wp-json\/wp\/v2\/pages\/136\/revisions"}],"up":[{"embeddable":true,"href":"https:\/\/frangoal.com\/ca\/wp-json\/wp\/v2\/pages\/122"}],"wp:attachment":[{"href":"https:\/\/frangoal.com\/ca\/wp-json\/wp\/v2\/media?parent=136"}],"curies":[{"name":"wp","href":"https:\/\/api.w.org\/{rel}","templated":true}]}}