{"id":134,"date":"2019-02-14T12:57:16","date_gmt":"2019-02-14T11:57:16","guid":{"rendered":"http:\/\/www.frangoal.com\/?page_id=134"},"modified":"2025-01-15T10:06:06","modified_gmt":"2025-01-15T08:06:06","slug":"hip-hop","status":"publish","type":"page","link":"https:\/\/frangoal.com\/ca\/actividades-paraescolares\/hip-hop","title":{"rendered":"Hip Hop"},"content":{"rendered":"<div class=\"wpb-content-wrapper\"><p>&nbsp;<\/p>\n<table width=\"100%\">\n<tbody>\n<tr>\n<td width=\"156\"><strong>Durada <\/strong><\/td>\n<td width=\"410\"><strong>1h 30min\u00a0<\/strong><\/td>\n<\/tr>\n<tr>\n<td width=\"156\"><strong>Espai de realitzaci\u00f3<\/strong><\/td>\n<td width=\"410\">&nbsp;<\/p>\n<p>Gimn\u00e0s o aula molt espaiosa<\/p>\n<p>&nbsp;<\/td>\n<\/tr>\n<tr>\n<td width=\"156\"><strong>Curs<\/strong><\/td>\n<td width=\"410\">Educaci\u00f3 Prim\u00e0ria<\/td>\n<\/tr>\n<tr>\n<td width=\"156\"><strong>R\u00e0tio de monitors<\/strong><\/td>\n<td width=\"410\">&nbsp;<\/p>\n<p>En relaci\u00f3 amb el nombre nens<\/p>\n<p>&nbsp;<\/td>\n<\/tr>\n<tr>\n<td width=\"156\"><strong>Descripci\u00f3<\/strong><\/td>\n<td width=\"410\">Es tracta que els nens puguin aprendre les passes b\u00e0siques i que s&#8217;inici\u00efn en la motricitat espec\u00edfica del Hip-Hop,\u00a0 com tamb\u00e9 permetre que &#8220;entrin&#8221; dins l&#8217;energia del Hip-Hop i trobin el seu propi estil.<\/p>\n<p>Tot aix\u00f2 a trav\u00e9s d&#8217;exercicis de motricitat i estiraments, amb can\u00e7ons que resultin atractives per a ells.<\/p>\n<p>Es potencia molt el treball en equip, la const\u00e0ncia, l\u2019esfor\u00e7, els sentiments i les emocions.<\/td>\n<\/tr>\n<tr>\n<td width=\"156\"><strong>Objectius Generals<\/strong><\/td>\n<td width=\"410\">&nbsp;<\/p>\n<p>\u00b7\u00a0\u00a0\u00a0\u00a0\u00a0\u00a0\u00a0 Treballar la cohesi\u00f3 grupal<\/p>\n<p>\u00b7\u00a0\u00a0\u00a0\u00a0\u00a0\u00a0\u00a0 Estimular el nen a partir de la m\u00fasica i l\u2019expressi\u00f3 corporal<\/p>\n<p>\u00b7\u00a0\u00a0\u00a0\u00a0\u00a0\u00a0\u00a0 Potenciar valors, actituds, etc<\/p>\n<p>&nbsp;<\/td>\n<\/tr>\n<tr>\n<td width=\"156\"><strong>Objectius Espec\u00edfics<\/strong><\/td>\n<td width=\"410\">\u00b7\u00a0\u00a0\u00a0\u00a0\u00a0\u00a0\u00a0 Aprendre les passes b\u00e0siques i que s\u2019enfonsin en la pr\u00e0ctica espec\u00edfica del Hip-Hop.<\/p>\n<p>\u00b7\u00a0\u00a0\u00a0\u00a0\u00a0\u00a0\u00a0 Permetre que els nens &#8220;entrin&#8221; dins l&#8217;energia del Hip-Hop i trobin el seu propi estil.<\/p>\n<p>\u00b7\u00a0\u00a0\u00a0\u00a0\u00a0\u00a0\u00a0 Treballar\u00a0 exercicis de motricitat i estiraments.<\/p>\n<p>\u00b7\u00a0\u00a0\u00a0\u00a0\u00a0\u00a0\u00a0 Millorar la coordinaci\u00f3 i la motricitat.<\/p>\n<p>\u00b7\u00a0\u00a0\u00a0\u00a0\u00a0\u00a0\u00a0 Potenciar la cohesi\u00f3 grupal.<\/p>\n<p>\u00b7\u00a0 \u00a0 \u00a0 \u00a0 Aconseguir flexibilitat, coordinaci\u00f3, musicalitat i control de l&#8217;espai.<\/p>\n<p>\u00b7\u00a0 \u00a0 \u00a0 \u00a0 Escoltar diferentes estils musicals.<\/p>\n<p>\u00b7\u00a0 \u00a0 \u00a0 \u00a0 Aprendre moviments i despla\u00e7aments del hip hop.<\/p>\n<p>\u00b7\u00a0 \u00a0 \u00a0 \u00a0 Saber expressar-se corporalment.<\/p>\n<p>\u00b7\u00a0\u00a0\u00a0\u00a0\u00a0\u00a0\u00a0 Treballar en grup.<\/p>\n<p>\u00b7\u00a0 \u00a0 \u00a0 \u00a0 Expressar\u00a0 i recon\u00e8ixer sentiments.<\/td>\n<\/tr>\n<\/tbody>\n<\/table>\n<p>[\/vc_column_text][\/vc_column][\/vc_row][vc_row][vc_column width=&#8221;1\/2&#8243;][vc_single_image image=&#8221;1723&#8243; img_size=&#8221;medium&#8221;][\/vc_column][vc_column width=&#8221;1\/2&#8243;][vc_column_text]Activitat subvencionada per l&#8217;Ajuntament de Castelldefels[\/vc_column_text][\/vc_column][\/vc_row]<\/p>\n<\/div>","protected":false},"excerpt":{"rendered":"<p>&nbsp; Durada 1h 30min\u00a0 Espai de realitzaci\u00f3 &nbsp; Gimn\u00e0s o aula molt espaiosa &nbsp; Curs Educaci\u00f3 Prim\u00e0ria R\u00e0tio de monitors &nbsp; En relaci\u00f3 amb el nombre nens &nbsp; Descripci\u00f3 Es tracta que els nens puguin aprendre les passes b\u00e0siques i que s&#8217;inici\u00efn en la motricitat espec\u00edfica del Hip-Hop,\u00a0 com tamb\u00e9 permetre que &#8220;entrin&#8221; dins l&#8217;energia [&hellip;]<\/p>\n","protected":false},"author":1,"featured_media":0,"parent":122,"menu_order":0,"comment_status":"closed","ping_status":"closed","template":"","meta":{"footnotes":""},"class_list":["post-134","page","type-page","status-publish","hentry"],"jetpack_sharing_enabled":true,"_links":{"self":[{"href":"https:\/\/frangoal.com\/ca\/wp-json\/wp\/v2\/pages\/134","targetHints":{"allow":["GET"]}}],"collection":[{"href":"https:\/\/frangoal.com\/ca\/wp-json\/wp\/v2\/pages"}],"about":[{"href":"https:\/\/frangoal.com\/ca\/wp-json\/wp\/v2\/types\/page"}],"author":[{"embeddable":true,"href":"https:\/\/frangoal.com\/ca\/wp-json\/wp\/v2\/users\/1"}],"replies":[{"embeddable":true,"href":"https:\/\/frangoal.com\/ca\/wp-json\/wp\/v2\/comments?post=134"}],"version-history":[{"count":0,"href":"https:\/\/frangoal.com\/ca\/wp-json\/wp\/v2\/pages\/134\/revisions"}],"up":[{"embeddable":true,"href":"https:\/\/frangoal.com\/ca\/wp-json\/wp\/v2\/pages\/122"}],"wp:attachment":[{"href":"https:\/\/frangoal.com\/ca\/wp-json\/wp\/v2\/media?parent=134"}],"curies":[{"name":"wp","href":"https:\/\/api.w.org\/{rel}","templated":true}]}}