{"id":130,"date":"2019-02-14T12:56:22","date_gmt":"2019-02-14T11:56:22","guid":{"rendered":"http:\/\/www.frangoal.com\/?page_id=130"},"modified":"2025-01-15T10:07:22","modified_gmt":"2025-01-15T08:07:22","slug":"patinatge","status":"publish","type":"page","link":"https:\/\/frangoal.com\/ca\/actividades-paraescolares\/patinatge","title":{"rendered":"Patinatge"},"content":{"rendered":"<p>&nbsp;<\/p>\n<table width=\"100%\">\n<tbody>\n<tr>\n<td width=\"160\"><\/td>\n<td width=\"405\"><\/td>\n<\/tr>\n<tr>\n<td width=\"160\"><strong>Durada <\/strong><\/td>\n<td width=\"405\">1h 30 min d\u2019activitat.<\/td>\n<\/tr>\n<tr>\n<td width=\"160\"><strong>Espai de realitzaci\u00f3<\/strong><\/td>\n<td width=\"405\">&nbsp;<\/p>\n<p>Pati de l\u2019escola.<\/p>\n<p>&nbsp;<\/td>\n<\/tr>\n<tr>\n<td width=\"160\"><strong>Curs<\/strong><\/td>\n<td width=\"405\">Educaci\u00f3 infantil i prim\u00e0ria.<\/td>\n<\/tr>\n<tr>\n<td width=\"160\"><strong>R\u00e0tio de monitors<\/strong><\/td>\n<td width=\"405\">&nbsp;<\/p>\n<p>En relaci\u00f3 amb el nombre nens\/nenes.<\/p>\n<p>&nbsp;<\/td>\n<\/tr>\n<tr>\n<td width=\"160\"><strong>Descripci\u00f3<\/strong><\/td>\n<td width=\"405\">En aquesta activitat el primer que fem s\u00f3n exercicis b\u00e0sics per treure la por dels patins, agafar seguretat en nosaltres mateixos i agafar equilibri per dominar els patins. Es treballen exercicis com a girs, salts, posici\u00f3 base, baixades, tipus de frenades, derrapatges, etc&#8230; Una vegada adquirim nivell, comencem amb la iniciaci\u00f3 al Roller freestyle.<\/p>\n<p>Per una banda ensenyem els m\u00fasculs b\u00e0sics que m\u00e9s utilitzem i ensenyem a cuidar-los a for\u00e7a d&#8217;escalfaments i estiraments per evitar lesions en el futur. Per altra banda, el patinatge \u00e9s molt complicat d&#8217;aprendre quan som molt petits, has de repetir moltes vegades els exercicis i aix\u00f2 arriba a cansar i a desmotivar. Per aix\u00f2, aquesta activitat ajuda a aprendre d&#8217;una forma m\u00e9s divertida a trav\u00e9s de circuits i jocs grupals, que ajuden a adquirir t\u00e8cnica a l&#8217;hora de moure\u2019s amb els patins i fomentem la socialitzaci\u00f3 dels alumnes.<\/td>\n<\/tr>\n<tr>\n<td width=\"160\"><strong>Objectius Generals<\/strong><\/td>\n<td width=\"405\">&nbsp;<\/p>\n<p>\u25cf\u00a0 \u00a0 \u00a0 Millorar i potenciar l\u2019esport de forma individual i del grup.<\/p>\n<p>\u25cf\u00a0 \u00a0 \u00a0 Treballar la cohesi\u00f3 grupal.<\/p>\n<p>\u25cf\u00a0 \u00a0 \u00a0 Estimular el nen o nena per al seu desenvolupament f\u00edsic i mental.<\/p>\n<p>&nbsp;<\/td>\n<\/tr>\n<tr>\n<td width=\"160\"><strong>Objectius Espec\u00edfics<\/strong><\/td>\n<td width=\"405\">\u25cf\u00a0 \u00a0 \u00a0 Aprendre t\u00e8cnicament a patinar.<\/p>\n<p>\u25cf\u00a0 \u00a0 \u00a0 Aprendre t\u00e8cniques dins del patinatge, com salts, girs etc.<\/p>\n<p>\u25cf\u00a0 \u00a0 \u00a0 Treballar equilibri, coordinaci\u00f3, etc.<\/p>\n<p>\u25cf\u00a0 \u00a0 \u00a0 Incorporar jocs i complements al patinatge com els estics de hoquei (2n cicle).<\/p>\n<p>\u25cf\u00a0 \u00a0 \u00a0 Roller freestyle.<\/p>\n<p>\u25cf\u00a0 \u00a0 \u00a0 Patinatge combinat amb jocs.<\/td>\n<\/tr>\n<\/tbody>\n<\/table>\n","protected":false},"excerpt":{"rendered":"<p>&nbsp; Durada 1h 30 min d\u2019activitat. Espai de realitzaci\u00f3 &nbsp; Pati de l\u2019escola. &nbsp; Curs Educaci\u00f3 infantil i prim\u00e0ria. R\u00e0tio de monitors &nbsp; En relaci\u00f3 amb el nombre nens\/nenes. &nbsp; Descripci\u00f3 En aquesta activitat el primer que fem s\u00f3n exercicis b\u00e0sics per treure la por dels patins, agafar seguretat en nosaltres mateixos i agafar equilibri [&hellip;]<\/p>\n","protected":false},"author":1,"featured_media":0,"parent":122,"menu_order":0,"comment_status":"closed","ping_status":"closed","template":"","meta":{"footnotes":""},"class_list":["post-130","page","type-page","status-publish","hentry"],"jetpack_sharing_enabled":true,"_links":{"self":[{"href":"https:\/\/frangoal.com\/ca\/wp-json\/wp\/v2\/pages\/130","targetHints":{"allow":["GET"]}}],"collection":[{"href":"https:\/\/frangoal.com\/ca\/wp-json\/wp\/v2\/pages"}],"about":[{"href":"https:\/\/frangoal.com\/ca\/wp-json\/wp\/v2\/types\/page"}],"author":[{"embeddable":true,"href":"https:\/\/frangoal.com\/ca\/wp-json\/wp\/v2\/users\/1"}],"replies":[{"embeddable":true,"href":"https:\/\/frangoal.com\/ca\/wp-json\/wp\/v2\/comments?post=130"}],"version-history":[{"count":0,"href":"https:\/\/frangoal.com\/ca\/wp-json\/wp\/v2\/pages\/130\/revisions"}],"up":[{"embeddable":true,"href":"https:\/\/frangoal.com\/ca\/wp-json\/wp\/v2\/pages\/122"}],"wp:attachment":[{"href":"https:\/\/frangoal.com\/ca\/wp-json\/wp\/v2\/media?parent=130"}],"curies":[{"name":"wp","href":"https:\/\/api.w.org\/{rel}","templated":true}]}}