{"id":128,"date":"2019-02-14T12:56:10","date_gmt":"2019-02-14T11:56:10","guid":{"rendered":"http:\/\/www.frangoal.com\/?page_id=128"},"modified":"2025-01-15T10:06:45","modified_gmt":"2025-01-15T08:06:45","slug":"iniciacio-al-teatre","status":"publish","type":"page","link":"https:\/\/frangoal.com\/ca\/actividades-paraescolares\/iniciacio-al-teatre","title":{"rendered":"Iniciaci\u00f3 al teatre"},"content":{"rendered":"<p>&nbsp;<\/p>\n<table style=\"width: 100%;\" width=\"100%\">\n<tbody>\n<tr>\n<td style=\"width: 27.5562%;\" width=\"155\"><strong>Durada <\/strong><\/td>\n<td style=\"width: 71.8637%;\" width=\"410\"><span style=\"color: #000000;\"><strong>1 hora i 30 minuts<\/strong><\/span><\/td>\n<\/tr>\n<tr>\n<td style=\"width: 27.5562%;\" width=\"155\"><strong>Espai de realitzaci\u00f3<\/strong><\/td>\n<td style=\"width: 71.8637%;\" width=\"410\">&nbsp;<\/p>\n<p><span style=\"color: #000000;\">Gimn\u00e0s o aula d\u2019infantil<\/span><\/p>\n<p>&nbsp;<\/td>\n<\/tr>\n<tr>\n<td style=\"width: 27.5562%;\" width=\"155\"><strong>Curs<\/strong><\/td>\n<td style=\"width: 71.8637%;\" width=\"410\"><span style=\"color: #000000;\">Educaci\u00f3 Infantil i Prim\u00e0ria<\/span><\/td>\n<\/tr>\n<tr>\n<td style=\"width: 27.5562%;\" width=\"155\"><strong>R\u00e0tio de monitors<\/strong><\/td>\n<td style=\"width: 71.8637%;\" width=\"410\">&nbsp;<\/p>\n<p><span style=\"color: #000000;\">En relaci\u00f3 amb el nombre de nens<\/span><\/p>\n<p>&nbsp;<\/td>\n<\/tr>\n<tr>\n<td style=\"width: 27.5562%;\" width=\"155\"><strong>Descripci\u00f3<\/strong><\/td>\n<td style=\"width: 71.8637%;\" width=\"410\"><span style=\"color: #000000;\">Projecte de teatre pensat i plantejat \u00a0per a nens de cicle Infantil i Prim\u00e0ria. L\u2019objectiu es que els nens coneguin les diferents emocions (r\u00e0bia, tristesa, alegria, amor\u2026), apropar-los a situacions de la vida, aconseguir que creixin en valors i desenvolupin capacitats art\u00edstiques, motores, ling\u00fc\u00edstiques entre d&#8217;altres.<\/span><\/p>\n<p><span style=\"color: #000000;\">La interpretaci\u00f3 fa que els nens augmentin l\u2019autoestima, aprenguin a respectar, convisquin en grup, coneguin i controlin les seves emocions, descobreixin la const\u00e0ncia en el treball de grup i es moguin entre el p\u00fablic.<\/span><\/p>\n<p><span style=\"color: #000000;\"><strong>\u00a0<\/strong>El teatre es ficar-se en la pell de l\u2019altre, posar-se en situaci\u00f3, inventar-se una vida i descobrir nous gestos \u201c Gianni Rodari\u201d.<\/span><\/p>\n<p><span style=\"color: #000000;\">Amb l\u2019expressi\u00f3 art\u00edstica, els nens poden viure experi\u00e8ncies mitjan\u00e7ant altres personatges que ells caracteritzaran. Amb aix\u00f2, s\u2019aconsegueix la seva sensibilitzaci\u00f3,\u00a0 enfortint en ells els valors que afavoreixen una bona conviv\u00e8ncia.<\/span><\/td>\n<\/tr>\n<tr>\n<td style=\"width: 27.5562%;\" width=\"155\"><strong>Objectius Generals<\/strong><\/td>\n<td style=\"width: 71.8637%;\" width=\"410\">&nbsp;<\/p>\n<p><span style=\"color: #000000;\">\u25cf\u00a0 \u00a0 \u00a0 Desenvolupar el llenguatge<\/span><\/p>\n<p><span style=\"color: #000000;\">\u25cf\u00a0 \u00a0 \u00a0 \u00a0Con\u00e8ixer el cos i moviment<\/span><\/p>\n<p><span style=\"color: #000000;\">\u25cf\u00a0 \u00a0 \u00a0 \u00a0Recon\u00e8ixer diferents aspectes del teatre<\/span><\/p>\n<p><span style=\"color: #000000;\">\u25cf\u00a0 \u00a0 \u00a0 \u00a0Distingir les emocions<\/span><\/p>\n<p>&nbsp;<\/td>\n<\/tr>\n<tr>\n<td style=\"width: 27.5562%;\" width=\"155\"><strong>Objectius Espec\u00edfics<\/strong><\/td>\n<td style=\"width: 71.8637%;\" width=\"410\"><span style=\"color: #000000;\">\u25cf\u00a0 \u00a0 \u00a0 \u00a0 Desenvolupar l\u2019expressi\u00f3 corporal per con\u00e8ixer el seu cos i les seves possibilitats com a instrument per al seu desenvolupament personal.<\/span><\/p>\n<p><span style=\"color: #000000;\">\u25cf\u00a0 \u00a0 \u00a0 \u00a0Afavorir la comunicaci\u00f3 per millorar\u00a0 el desenvolupament de la parla.<\/span><\/p>\n<p><span style=\"color: #000000;\">\u25cf\u00a0 \u00a0 \u00a0 \u00a0Agafar seguretat i confian\u00e7a en els seus moviments.<\/span><\/p>\n<p><span style=\"color: #000000;\">\u25cf\u00a0 \u00a0 \u00a0 \u00a0Treballar en equip.<\/span><\/p>\n<p><span style=\"color: #000000;\">\u25cf\u00a0 \u00a0 \u00a0 \u00a0Respectar i adquirir valors.<\/span><\/p>\n<p><span style=\"color: #000000;\">\u25cf\u00a0 \u00a0 \u00a0 \u00a0Diferenciar les diferents emocions.<\/span><\/p>\n<p>&nbsp;<\/td>\n<\/tr>\n<\/tbody>\n<\/table>\n<p>&nbsp;<\/p>\n","protected":false},"excerpt":{"rendered":"<p>&nbsp; Durada 1 hora i 30 minuts Espai de realitzaci\u00f3 &nbsp; Gimn\u00e0s o aula d\u2019infantil &nbsp; Curs Educaci\u00f3 Infantil i Prim\u00e0ria R\u00e0tio de monitors &nbsp; En relaci\u00f3 amb el nombre de nens &nbsp; Descripci\u00f3 Projecte de teatre pensat i plantejat \u00a0per a nens de cicle Infantil i Prim\u00e0ria. L\u2019objectiu es que els nens coneguin les [&hellip;]<\/p>\n","protected":false},"author":1,"featured_media":0,"parent":122,"menu_order":0,"comment_status":"closed","ping_status":"closed","template":"","meta":{"footnotes":""},"class_list":["post-128","page","type-page","status-publish","hentry"],"jetpack_sharing_enabled":true,"_links":{"self":[{"href":"https:\/\/frangoal.com\/ca\/wp-json\/wp\/v2\/pages\/128","targetHints":{"allow":["GET"]}}],"collection":[{"href":"https:\/\/frangoal.com\/ca\/wp-json\/wp\/v2\/pages"}],"about":[{"href":"https:\/\/frangoal.com\/ca\/wp-json\/wp\/v2\/types\/page"}],"author":[{"embeddable":true,"href":"https:\/\/frangoal.com\/ca\/wp-json\/wp\/v2\/users\/1"}],"replies":[{"embeddable":true,"href":"https:\/\/frangoal.com\/ca\/wp-json\/wp\/v2\/comments?post=128"}],"version-history":[{"count":0,"href":"https:\/\/frangoal.com\/ca\/wp-json\/wp\/v2\/pages\/128\/revisions"}],"up":[{"embeddable":true,"href":"https:\/\/frangoal.com\/ca\/wp-json\/wp\/v2\/pages\/122"}],"wp:attachment":[{"href":"https:\/\/frangoal.com\/ca\/wp-json\/wp\/v2\/media?parent=128"}],"curies":[{"name":"wp","href":"https:\/\/api.w.org\/{rel}","templated":true}]}}