{"id":126,"date":"2019-02-14T12:55:50","date_gmt":"2019-02-14T11:55:50","guid":{"rendered":"http:\/\/www.frangoal.com\/?page_id=126"},"modified":"2025-01-15T10:06:51","modified_gmt":"2025-01-15T08:06:51","slug":"jocs-infantils","status":"publish","type":"page","link":"https:\/\/frangoal.com\/ca\/actividades-paraescolares\/jocs-infantils","title":{"rendered":"Jocs infantils"},"content":{"rendered":"<p>&nbsp;<\/p>\n<table style=\"width: 100%;\" width=\"100%\">\n<tbody>\n<tr>\n<td style=\"width: 27.5377%;\" width=\"155\"><strong>Durada <\/strong><\/td>\n<td style=\"width: 71.8593%;\" width=\"410\"><strong>1 hora i 30 minuts<\/strong><\/td>\n<\/tr>\n<tr>\n<td style=\"width: 27.5377%;\" width=\"155\"><strong>Espai de realitzaci\u00f3<\/strong><\/td>\n<td style=\"width: 71.8593%;\" width=\"410\">&nbsp;<\/p>\n<p>Gimn\u00e0s<\/p>\n<p>&nbsp;<\/td>\n<\/tr>\n<tr>\n<td style=\"width: 27.5377%;\" width=\"155\"><strong>Curs<\/strong><\/td>\n<td style=\"width: 71.8593%;\" width=\"410\">Educaci\u00f3 infantil i prim\u00e0ria.<\/td>\n<\/tr>\n<tr>\n<td style=\"width: 27.5377%;\" width=\"155\"><strong>R\u00e0tio de monitors<\/strong><\/td>\n<td style=\"width: 71.8593%;\" width=\"410\">&nbsp;<\/p>\n<p>En relaci\u00f3 amb el nombre nens\/nenes<\/p>\n<p>&nbsp;<\/td>\n<\/tr>\n<tr>\n<td style=\"width: 27.5377%;\" width=\"155\"><strong>Descripci\u00f3<\/strong><\/td>\n<td style=\"width: 71.8593%;\" width=\"410\">En aquesta activitat paraescolar, aprofitem\u00a0 amb els infants per gaudir d\u2019una estoneta d\u2019esbarjo i diversi\u00f3.<\/p>\n<p>Busquem que entre ells flueixin moments de comunicaci\u00f3 i relaci\u00f3 ja que el joc \u00e9s l\u2019espai ideal per a que tots es coneguin millor.<\/p>\n<p>El joc \u00e9s vital pel desenvolupament emocional, coneixement del cos, educaci\u00f3 en valors ja que treballen el joc el equip i el respecte al company.<\/p>\n<p>Es faran diferents activitats amb pilotes, cordes, construccions, pilotes gegants, etc&#8230;<\/td>\n<\/tr>\n<tr>\n<td style=\"width: 27.5377%;\" width=\"155\"><strong>Objectius Generals<\/strong><\/td>\n<td style=\"width: 71.8593%;\" width=\"410\">&nbsp;<\/p>\n<p>\u25cf\u00a0 \u00a0 \u00a0 Millorar la comunicaci\u00f3<\/p>\n<p>\u25cf\u00a0 \u00a0 \u00a0 Desenvolupar la consciencia corporal<\/p>\n<p>\u25cf\u00a0 \u00a0 \u00a0 Compartir amb els companys.<\/p>\n<p>\u25cf\u00a0 \u00a0 \u00a0 Millorar la comunicaci\u00f3 verbal<\/p>\n<p>&nbsp;<\/td>\n<\/tr>\n<tr>\n<td style=\"width: 27.5377%;\" width=\"155\"><strong>Objectius Espec\u00edfics<\/strong><\/td>\n<td style=\"width: 71.8593%;\" width=\"410\">\u25cf\u00a0 \u00a0 \u00a0 Compartir el material<\/p>\n<p>\u25cf\u00a0 \u00a0 \u00a0 Respectar les normes del joc.<\/p>\n<p>\u25cf\u00a0 \u00a0 \u00a0 Jugar en equip<\/p>\n<p>\u25cf\u00a0 \u00a0 \u00a0 Comunicar-se de forma fluida.<\/p>\n<p>\u25cf\u00a0 \u00a0 \u00a0 Gaudir del joc.<\/td>\n<\/tr>\n<\/tbody>\n<\/table>\n","protected":false},"excerpt":{"rendered":"<p>&nbsp; Durada 1 hora i 30 minuts Espai de realitzaci\u00f3 &nbsp; Gimn\u00e0s &nbsp; Curs Educaci\u00f3 infantil i prim\u00e0ria. R\u00e0tio de monitors &nbsp; En relaci\u00f3 amb el nombre nens\/nenes &nbsp; Descripci\u00f3 En aquesta activitat paraescolar, aprofitem\u00a0 amb els infants per gaudir d\u2019una estoneta d\u2019esbarjo i diversi\u00f3. Busquem que entre ells flueixin moments de comunicaci\u00f3 i relaci\u00f3 [&hellip;]<\/p>\n","protected":false},"author":1,"featured_media":0,"parent":122,"menu_order":0,"comment_status":"closed","ping_status":"closed","template":"","meta":{"footnotes":""},"class_list":["post-126","page","type-page","status-publish","hentry"],"jetpack_sharing_enabled":true,"_links":{"self":[{"href":"https:\/\/frangoal.com\/ca\/wp-json\/wp\/v2\/pages\/126","targetHints":{"allow":["GET"]}}],"collection":[{"href":"https:\/\/frangoal.com\/ca\/wp-json\/wp\/v2\/pages"}],"about":[{"href":"https:\/\/frangoal.com\/ca\/wp-json\/wp\/v2\/types\/page"}],"author":[{"embeddable":true,"href":"https:\/\/frangoal.com\/ca\/wp-json\/wp\/v2\/users\/1"}],"replies":[{"embeddable":true,"href":"https:\/\/frangoal.com\/ca\/wp-json\/wp\/v2\/comments?post=126"}],"version-history":[{"count":0,"href":"https:\/\/frangoal.com\/ca\/wp-json\/wp\/v2\/pages\/126\/revisions"}],"up":[{"embeddable":true,"href":"https:\/\/frangoal.com\/ca\/wp-json\/wp\/v2\/pages\/122"}],"wp:attachment":[{"href":"https:\/\/frangoal.com\/ca\/wp-json\/wp\/v2\/media?parent=126"}],"curies":[{"name":"wp","href":"https:\/\/api.w.org\/{rel}","templated":true}]}}