{"id":100,"date":"2019-02-14T12:48:07","date_gmt":"2019-02-14T11:48:07","guid":{"rendered":"http:\/\/www.frangoal.com\/?page_id=100"},"modified":"2023-01-25T09:13:24","modified_gmt":"2023-01-25T08:13:24","slug":"programa-i-projectes-secunadaria","status":"publish","type":"page","link":"https:\/\/frangoal.com\/ca\/programa-i-projectes-secunadaria","title":{"rendered":"Projectes"},"content":{"rendered":"<div class=\"wpb-content-wrapper\"><p>[vc_row][vc_column][vc_column_text]<span style=\"color: #008080;\"><strong>Reciclatge: <\/strong><\/span>els alumnes de Secund\u00e0ria coordinen tots els projectes que, com a Escola Verda, tenim en marxa. Considerem que reciclar no \u00e9s una rutina, \u00e9s una necessitat preventiva per a la salut del planeta. L&#8217;esperit verd est\u00e0 dins de nosaltres en cadascuna de les activitats que realitzem, forma part de la nostra identitat, la cultura ecol\u00f2gica.Els projectes de reciclatge solidari que realitzem s\u00f3n:<\/p>\n<p><span style=\"color: #008080;\"><strong>Claki<\/strong>:<\/span> reciclem l&#8217;oli ja usat de les cases. Evitem la contaminaci\u00f3 de les aig\u00fces residuals i afavorim una nova utilitzaci\u00f3 d&#8217;aquest oli amb fins Industrials, els beneficis tenen un car\u00e0cter social.<\/p>\n<p><span style=\"color: #008080;\"><strong>ASDENT<\/strong>:<\/span> recollim tot tipus de taps d&#8217;envasos de pl\u00e0stic en col\u00b7laboraci\u00f3 amb l&#8217;ONG ASDENT per aconseguir fons que ajudin a la investigaci\u00f3 de la malaltia de Dent. Els taps tornaran a ser reutilitzats com a pl\u00e0stic i generen fons per a aquesta organitzaci\u00f3. Ecologia i solidaritat unides.<\/p>\n<p><span style=\"color: #008080;\"><strong>Nespresso<\/strong>:<\/span> d\u00f3na vida de nou a les teves c\u00e0psules. Som centre de recollida de c\u00e0psules d&#8217;alumini. Totes van a un centre on se separa l\u2019alumini que es recicla i el p\u00f2sit del caf\u00e8 s&#8217;utilitza com a compost en camps d&#8217;arr\u00f2s del Delta de l&#8217;Ebre. L&#8217;arr\u00f2s collit passar\u00e0 directament als bancs d&#8217;aliments. Novament un projecte transversal i solidari.<\/p>\n<p><span style=\"color: #008080;\"><strong>Gaudim de la lectura: <\/strong><\/span>de dilluns a divendres, despr\u00e9s de l&#8217;esbarjo, vam obrir un espai per gaudir de la lectura, d&#8217;aquella lectura que de forma individual agrada a cadasc\u00fa, c\u00f2mics, novel\u00b7les, aventura, poesia, tot s\u2019hi val, si la lectura t&#8217;aporta el plaer de llegir. S\u00f3n 30 minuts de silenci lector, que ens permet evadir-nos mitjan\u00e7ant el m\u00f3n meravell\u00f3s que ens aporta el planeta m\u00e0gic de les lletres. Llegir \u00e9s un plaer i, per aix\u00f2, li donem el seu espai.<\/p>\n<p><strong>\u00a0<\/strong><span style=\"color: #008080;\"><strong>In English please!<\/strong><\/span><\/p>\n<p>Treballar per a la construcci\u00f3 de l\u2019equitat en l\u2019aprenentatge de la llengua anglesa possibilita que, a mida que es desenvolupen en contacte amb aquesta llengua, puguin interactuar en diferents contextos i escenaris per tal que la seva identitat i projecci\u00f3 sigui m\u00e9s \u00e0mplia.<\/p>\n<p>El contacte continuat amb la llengua anglesa, tant en les mat\u00e8ries curriculars com en activitats complement\u00e0ries a aquestes, normalitza un fet que tothom experimenta en la seva quotidianitat: la llengua anglesa est\u00e0 cada vegada m\u00e9s present en les nostres vides. La possibilitat de recon\u00e8ixer la diversitat global i la conflu\u00e8ncia dels interessos de comunicaci\u00f3 ens porta a posar en gran valor el coneixement, el di\u00e0leg i la interacci\u00f3 amb altres persones d\u2019altres pa\u00efsos i cultures, assumint que som\u00a0 ciutadans d\u2019un m\u00f3n en qu\u00e8 l\u2019angl\u00e8s s\u2019ha revelat\u00a0 llengua franca comuna pels intercanvis comercials, culturals i la integraci\u00f3 dels pobles a qualsevol din\u00e0mica globalitzada.[\/vc_column_text][\/vc_column][\/vc_row]<\/p>\n<\/div>","protected":false},"excerpt":{"rendered":"<p>[vc_row][vc_column][vc_column_text]Reciclatge: els alumnes de Secund\u00e0ria coordinen tots els projectes que, com a Escola Verda, tenim en marxa. Considerem que reciclar no \u00e9s una rutina, \u00e9s una necessitat preventiva per a la salut del planeta. L&#8217;esperit verd est\u00e0 dins de nosaltres en cadascuna de les activitats que realitzem, forma part de la nostra identitat, la cultura [&hellip;]<\/p>\n","protected":false},"author":1,"featured_media":0,"parent":0,"menu_order":0,"comment_status":"closed","ping_status":"closed","template":"","meta":{"footnotes":""},"class_list":["post-100","page","type-page","status-publish","hentry"],"jetpack_sharing_enabled":true,"_links":{"self":[{"href":"https:\/\/frangoal.com\/ca\/wp-json\/wp\/v2\/pages\/100","targetHints":{"allow":["GET"]}}],"collection":[{"href":"https:\/\/frangoal.com\/ca\/wp-json\/wp\/v2\/pages"}],"about":[{"href":"https:\/\/frangoal.com\/ca\/wp-json\/wp\/v2\/types\/page"}],"author":[{"embeddable":true,"href":"https:\/\/frangoal.com\/ca\/wp-json\/wp\/v2\/users\/1"}],"replies":[{"embeddable":true,"href":"https:\/\/frangoal.com\/ca\/wp-json\/wp\/v2\/comments?post=100"}],"version-history":[{"count":0,"href":"https:\/\/frangoal.com\/ca\/wp-json\/wp\/v2\/pages\/100\/revisions"}],"wp:attachment":[{"href":"https:\/\/frangoal.com\/ca\/wp-json\/wp\/v2\/media?parent=100"}],"curies":[{"name":"wp","href":"https:\/\/api.w.org\/{rel}","templated":true}]}}